{"id":990,"date":"2013-09-02T02:03:21","date_gmt":"2013-09-02T00:03:21","guid":{"rendered":"http:\/\/www.literaturtelefon-online.de\/?page_id=990"},"modified":"2017-12-05T01:39:50","modified_gmt":"2017-12-04T23:39:50","slug":"alban-nikolai-herbst","status":"publish","type":"page","link":"http:\/\/www.literaturtelefon-online.de\/?page_id=990","title":{"rendered":"Alban Nikolai Herbst"},"content":{"rendered":"<div style=\"text-align: justify;\">\n<p>Am Literaturtelefon unter 0431\/901-1156 und www.literaturtelefon-online.de liest Alban Nikolai Herbst aus seinem vor kurzem im Berliner Elfenbein Verlag erschienenen Roman \u201eArgo. Anderswelt\u201c.<\/p>\n<p><iframe loading=\"lazy\" title=\"Alban Nikolai Herbst: &quot;Argo  Anderswelt&quot;\" width=\"500\" height=\"375\" src=\"https:\/\/www.youtube.com\/embed\/CfmwpPRcSx0?feature=oembed\" frameborder=\"0\" allow=\"accelerometer; autoplay; clipboard-write; encrypted-media; gyroscope; picture-in-picture; web-share\" referrerpolicy=\"strict-origin-when-cross-origin\" allowfullscreen><\/iframe><\/p>\n<p>Der epische Roman ist der Abschluss der magisch-realistischen Trilogie \u201eAnderswelt\u201c, an der Herbst seit 17 Jahren arbeitet. 1998 erschien bei Rowohlt der erste Teil \u201eThetis\u201c, 2001 \u201eBuenos Aires\u201c im Berlin Verlag. Die \u201eAnderswelt\u201c-Trilogie, deren einzelne Teile vielf\u00e4ltig miteinander verwoben sind, bezeichnet der Verlagsprospekt als \u201eein stroboskopisch halluzinierendes Panoptikum aus postapokalyptischem Cyberpunkterror mit R\u00fcckkopplung an ein Amalgam aus griechisch-keltisch-aztekischem Mythenansatz und moderner Popkultur\u201c.<\/p>\n<p>Nachdem sich die von Herbsts traditionsreichem Protagonisten Hans Erich Deters collagierte Megametropole \u201eBuenos Aires\u201c von ihrem Sch\u00f6pfer abgenabelt hat, wird sie von einem furchtbaren Anschlag ersch\u00fcttert. Der Versuch, auf diese Attacke aus dem Osten zu reagieren und dem geheimnisvollen zweiten Odysseus auf die Spur zu kommen, das immer weiter voranschreitende Problem der zu Bewusstsein erwachenden programmierten Menschkopien sowie die gr\u00f6\u00dfenwahnsinnig-messianischen Pl\u00e4ne des Pr\u00e4sidenten der Anderswelt \u2013 all dies kreist in seiner faszinierenden Unfasslichkeit irgendwie doch noch immer um das Caf\u00e9 Silberstein in Berlin-Mitte. Immer noch sitzt Deters dort, in unserer Realit\u00e4t, und beginnt allm\u00e4hlich daran zu zweifeln, wer eigentlich wen erdacht hat. Eine zersplitterte Wirklichkeitserfahrung, die sich \u00fcber drei parallele Zeiten und Welten erstreckt, die alle f\u00fcr sich beanspruchen, die echte zu sein, l\u00e4sst einen fixen Realit\u00e4tsbegriff bald obsolet erscheinen.<\/p>\n<p><img loading=\"lazy\" decoding=\"async\" style=\"margin-left:40px;\" src=\"http:\/\/www.literaturtelefon-online.de\/wp-content\/uploads\/2013\/09\/anh_c_phyllis_kiehl.jpg\" alt=\"anh_c_phyllis_kiehl\" width=\"140\" height=\"172\" class=\"alignright size-full wp-image-993\" \/><\/p>\n<p>\u201eEine der F\u00fchrungsfiguren der \u00e4sthetischen Postmoderne\u201c nennt der Literaturwissenschaftler und Kritiker Wilhelm K\u00fchlmann den Schriftsteller Alban Nikolai Herbst, der mit zahlreichen Erz\u00e4hlb\u00e4nden, H\u00f6rspielen und Libretti zu den bedeutendsten deutschen Gegenwartsschriftstellern z\u00e4hlt und in seinem Weblog \u201eDie Dschungel. Anderswelt\u201c seit nunmehr zehn Jahren nahezu t\u00e4glichen Einblick in seinen Arbeitsprozess gibt.<\/p>\n<p>Am Literaturtelefon war Herbst zuletzt im Mai 2011 mit seinen <a href=\"http:\/\/www.literaturtelefon-online.de\/beitrag-herbst\/beitrag-herbst.php\">\u201eBamberger Elegien\u201c<\/a> zu h\u00f6ren.<\/p>\n<p>Autor: <a href=\"http:\/\/albannikolaiherbst.twoday.net\" target=\"_blank\">Die Dschungel. Anderswelt<\/a><br \/>\nVerlag: <a href=\"http:\/\/www.elfenbein-verlag.de\" target=\"_blank\">www.elfenbein-verlag.de<\/a><br \/>\nRomanauszug bei <a href=\"http:\/\/faustkultur.de\/1364-0-Alban-Nikolai-Herbst-ArgoAnderswelt.html#.UjYunODUUn-\" target=\"_blank\">Faustkultur<\/a><\/p>\n<p>Foto: Phyllis Kiehl<\/p>\n<p>literaturtelefon-online.de | Telefon: 0431\/901-1156\n<\/p><\/div>\n","protected":false},"excerpt":{"rendered":"<p>Am Literaturtelefon unter 0431\/901-1156 und www.literaturtelefon-online.de liest Alban Nikolai Herbst aus seinem vor kurzem im Berliner Elfenbein Verlag erschienenen Roman \u201eArgo. Anderswelt\u201c. Der epische Roman ist der Abschluss der magisch-realistischen Trilogie \u201eAnderswelt\u201c, an der Herbst seit 17 Jahren arbeitet. 1998 erschien bei Rowohlt der erste Teil \u201eThetis\u201c, 2001 \u201eBuenos Aires\u201c im Berlin Verlag. Die \u201eAnderswelt\u201c-Trilogie, [&hellip;]<\/p>\n","protected":false},"author":6,"featured_media":0,"parent":997,"menu_order":2,"comment_status":"open","ping_status":"open","template":"","meta":{"footnotes":""},"class_list":["post-990","page","type-page","status-publish","hentry"],"_links":{"self":[{"href":"http:\/\/www.literaturtelefon-online.de\/index.php?rest_route=\/wp\/v2\/pages\/990","targetHints":{"allow":["GET"]}}],"collection":[{"href":"http:\/\/www.literaturtelefon-online.de\/index.php?rest_route=\/wp\/v2\/pages"}],"about":[{"href":"http:\/\/www.literaturtelefon-online.de\/index.php?rest_route=\/wp\/v2\/types\/page"}],"author":[{"embeddable":true,"href":"http:\/\/www.literaturtelefon-online.de\/index.php?rest_route=\/wp\/v2\/users\/6"}],"replies":[{"embeddable":true,"href":"http:\/\/www.literaturtelefon-online.de\/index.php?rest_route=%2Fwp%2Fv2%2Fcomments&post=990"}],"version-history":[{"count":9,"href":"http:\/\/www.literaturtelefon-online.de\/index.php?rest_route=\/wp\/v2\/pages\/990\/revisions"}],"predecessor-version":[{"id":2654,"href":"http:\/\/www.literaturtelefon-online.de\/index.php?rest_route=\/wp\/v2\/pages\/990\/revisions\/2654"}],"up":[{"embeddable":true,"href":"http:\/\/www.literaturtelefon-online.de\/index.php?rest_route=\/wp\/v2\/pages\/997"}],"wp:attachment":[{"href":"http:\/\/www.literaturtelefon-online.de\/index.php?rest_route=%2Fwp%2Fv2%2Fmedia&parent=990"}],"curies":[{"name":"wp","href":"https:\/\/api.w.org\/{rel}","templated":true}]}}