{"id":963,"date":"2013-08-06T01:59:24","date_gmt":"2013-08-05T23:59:24","guid":{"rendered":"http:\/\/www.literaturtelefon-online.de\/?page_id=963"},"modified":"2017-09-30T01:41:10","modified_gmt":"2017-09-29T23:41:10","slug":"henning-schottke","status":"publish","type":"page","link":"http:\/\/www.literaturtelefon-online.de\/?page_id=963","title":{"rendered":"Henning Sch\u00f6ttke"},"content":{"rendered":"<div style=\"text-align: justify;\">\n<p>Am Literaturtelefon unter 0431\/901-1156 und www.literaturtelefon-online.de liest Henning Sch\u00f6ttke aus seinem Ende September 2013 bei Stories &#038; Friends erscheinenden Roman \u201eAcedias Traum\u201c.<\/p>\n<p><iframe loading=\"lazy\" title=\"Henning Scho\u0308ttke: &quot;Acedias Traum&quot;\" width=\"500\" height=\"375\" src=\"https:\/\/www.youtube.com\/embed\/Rhsi1gNiYMY?feature=oembed\" frameborder=\"0\" allow=\"accelerometer; autoplay; clipboard-write; encrypted-media; gyroscope; picture-in-picture; web-share\" referrerpolicy=\"strict-origin-when-cross-origin\" allowfullscreen><\/iframe><\/p>\n<p>Acedia ist eine erfolgreiche Journalistin. F\u00fcr ihre Traumposition, die einer Auslandskorrespondentin in New York, arbeitet sie hart. Doch Acedia merkt weder, wie ihre Familie leidet, noch schenkt sie eigenen Bed\u00fcrfnissen gen\u00fcgend Aufmerksamkeit. Sie ignoriert ihre physischen Grenzen, f\u00fcr Mu\u00dfe und Schlaf fehlt die Zeit. Die geliebte Freundin aus Schultagen schafft, was sie nicht schafft. Anfang September 2001 tritt Petra eine Stelle in einer New Yorker Anwaltskanzlei an. Es f\u00e4llt Acedia schwer, sich f\u00fcr Petra zu freuen. Ein B\u00fcro im World Trade Center &#8230; ihr Traum.<\/p>\n<p>\u201eAcedias Traum\u201c ist nach \u201eGulas Men\u00fc\u201c (<a href=\"http:\/\/www.literaturtelefon-online.de\/beitrag-schoettke\/beitrag-schoettke.php\">am Literaturtelefon im Oktober 2011<\/a>) der zweite Roman von Henning Sch\u00f6ttke. Erneut steht eine der sieben Tods\u00fcnden im Mittelpunkt. Acedia steht f\u00fcr die Tr\u00e4gheit des Herzens, f\u00fcr den Verlust von Empathie, die Nachl\u00e4ssigkeit und Sorglosigkeit gegen\u00fcber sich selbst und anderen. Der Schlaf wird zum Symbol f\u00fcr das Leben mit seinen H\u00f6hen und Tiefen. Welche Bedeutung der Schlaf hat, bemerkt man erst, wenn er sich nicht mehr einstellt. Seine verschiedenen Formen und Begleiterscheinungen ziehen sich wie eine Hintergrundmelodie durch das Buch.<\/p>\n<p><img loading=\"lazy\" decoding=\"async\" style=\"margin-left:40px;\" src=\"http:\/\/www.literaturtelefon-online.de\/wp-content\/uploads\/2013\/08\/henning_schoettke.jpg\" alt=\"henning_schoettke\" width=\"140\" height=\"209\" class=\"alignright size-full wp-image-965\" \/><\/p>\n<p>\u201eAcedias Traum\u201c ist ein leidenschaftliches Pl\u00e4doyer f\u00fcr eine Lebensweise, die den Augenblick wertsch\u00e4tzt. Es ist aber auch ein spannender und gef\u00fchlvoller Roman \u00fcber eine Frau, die erst lernen muss zu leben.<\/p>\n<p>Henning Sch\u00f6ttke, geboren 1952 in Hamburg, studierte zun\u00e4chst Mathematik und Musik auf Lehramt. Seit 1978 ist er freiberuflicher Comiczeichner, hat zahlreiche Comicserien ver\u00f6ffentlicht und \u00fcber hundert Schulb\u00fccher illustriert. Vor zehn Jahren fand er zum Schreiben. Er lebt in Kronshagen bei Kiel, ist verheiratet und hat zwei erwachsene Kinder.<\/p>\n<p>Henning Sch\u00f6ttke liest in Kiel aus \u201eAcedias Traum\u201c:<br \/>\n25.10.2013 &#8211; 19 Uhr &#8211; Literaturhaus<br \/>\n21.11.2013 &#8211; 19 Uhr &#8211; Buchhandlung Almut Schmid<br \/>\n04.12.2013 &#8211; 19 Uhr &#8211; B\u00fccherei Kronshagen<br \/>\n30.01.2014 &#8211; 20 Uhr &#8211; Buchhandlung Zapata<\/p>\n<p>Autor: <a href=\"http:\/\/www.henning-schoettke.de\" target=\"_blank\">www.henning-schoettke.de<\/a><\/p>\n<p>Verlag: <a href=\"http:\/\/www.stories-and-friends.com\/buecher_info.php?&#038;product_id=149\" target=\"_blank\">Stories &#038; Friends<\/a><\/p>\n<p>literaturtelefon-online.de | Telefon: 0431\/901-1156\n<\/p><\/div>\n","protected":false},"excerpt":{"rendered":"<p>Am Literaturtelefon unter 0431\/901-1156 und www.literaturtelefon-online.de liest Henning Sch\u00f6ttke aus seinem Ende September 2013 bei Stories &#038; Friends erscheinenden Roman \u201eAcedias Traum\u201c. Acedia ist eine erfolgreiche Journalistin. F\u00fcr ihre Traumposition, die einer Auslandskorrespondentin in New York, arbeitet sie hart. Doch Acedia merkt weder, wie ihre Familie leidet, noch schenkt sie eigenen Bed\u00fcrfnissen gen\u00fcgend Aufmerksamkeit. Sie [&hellip;]<\/p>\n","protected":false},"author":6,"featured_media":0,"parent":958,"menu_order":2,"comment_status":"open","ping_status":"open","template":"","meta":{"footnotes":""},"class_list":["post-963","page","type-page","status-publish","hentry"],"_links":{"self":[{"href":"http:\/\/www.literaturtelefon-online.de\/index.php?rest_route=\/wp\/v2\/pages\/963","targetHints":{"allow":["GET"]}}],"collection":[{"href":"http:\/\/www.literaturtelefon-online.de\/index.php?rest_route=\/wp\/v2\/pages"}],"about":[{"href":"http:\/\/www.literaturtelefon-online.de\/index.php?rest_route=\/wp\/v2\/types\/page"}],"author":[{"embeddable":true,"href":"http:\/\/www.literaturtelefon-online.de\/index.php?rest_route=\/wp\/v2\/users\/6"}],"replies":[{"embeddable":true,"href":"http:\/\/www.literaturtelefon-online.de\/index.php?rest_route=%2Fwp%2Fv2%2Fcomments&post=963"}],"version-history":[{"count":9,"href":"http:\/\/www.literaturtelefon-online.de\/index.php?rest_route=\/wp\/v2\/pages\/963\/revisions"}],"predecessor-version":[{"id":2512,"href":"http:\/\/www.literaturtelefon-online.de\/index.php?rest_route=\/wp\/v2\/pages\/963\/revisions\/2512"}],"up":[{"embeddable":true,"href":"http:\/\/www.literaturtelefon-online.de\/index.php?rest_route=\/wp\/v2\/pages\/958"}],"wp:attachment":[{"href":"http:\/\/www.literaturtelefon-online.de\/index.php?rest_route=%2Fwp%2Fv2%2Fmedia&parent=963"}],"curies":[{"name":"wp","href":"https:\/\/api.w.org\/{rel}","templated":true}]}}