{"id":905,"date":"2013-04-27T02:40:38","date_gmt":"2013-04-27T00:40:38","guid":{"rendered":"http:\/\/www.literaturtelefon-online.de\/?page_id=905"},"modified":"2017-12-05T01:37:57","modified_gmt":"2017-12-04T23:37:57","slug":"monika-zeiner","status":"publish","type":"page","link":"http:\/\/www.literaturtelefon-online.de\/?page_id=905","title":{"rendered":"Monika Zeiner"},"content":{"rendered":"<div style=\"text-align: justify;\">\n<p>Am Literaturtelefon unter 0431\/901-1156 und www.literaturtelefon-online.de liest Monika Zeiner aus ihrem 2013 im Blumenbar Verlag, Berlin, erschienenen Deb\u00fct-Roman \u201eDie Ordnung der Sterne \u00fcber Como\u201c. Die Aufnahme entstand im Rahmen der LeseLounge am 24.4.2013 im Literaturhaus S.-H.<\/p>\n<p><iframe loading=\"lazy\" title=\"Monika Zeiner  &quot;Die Ordnung der Sterne u\u0308ber Como&quot;\" width=\"500\" height=\"375\" src=\"https:\/\/www.youtube.com\/embed\/AIKV4kVym5E?feature=oembed\" frameborder=\"0\" allow=\"accelerometer; autoplay; clipboard-write; encrypted-media; gyroscope; picture-in-picture; web-share\" referrerpolicy=\"strict-origin-when-cross-origin\" allowfullscreen><\/iframe><\/p>\n<p>Der Roman handelt vom verpassten und verspielten Gl\u00fcck und von dem Ungl\u00fcck, im rechten Moment die falschen Worte gesagt zu haben. Er erz\u00e4hlt die Geschichte zweier M\u00e4nner und einer Frau, die ihre Freundschaft und ihre Liebe aufs Spiel setzen. Tom Holler, halbwegs erfolgreicher Pianist und frisch getrennt von seiner Frau, tourt mit seiner Berliner Band durch Italien.<\/p>\n<p><img loading=\"lazy\" decoding=\"async\" style=\"margin-left:40px;\" src=\"http:\/\/www.literaturtelefon-online.de\/wp-content\/uploads\/2013\/04\/monika_zeiner.jpg\" alt=\"monika zeiner\" width=\"140\" height=\"214\" class=\"alignright size-full wp-image-910\" \/><\/p>\n<p>In Neapel hofft er seine gro\u00dfe Liebe wiederzutreffen: Betty Morgenthal. Doch je n\u00e4her ihre Begegnung r\u00fcckt, desto tiefer taucht Tom in die Vergangenheit ein. Denn vor vielen Jahren verungl\u00fcckte Marc, sein bester Freund und Bettys Lebensgef\u00e4hrte. Er hat keine andere Wahl, als die fatale Dreiecksgeschichte noch einmal zu erleben.<\/p>\n<p>Monika Zeiner, geb. 1971, studierte in Berlin und Neapel und promovierte \u00fcber Liebesmelancholie im Mittelalter. Sie ver\u00f6ffentlichte mehrere H\u00f6rspiele und ist S\u00e4ngerin und Texterin der Italo-Swing-Band \u201emarinafon\u201c. F\u00fcr \u201eDie Ordnung der Sterne \u00fcber Como\u201c wurde sie mit dem Deb\u00fct-Preis der Lit.Cologne ausgezeichnet. Sie lebt in Berlin.<\/p>\n<p>Foto: Milena Schl\u00f6sser<\/p>\n<p>Verlag: <a href=\"http:\/\/www.aufbau-verlag.de\/index.php\/autoren\/monika-zeiner-a01\" target=\"_blank\">Blumenbar<\/a><\/p>\n<p>literaturtelefon-online.de | Telefon: 0431\/901-1156\n<\/p><\/div>\n","protected":false},"excerpt":{"rendered":"<p>Am Literaturtelefon unter 0431\/901-1156 und www.literaturtelefon-online.de liest Monika Zeiner aus ihrem 2013 im Blumenbar Verlag, Berlin, erschienenen Deb\u00fct-Roman \u201eDie Ordnung der Sterne \u00fcber Como\u201c. Die Aufnahme entstand im Rahmen der LeseLounge am 24.4.2013 im Literaturhaus S.-H. Der Roman handelt vom verpassten und verspielten Gl\u00fcck und von dem Ungl\u00fcck, im rechten Moment die falschen Worte gesagt [&hellip;]<\/p>\n","protected":false},"author":6,"featured_media":0,"parent":958,"menu_order":1,"comment_status":"open","ping_status":"open","template":"","meta":{"footnotes":""},"class_list":["post-905","page","type-page","status-publish","hentry"],"_links":{"self":[{"href":"http:\/\/www.literaturtelefon-online.de\/index.php?rest_route=\/wp\/v2\/pages\/905","targetHints":{"allow":["GET"]}}],"collection":[{"href":"http:\/\/www.literaturtelefon-online.de\/index.php?rest_route=\/wp\/v2\/pages"}],"about":[{"href":"http:\/\/www.literaturtelefon-online.de\/index.php?rest_route=\/wp\/v2\/types\/page"}],"author":[{"embeddable":true,"href":"http:\/\/www.literaturtelefon-online.de\/index.php?rest_route=\/wp\/v2\/users\/6"}],"replies":[{"embeddable":true,"href":"http:\/\/www.literaturtelefon-online.de\/index.php?rest_route=%2Fwp%2Fv2%2Fcomments&post=905"}],"version-history":[{"count":8,"href":"http:\/\/www.literaturtelefon-online.de\/index.php?rest_route=\/wp\/v2\/pages\/905\/revisions"}],"predecessor-version":[{"id":2652,"href":"http:\/\/www.literaturtelefon-online.de\/index.php?rest_route=\/wp\/v2\/pages\/905\/revisions\/2652"}],"up":[{"embeddable":true,"href":"http:\/\/www.literaturtelefon-online.de\/index.php?rest_route=\/wp\/v2\/pages\/958"}],"wp:attachment":[{"href":"http:\/\/www.literaturtelefon-online.de\/index.php?rest_route=%2Fwp%2Fv2%2Fmedia&parent=905"}],"curies":[{"name":"wp","href":"https:\/\/api.w.org\/{rel}","templated":true}]}}