{"id":899,"date":"2013-04-27T02:32:41","date_gmt":"2013-04-27T00:32:41","guid":{"rendered":"http:\/\/www.literaturtelefon-online.de\/?page_id=899"},"modified":"2017-12-05T01:37:07","modified_gmt":"2017-12-04T23:37:07","slug":"matthias-nawrat","status":"publish","type":"page","link":"http:\/\/www.literaturtelefon-online.de\/?page_id=899","title":{"rendered":"Matthias Nawrat"},"content":{"rendered":"<div style=\"text-align: justify;\">\n<p>Am Literaturtelefon unter 0431\/901-1156 und www.literaturtelefon-online.de liest Matthias Nawrat aus seinem 2012 bei Nagel &#038; Kimche erschienenen Deb\u00fct-Roman \u201eWir zwei allein\u201c. Die Aufnahme entstand im Rahmen der LeseLounge am 24.4.2013 im Literaturhaus S.-H.<\/p>\n<p><iframe loading=\"lazy\" title=\"Matthias Nawrat:  &quot;Wir zwei allein&quot;\" width=\"500\" height=\"375\" src=\"https:\/\/www.youtube.com\/embed\/Cv6jUkwnWqM?feature=oembed\" frameborder=\"0\" allow=\"accelerometer; autoplay; clipboard-write; encrypted-media; gyroscope; picture-in-picture; web-share\" referrerpolicy=\"strict-origin-when-cross-origin\" allowfullscreen><\/iframe><\/p>\n<p>In \u201eWir zwei allein\u201c treffen wir auf Benz, einen drei\u00dfig- j\u00e4hrigen Taugenichts und Tr\u00e4umer aus der Generation der Unentschlossenen, der sich mit Gem\u00fcse allerdings bestens auskennt. W\u00e4hrend er tagein, tagaus mit dem Sprinter Spargel und Karotten ausf\u00e4hrt, schl\u00fcpft er gedanklich in die Rollen eines Irokesen oder Dschingis Khans. Die Welt steht pl\u00f6tzlich Kopf, als ihm auf seiner Tour durch den Schwarzwald die elfengleiche Schuhverk\u00e4uferin Theres begegnet.<\/p>\n<p><img loading=\"lazy\" decoding=\"async\" style=\"margin-left:40px;\" src=\"http:\/\/www.literaturtelefon-online.de\/wp-content\/uploads\/2013\/04\/matthias_nawrat.jpg\" alt=\"matthias nawrat\" width=\"140\" height=\"215\" class=\"alignright size-full wp-image-902\" \/><\/p>\n<p>Matthias Nawrat wurde 1979 im polnischen Opole (Oppeln) geboren. 1989 siedelte seine Familie nach Bamberg in Deutschland um. Nach dem Abitur studierte er von 2000 bis 2007 Biologie in Heidelberg und in Freiburg im Breisgau, ab 2009 war er Student des Lehrgangs \u201eLiterarisches Schreiben\u201c am Schweizerischen Literaturinstitut in Biel. Daneben arbeitet er als freier Wissenschaftsjournalist und Kulturkritiker. Matthias Nawrat gewann mehrere Preise, zuletzt 2012 den Kelag-Preis beim Ingeborg-Bachmann-Preis und im Februar 2013 den Adelbert-von-Chamisso-F\u00f6rderpreis.<\/p>\n<p>Foto: Lorena Simmel<\/p>\n<p>Verlag: <a href=\"http:\/\/www.hanser-literaturverlage.de\/buecher\/buch.html?isbn=978-3-312-00497-3\" target=\"_blank\">Nagel &#038; Kimche<\/a><\/p>\n<p>literaturtelefon-online.de | Telefon: 0431\/901-1156\n<\/p><\/div>\n","protected":false},"excerpt":{"rendered":"<p>Am Literaturtelefon unter 0431\/901-1156 und www.literaturtelefon-online.de liest Matthias Nawrat aus seinem 2012 bei Nagel &#038; Kimche erschienenen Deb\u00fct-Roman \u201eWir zwei allein\u201c. Die Aufnahme entstand im Rahmen der LeseLounge am 24.4.2013 im Literaturhaus S.-H. In \u201eWir zwei allein\u201c treffen wir auf Benz, einen drei\u00dfig- j\u00e4hrigen Taugenichts und Tr\u00e4umer aus der Generation der Unentschlossenen, der sich mit [&hellip;]<\/p>\n","protected":false},"author":6,"featured_media":0,"parent":943,"menu_order":2,"comment_status":"open","ping_status":"open","template":"","meta":{"footnotes":""},"class_list":["post-899","page","type-page","status-publish","hentry"],"_links":{"self":[{"href":"http:\/\/www.literaturtelefon-online.de\/index.php?rest_route=\/wp\/v2\/pages\/899","targetHints":{"allow":["GET"]}}],"collection":[{"href":"http:\/\/www.literaturtelefon-online.de\/index.php?rest_route=\/wp\/v2\/pages"}],"about":[{"href":"http:\/\/www.literaturtelefon-online.de\/index.php?rest_route=\/wp\/v2\/types\/page"}],"author":[{"embeddable":true,"href":"http:\/\/www.literaturtelefon-online.de\/index.php?rest_route=\/wp\/v2\/users\/6"}],"replies":[{"embeddable":true,"href":"http:\/\/www.literaturtelefon-online.de\/index.php?rest_route=%2Fwp%2Fv2%2Fcomments&post=899"}],"version-history":[{"count":7,"href":"http:\/\/www.literaturtelefon-online.de\/index.php?rest_route=\/wp\/v2\/pages\/899\/revisions"}],"predecessor-version":[{"id":2651,"href":"http:\/\/www.literaturtelefon-online.de\/index.php?rest_route=\/wp\/v2\/pages\/899\/revisions\/2651"}],"up":[{"embeddable":true,"href":"http:\/\/www.literaturtelefon-online.de\/index.php?rest_route=\/wp\/v2\/pages\/943"}],"wp:attachment":[{"href":"http:\/\/www.literaturtelefon-online.de\/index.php?rest_route=%2Fwp%2Fv2%2Fmedia&parent=899"}],"curies":[{"name":"wp","href":"https:\/\/api.w.org\/{rel}","templated":true}]}}