{"id":871,"date":"2013-04-23T02:18:53","date_gmt":"2013-04-23T00:18:53","guid":{"rendered":"http:\/\/www.literaturtelefon-online.de\/?page_id=871"},"modified":"2017-12-05T01:34:49","modified_gmt":"2017-12-04T23:34:49","slug":"mathias-jeschke","status":"publish","type":"page","link":"http:\/\/www.literaturtelefon-online.de\/?page_id=871","title":{"rendered":"Mathias Jeschke"},"content":{"rendered":"<div style=\"text-align: justify;\">\n<p>Am Literaturtelefon unter 0431\/901-1156 und www.literaturtelefon-online.de liest Mathias Jeschke aus seinem im August 2013 in der edition AZUR, Dresden, erscheinenden Gedichtband \u201eDer Fisch ist mein Messer\u201c. Die Aufnahme entstand im Rahmen der Lesung anl\u00e4sslich des Welttags der Poesie am 21.3.2013 im Literaturhaus S.-H.<\/p>\n<p><iframe loading=\"lazy\" title=\"Mathias Jeschke - &quot;Der Fisch ist mein Messer&quot;\" width=\"500\" height=\"375\" src=\"https:\/\/www.youtube.com\/embed\/luI8C6gchuQ?feature=oembed\" frameborder=\"0\" allow=\"accelerometer; autoplay; clipboard-write; encrypted-media; gyroscope; picture-in-picture; web-share\" referrerpolicy=\"strict-origin-when-cross-origin\" allowfullscreen><\/iframe><\/p>\n<p>Mathias Jeschke wurde 1963 in L\u00fcneburg geboren und wuchs in der L\u00fcneburger Heide auf. Nach dem Abitur Seefahrt zwischen Hammerfest und Casablanca, den \u00c4u\u00dferen Hebriden und Bornholm. Studium der Evangelischen Theologie in G\u00f6ttingen, Heidelberg und Rostock.<\/p>\n<p>Mathias Jeschke arbeitet als Verlagslektor bei der Deutschen Bibelgesellschaft, wo er an einer modernen Bibel\u00fcbersetzung mitwirkt und das Programm f\u00fcr Kinder betreut.<\/p>\n<p><img loading=\"lazy\" decoding=\"async\" style=\"margin-left:40px;\" src=\"http:\/\/www.literaturtelefon-online.de\/wp-content\/uploads\/2013\/04\/mathias_jeschke.jpg\" alt=\"mathias jeschke\" width=\"140\" height=\"211\" class=\"alignright size-full wp-image-875\" \/><\/a><\/p>\n<p>Er ist Autor von mehreren Gedichtb\u00e4nden, zuletzt \u201eDas Gebet der Ziege\u201c (edition AZUR, Dresden 2010) und von Literatur f\u00fcr Kinder (zuletzt \u201eEin Mann, der weint\u201c, Hinstorff, Rostock 2011).<\/p>\n<p>Au\u00dferdem ist er Herausgeber der LYRIKPAPYRI, einer neuen Reihe mit Gedichtb\u00e4nden deutschsprachiger Autorinnen und Autoren, die seit Herbst 2012 in der Edition Voss im Horlemann Verlag erscheint. Dar\u00fcber hinaus ist er als Dozent f\u00fcr Kreatives Schreiben an der Kinder- und Jugendakademie<br \/>\nStuttgart t\u00e4tig.<\/p>\n<p>Foto: Markus Pletz<\/p>\n<p>Autor: <a href=\"http:\/\/www.mathiasjeschke.de\" title=\"Mathias Jeschke\" target=\"_blank\">www.mathiasjeschke.de<\/a><\/p>\n<p>literaturtelefon-online.de | Telefon: 0431\/901-1156\n<\/p><\/div>\n","protected":false},"excerpt":{"rendered":"<p>Am Literaturtelefon unter 0431\/901-1156 und www.literaturtelefon-online.de liest Mathias Jeschke aus seinem im August 2013 in der edition AZUR, Dresden, erscheinenden Gedichtband \u201eDer Fisch ist mein Messer\u201c. Die Aufnahme entstand im Rahmen der Lesung anl\u00e4sslich des Welttags der Poesie am 21.3.2013 im Literaturhaus S.-H. Mathias Jeschke wurde 1963 in L\u00fcneburg geboren und wuchs in der L\u00fcneburger [&hellip;]<\/p>\n","protected":false},"author":6,"featured_media":0,"parent":926,"menu_order":1,"comment_status":"open","ping_status":"open","template":"","meta":{"footnotes":""},"class_list":["post-871","page","type-page","status-publish","hentry"],"_links":{"self":[{"href":"http:\/\/www.literaturtelefon-online.de\/index.php?rest_route=\/wp\/v2\/pages\/871","targetHints":{"allow":["GET"]}}],"collection":[{"href":"http:\/\/www.literaturtelefon-online.de\/index.php?rest_route=\/wp\/v2\/pages"}],"about":[{"href":"http:\/\/www.literaturtelefon-online.de\/index.php?rest_route=\/wp\/v2\/types\/page"}],"author":[{"embeddable":true,"href":"http:\/\/www.literaturtelefon-online.de\/index.php?rest_route=\/wp\/v2\/users\/6"}],"replies":[{"embeddable":true,"href":"http:\/\/www.literaturtelefon-online.de\/index.php?rest_route=%2Fwp%2Fv2%2Fcomments&post=871"}],"version-history":[{"count":9,"href":"http:\/\/www.literaturtelefon-online.de\/index.php?rest_route=\/wp\/v2\/pages\/871\/revisions"}],"predecessor-version":[{"id":2648,"href":"http:\/\/www.literaturtelefon-online.de\/index.php?rest_route=\/wp\/v2\/pages\/871\/revisions\/2648"}],"up":[{"embeddable":true,"href":"http:\/\/www.literaturtelefon-online.de\/index.php?rest_route=\/wp\/v2\/pages\/926"}],"wp:attachment":[{"href":"http:\/\/www.literaturtelefon-online.de\/index.php?rest_route=%2Fwp%2Fv2%2Fmedia&parent=871"}],"curies":[{"name":"wp","href":"https:\/\/api.w.org\/{rel}","templated":true}]}}