{"id":823,"date":"2013-03-09T06:58:57","date_gmt":"2013-03-09T04:58:57","guid":{"rendered":"http:\/\/www.literaturtelefon-online.de\/?page_id=823"},"modified":"2017-12-05T01:31:19","modified_gmt":"2017-12-04T23:31:19","slug":"florian-weber","status":"publish","type":"page","link":"http:\/\/www.literaturtelefon-online.de\/?page_id=823","title":{"rendered":"Florian Weber"},"content":{"rendered":"<div style=\"text-align: justify;\">\n<p>Am Literaturtelefon unter 0431\/901-1156 und www.literaturtelefon-online.de liest Florian Weber aus seinem bei Walde + Graf erschienenen Roman \u201eGrimms Erben\u201c. Die Aufnahme entstand am 13.2.2013 bei der LeseLounge im Literaturhaus Schleswig-Holstein.<\/p>\n<p><iframe loading=\"lazy\" title=\"Florian Weber - &quot;Grimms Erben&quot;\" width=\"500\" height=\"375\" src=\"https:\/\/www.youtube.com\/embed\/Z2FtG3mxxfI?feature=oembed\" frameborder=\"0\" allow=\"accelerometer; autoplay; clipboard-write; encrypted-media; gyroscope; picture-in-picture; web-share\" referrerpolicy=\"strict-origin-when-cross-origin\" allowfullscreen><\/iframe><\/p>\n<p>Florian Weber, Jahrgang 1974, nimmt die Leser in seinem neuen Roman \u201eGrimms Erben\u201c mit auf eine lange Reise, die 1943 im Warschauer Ghetto beginnt und ihre Kreise bis in die Bayerische Gegenwart zieht. Ignatz, der M\u00e4rchenerz\u00e4hler, desertiert nach Warschau, als der Zweite Weltkrieg ausbricht. Dort wird er, unter den Augen seines Bruders Zacharias, Opfer der Nazis. Zacharias geht nach Kriegsende nach Bayern, wo er sich in einem h\u00f6lzernen Gartenhaus mithilfe einer M\u00e4rchenbibliothek in seine eigene Welt zur\u00fcckzieht. Erst im hohen Alter erf\u00e4hrt er von seinem Enkel August, der zeitlebens unter seinen Mitmenschen leiden musste.<\/p>\n<p><img loading=\"lazy\" decoding=\"async\" style=\"margin-left:40px;\" src=\"http:\/\/www.literaturtelefon-online.de\/wp-content\/uploads\/2013\/03\/florian_weber.jpg\" alt=\"Florian Weber\" width=\"140\" height=\"214\" class=\"alignright size-full wp-image-827\"\/><\/p>\n<p>Daraufhin verschwindet Zacharias. Was hat die ganze Sache mit dem Eid zu tun, den sich die Br\u00fcder in jungen Jahren geschworen haben?<\/p>\n<p>Florian Weber, geboren 1974 in Schrobenhausen, Bayern, ist Schlagzeuger und Texter der Sportfreunde Stiller, die u.a. mit dem Album \u201eMTV Unplugged in New York\u201c die deutschen Charts st\u00fcrmten. 2006 erschien bei Rowohlt sein erster Roman \u201eYou\u2019ll Never Walk Alone\u201c. Mit seinem Zweitling \u201eGrimms Erben\u201c leistete Weber einen ganz eigenen Beitrag zum Grimm-Jahr 2012.<\/p>\n<p>Verlag: <a href=\"http:\/\/www.waldegraf.de\/bucher\/grimms-erben\" title=\"Florian Weber Walde + Graf\" target=\"_blank\">www.waldegraf.de<\/a><\/p>\n<p>literaturtelefon-online.de | Telefon: 0431\/901-1156\n<\/p><\/div>\n","protected":false},"excerpt":{"rendered":"<p>Am Literaturtelefon unter 0431\/901-1156 und www.literaturtelefon-online.de liest Florian Weber aus seinem bei Walde + Graf erschienenen Roman \u201eGrimms Erben\u201c. Die Aufnahme entstand am 13.2.2013 bei der LeseLounge im Literaturhaus Schleswig-Holstein. Florian Weber, Jahrgang 1974, nimmt die Leser in seinem neuen Roman \u201eGrimms Erben\u201c mit auf eine lange Reise, die 1943 im Warschauer Ghetto beginnt und [&hellip;]<\/p>\n","protected":false},"author":6,"featured_media":0,"parent":846,"menu_order":2,"comment_status":"open","ping_status":"open","template":"","meta":{"footnotes":""},"class_list":["post-823","page","type-page","status-publish","hentry"],"_links":{"self":[{"href":"http:\/\/www.literaturtelefon-online.de\/index.php?rest_route=\/wp\/v2\/pages\/823","targetHints":{"allow":["GET"]}}],"collection":[{"href":"http:\/\/www.literaturtelefon-online.de\/index.php?rest_route=\/wp\/v2\/pages"}],"about":[{"href":"http:\/\/www.literaturtelefon-online.de\/index.php?rest_route=\/wp\/v2\/types\/page"}],"author":[{"embeddable":true,"href":"http:\/\/www.literaturtelefon-online.de\/index.php?rest_route=\/wp\/v2\/users\/6"}],"replies":[{"embeddable":true,"href":"http:\/\/www.literaturtelefon-online.de\/index.php?rest_route=%2Fwp%2Fv2%2Fcomments&post=823"}],"version-history":[{"count":12,"href":"http:\/\/www.literaturtelefon-online.de\/index.php?rest_route=\/wp\/v2\/pages\/823\/revisions"}],"predecessor-version":[{"id":2646,"href":"http:\/\/www.literaturtelefon-online.de\/index.php?rest_route=\/wp\/v2\/pages\/823\/revisions\/2646"}],"up":[{"embeddable":true,"href":"http:\/\/www.literaturtelefon-online.de\/index.php?rest_route=\/wp\/v2\/pages\/846"}],"wp:attachment":[{"href":"http:\/\/www.literaturtelefon-online.de\/index.php?rest_route=%2Fwp%2Fv2%2Fmedia&parent=823"}],"curies":[{"name":"wp","href":"https:\/\/api.w.org\/{rel}","templated":true}]}}