{"id":814,"date":"2013-03-09T06:44:55","date_gmt":"2013-03-09T04:44:55","guid":{"rendered":"http:\/\/www.literaturtelefon-online.de\/?page_id=814"},"modified":"2017-12-05T01:30:27","modified_gmt":"2017-12-04T23:30:27","slug":"andreas-stichmann","status":"publish","type":"page","link":"http:\/\/www.literaturtelefon-online.de\/?page_id=814","title":{"rendered":"Andreas Stichmann"},"content":{"rendered":"<div style=\"text-align: justify;\">\n<p>Am Literaturtelefon unter 0431\/901-1156 und www.literaturtelefon-online.de liest Andreas Stichmann aus seinem bei Rowohlt erschienenen Roman \u201eDas gro\u00dfe Leuchten\u201c. Die Aufnahme entstand am 13.2.2013 bei der LeseLounge im Literaturhaus Schleswig-Holstein.<\/p>\n<p><iframe loading=\"lazy\" title=\"Andreas Stichmann - &quot;Das gro\u00dfe Leuchten&quot;\" width=\"500\" height=\"375\" src=\"https:\/\/www.youtube.com\/embed\/6KAODIikabk?feature=oembed\" frameborder=\"0\" allow=\"accelerometer; autoplay; clipboard-write; encrypted-media; gyroscope; picture-in-picture; web-share\" referrerpolicy=\"strict-origin-when-cross-origin\" allowfullscreen><\/iframe><\/p>\n<p>Die Flucht aus dem M\u00e4rchen hinaus versucht Rupert, der Protagonist von Andreas Stichmanns Deb\u00fctroman \u201eDas gro\u00dfe Leuchten\u201c. Denn Rupert sucht die oder besser gesagt eine Wirklichkeit und reist dabei auf verschiedenen Realit\u00e4tsebenen von der deutschen Provinz durch den Iran bis ans Kaspische Meer. Dort vermutet er Ana, seine Liebe, die pl\u00f6tzlich verschwand. Dabei zur Seite steht ihm sein schizophrener Freund Robert, der die Welt sowieso nicht versteht. Wohin f\u00fchrt ihre Reise sie letztendlich?<\/p>\n<p><img loading=\"lazy\" decoding=\"async\" style=\"margin-left:40px;\" src=\"http:\/\/www.literaturtelefon-online.de\/wp-content\/uploads\/2013\/03\/andreas_stichmann.jpg\" alt=\"Andreas Stichmann\" width=\"140\" height=\"177\" class=\"alignright size-full wp-image-818\" \/><\/p>\n<p>Andreas Stichmann, 1983 in Bonn geboren, studierte am Deutschen Literaturinstitut in Leipzig. Er verbrachte l\u00e4ngere Zeit in S\u00fcdafrika und reiste durch den Iran. 2008 erschien sein Erz\u00e4hlungsband \u201eJackie in Silber\u201c, f\u00fcr den er vielfach ausgezeichnet wurde \u2013 unter anderem mit dem Clemens-Brentano-Preis, dem Kranichsteiner Literaturf\u00f6rderpreis und dem Hamburger F\u00f6rderpreis f\u00fcr Literatur. \u201eDas gro\u00dfe Leuchten\u201c, sein erster Roman, wurde f\u00fcr den Bachmannpreis nominiert und mit dem F\u00f6rderpreis zum Bremer Literaturpreis ausgezeichnet.<\/p>\n<p>Autor: <a href=\"http:\/\/www.andreasstichmann.de\" target=\"_blank\">www.andreasstichmann.de<\/a><\/p>\n<p>Verlag: <a href=\"http:\/\/www.rowohlt.de\/buch\/Andreas_Stichmann_Das_grosse_Leuchten.2995062.html\" title=\"Andreas Stichmann Rowohlt\" target=\"_blank\">www.rowohlt.de<\/a><\/p>\n<p>Leseprobe: <a href=\"http:\/\/www.rowohlt.de\/fm\/131\/Stichmann_Das_grosse_Leuchten.pdf\" target=\"_blank\">Andreas Stichmann: \u201eDas gro\u00dfe Leuchten\u201c (PDF)<\/a><\/p>\n<p>literaturtelefon-online.de | Telefon: 0431\/901-1156\n<\/p><\/div>\n","protected":false},"excerpt":{"rendered":"<p>Am Literaturtelefon unter 0431\/901-1156 und www.literaturtelefon-online.de liest Andreas Stichmann aus seinem bei Rowohlt erschienenen Roman \u201eDas gro\u00dfe Leuchten\u201c. Die Aufnahme entstand am 13.2.2013 bei der LeseLounge im Literaturhaus Schleswig-Holstein. Die Flucht aus dem M\u00e4rchen hinaus versucht Rupert, der Protagonist von Andreas Stichmanns Deb\u00fctroman \u201eDas gro\u00dfe Leuchten\u201c. Denn Rupert sucht die oder besser gesagt eine Wirklichkeit [&hellip;]<\/p>\n","protected":false},"author":6,"featured_media":0,"parent":846,"menu_order":1,"comment_status":"open","ping_status":"open","template":"","meta":{"footnotes":""},"class_list":["post-814","page","type-page","status-publish","hentry"],"_links":{"self":[{"href":"http:\/\/www.literaturtelefon-online.de\/index.php?rest_route=\/wp\/v2\/pages\/814","targetHints":{"allow":["GET"]}}],"collection":[{"href":"http:\/\/www.literaturtelefon-online.de\/index.php?rest_route=\/wp\/v2\/pages"}],"about":[{"href":"http:\/\/www.literaturtelefon-online.de\/index.php?rest_route=\/wp\/v2\/types\/page"}],"author":[{"embeddable":true,"href":"http:\/\/www.literaturtelefon-online.de\/index.php?rest_route=\/wp\/v2\/users\/6"}],"replies":[{"embeddable":true,"href":"http:\/\/www.literaturtelefon-online.de\/index.php?rest_route=%2Fwp%2Fv2%2Fcomments&post=814"}],"version-history":[{"count":10,"href":"http:\/\/www.literaturtelefon-online.de\/index.php?rest_route=\/wp\/v2\/pages\/814\/revisions"}],"predecessor-version":[{"id":2645,"href":"http:\/\/www.literaturtelefon-online.de\/index.php?rest_route=\/wp\/v2\/pages\/814\/revisions\/2645"}],"up":[{"embeddable":true,"href":"http:\/\/www.literaturtelefon-online.de\/index.php?rest_route=\/wp\/v2\/pages\/846"}],"wp:attachment":[{"href":"http:\/\/www.literaturtelefon-online.de\/index.php?rest_route=%2Fwp%2Fv2%2Fmedia&parent=814"}],"curies":[{"name":"wp","href":"https:\/\/api.w.org\/{rel}","templated":true}]}}