{"id":700,"date":"2013-01-30T01:34:49","date_gmt":"2013-01-29T23:34:49","guid":{"rendered":"http:\/\/www.literaturtelefon-online.de\/?page_id=700"},"modified":"2017-12-05T01:29:46","modified_gmt":"2017-12-04T23:29:46","slug":"michail-schischkin","status":"publish","type":"page","link":"http:\/\/www.literaturtelefon-online.de\/?page_id=700","title":{"rendered":"Michail Schischkin"},"content":{"rendered":"<div style=\"text-align: justify;\">\n<p>Am Literaturtelefon unter Tel. 0431\/901-1156 und im Internet unter www.literaturtelefon-online.de liest Michail Schischkin aus seinem 2012 bei der DVA in der \u00dcbersetzung von Andreas Tretner erschienenen Roman \u201eBriefsteller\u201c. Die Aufnahme entstand anl\u00e4sslich seiner Lesung am 29.1.2013 im Literaturhaus Schleswig-Holstein.<\/p>\n<p><iframe loading=\"lazy\" title=\"Michail Schischkin - &quot;Briefsteller&quot;\" width=\"500\" height=\"375\" src=\"https:\/\/www.youtube.com\/embed\/nUd-hjGfhjg?feature=oembed\" frameborder=\"0\" allow=\"accelerometer; autoplay; clipboard-write; encrypted-media; gyroscope; picture-in-picture; web-share\" referrerpolicy=\"strict-origin-when-cross-origin\" allowfullscreen><\/iframe><\/p>\n<p>Von einer Liebe \u00fcber die Zeiten hinweg erz\u00e4hlt Michail Schischkin in seinem nach \u201eVenushaar\u201c zweiten auf deutsch erschienenen Roman, die \u201esch\u00f6nste Liebesgeschichte seit Doktor Schiwago\u201c (\u201eWedomosti\u201c). Sascha und Wolodja werden nach einer Sommerliebe durch einen Krieg getrennt und k\u00f6nnen sich nur Briefe schreiben. Sie erz\u00e4hlen einander von Kindheit, Familie, Alltag, von Freud und Leid. Ein normaler Briefwechsel zweier Liebender \u2013 bis sich beim Leser Zweifel regen und klar wird, dass die beiden durch Raum und Zeit getrennt sind.<\/p>\n<p><img loading=\"lazy\" decoding=\"async\" style=\"margin-left:40px;\" src=\"http:\/\/www.literaturtelefon-online.de\/wp-content\/uploads\/2013\/01\/schischkin.jpg\" alt=\"Michail Schischkin\" title=\"schischkin\" width=\"140\" height=\"192\" class=\"alignright size-full wp-image-709\" \/><\/p>\n<p>Schischkins gro\u00dfer Liebesroman in Briefen behandelt die grundlegenden Fragen der menschlichen Existenz und setzt durch die Macht des Wortes die Gesetze von Zeit und Raum au\u00dfer Kraft.<\/p>\n<p>Michail Schischkin, einer der meist gefeierten russischen Autoren der Gegenwart, wurde 1961 in Moskau geboren und unterrichtete Deutsch. Seit 1995 lebt er in der Schweiz. Seine Romane wurden national und international vielfach ausgezeichnet.<\/p>\n<p>Foto: Evgeniya Frolkova<\/p>\n<p>Verlag: <a href=\"http:\/\/bit.ly\/NVT2ZS\" target=\"_blank\">http:\/\/bit.ly\/NVT2ZS<\/a><\/p>\n<p>literaturtelefon-online.de | Telefon: 0431\/901-1156\n<\/p><\/div>\n","protected":false},"excerpt":{"rendered":"<p>Am Literaturtelefon unter Tel. 0431\/901-1156 und im Internet unter www.literaturtelefon-online.de liest Michail Schischkin aus seinem 2012 bei der DVA in der \u00dcbersetzung von Andreas Tretner erschienenen Roman \u201eBriefsteller\u201c. Die Aufnahme entstand anl\u00e4sslich seiner Lesung am 29.1.2013 im Literaturhaus Schleswig-Holstein. Von einer Liebe \u00fcber die Zeiten hinweg erz\u00e4hlt Michail Schischkin in seinem nach \u201eVenushaar\u201c zweiten auf [&hellip;]<\/p>\n","protected":false},"author":6,"featured_media":0,"parent":691,"menu_order":2,"comment_status":"open","ping_status":"open","template":"","meta":{"footnotes":""},"class_list":["post-700","page","type-page","status-publish","hentry"],"_links":{"self":[{"href":"http:\/\/www.literaturtelefon-online.de\/index.php?rest_route=\/wp\/v2\/pages\/700","targetHints":{"allow":["GET"]}}],"collection":[{"href":"http:\/\/www.literaturtelefon-online.de\/index.php?rest_route=\/wp\/v2\/pages"}],"about":[{"href":"http:\/\/www.literaturtelefon-online.de\/index.php?rest_route=\/wp\/v2\/types\/page"}],"author":[{"embeddable":true,"href":"http:\/\/www.literaturtelefon-online.de\/index.php?rest_route=\/wp\/v2\/users\/6"}],"replies":[{"embeddable":true,"href":"http:\/\/www.literaturtelefon-online.de\/index.php?rest_route=%2Fwp%2Fv2%2Fcomments&post=700"}],"version-history":[{"count":13,"href":"http:\/\/www.literaturtelefon-online.de\/index.php?rest_route=\/wp\/v2\/pages\/700\/revisions"}],"predecessor-version":[{"id":2644,"href":"http:\/\/www.literaturtelefon-online.de\/index.php?rest_route=\/wp\/v2\/pages\/700\/revisions\/2644"}],"up":[{"embeddable":true,"href":"http:\/\/www.literaturtelefon-online.de\/index.php?rest_route=\/wp\/v2\/pages\/691"}],"wp:attachment":[{"href":"http:\/\/www.literaturtelefon-online.de\/index.php?rest_route=%2Fwp%2Fv2%2Fmedia&parent=700"}],"curies":[{"name":"wp","href":"https:\/\/api.w.org\/{rel}","templated":true}]}}