{"id":683,"date":"2013-01-30T01:06:10","date_gmt":"2013-01-29T23:06:10","guid":{"rendered":"http:\/\/www.literaturtelefon-online.de\/?page_id=683"},"modified":"2017-01-19T02:29:08","modified_gmt":"2017-01-19T00:29:08","slug":"tilman-rammstedt","status":"publish","type":"page","link":"http:\/\/www.literaturtelefon-online.de\/?page_id=683","title":{"rendered":"Tilman Rammstedt"},"content":{"rendered":"<div style=\"text-align: justify;\">\nAm Literaturtelefon unter Tel. 0431\/901-1156 und im Internet unter www.literaturtelefon-online.de liest Tilman Rammstedt aus seinem 2012 im DuMont Buchverlag erschienenen Roman \u201eDie Abenteuer meines ehemaligen Bankberaters\u201c. Die Aufnahme entstand anl\u00e4sslich seiner Lesung am 18.1.2013 im Literaturhaus Schleswig-Holstein.<\/p>\n<p><iframe loading=\"lazy\" title=\"Tilman Rammstedt - &quot;Die Abenteuer meines ehemaligen Bankberaters&quot;\" width=\"500\" height=\"375\" src=\"https:\/\/www.youtube.com\/embed\/TFADiGceHaI?feature=oembed\" frameborder=\"0\" allow=\"accelerometer; autoplay; clipboard-write; encrypted-media; gyroscope; picture-in-picture; web-share\" referrerpolicy=\"strict-origin-when-cross-origin\" allowfullscreen><\/iframe><\/p>\n<p>Nach seinem Ausflug in fern\u00f6stliche Gefilde mit \u201eDer Kaiser von China\u201c bleibt Tilman Rammstedt in seinem neuen Roman in vertrauter Umgebung. Man erkennt die Welt allerdings nicht gleich wieder, wenn man sie mit den Augen eines melancholischen Bankberaters betrachtet. Besonders wenn es sich um einen Bankberater handelt, der hinter jeder Geldanlage den gr\u00f6\u00dferen Zusammenhang sieht: \u201eMan kann kein Tagesgeldkonto verstehen, ohne zu verstehen, was ein Baum ist.\u201c Und w\u00e4hrend der Bankberater auch f\u00fcr sein Leben einen Zusammenhang sucht, bevor es an allen Ecken und Enden auseinanderbricht, ger\u00e4t er in eine ausweglose Situation, aus der ihn nur ein abenteuerliches Trio retten kann: sein letzter verbliebener Kunde Tilman Rammstedt, Bruce Willis und ein toter Hund.<\/p>\n<p><img loading=\"lazy\" decoding=\"async\" style=\"margin-left:40px;\" src=\"http:\/\/www.literaturtelefon-online.de\/wp-content\/uploads\/2013\/01\/tilman_rammstedt.jpg\" alt=\"Tilman Rammstedt\" title=\"tilman_rammstedt\" width=\"140\" height=\"137\" class=\"alignright size-full wp-image-688\" \/><\/p>\n<p>Tilman Rammstedt wurde 1975 in Bielefeld geboren und lebt in Berlin. Im DuMont Buchverlag erschienen sein Deb\u00fct \u201eErledigungen vor der Feier\u201c (2003) sowie die Romane \u201eWir bleiben in der N\u00e4he\u201c (2005) und \u201eDer Kaiser von China\u201c (2008). Neben vielen anderen Auszeichnungen (u.a. dem F\u00f6rderpreis f\u00fcr grotesken literarischen Humor der Stadt Kassel) wurde Tilman Rammstedt mit dem Ingeborg-Bachmann-Preis und dem Annette-von-Droste-H\u00fclshoff-Preis geehrt.<\/p>\n<p>Foto: Juliane Henrich<\/p>\n<p>Verlag: <a href=\"http:\/\/bit.ly\/RR8tRq\" title=\"Tilman Rammstedt Literaturtelefon\" target=\"_blank\">http:\/\/bit.ly\/RR8tRq<\/a><\/p>\n<p>literaturtelefon-online.de | Telefon: 0431\/901-1156\n<\/p><\/div>\n","protected":false},"excerpt":{"rendered":"<p>Am Literaturtelefon unter Tel. 0431\/901-1156 und im Internet unter www.literaturtelefon-online.de liest Tilman Rammstedt aus seinem 2012 im DuMont Buchverlag erschienenen Roman \u201eDie Abenteuer meines ehemaligen Bankberaters\u201c. Die Aufnahme entstand anl\u00e4sslich seiner Lesung am 18.1.2013 im Literaturhaus Schleswig-Holstein. Nach seinem Ausflug in fern\u00f6stliche Gefilde mit \u201eDer Kaiser von China\u201c bleibt Tilman Rammstedt in seinem neuen Roman [&hellip;]<\/p>\n","protected":false},"author":6,"featured_media":0,"parent":691,"menu_order":1,"comment_status":"open","ping_status":"open","template":"","meta":{"footnotes":""},"class_list":["post-683","page","type-page","status-publish","hentry"],"_links":{"self":[{"href":"http:\/\/www.literaturtelefon-online.de\/index.php?rest_route=\/wp\/v2\/pages\/683","targetHints":{"allow":["GET"]}}],"collection":[{"href":"http:\/\/www.literaturtelefon-online.de\/index.php?rest_route=\/wp\/v2\/pages"}],"about":[{"href":"http:\/\/www.literaturtelefon-online.de\/index.php?rest_route=\/wp\/v2\/types\/page"}],"author":[{"embeddable":true,"href":"http:\/\/www.literaturtelefon-online.de\/index.php?rest_route=\/wp\/v2\/users\/6"}],"replies":[{"embeddable":true,"href":"http:\/\/www.literaturtelefon-online.de\/index.php?rest_route=%2Fwp%2Fv2%2Fcomments&post=683"}],"version-history":[{"count":14,"href":"http:\/\/www.literaturtelefon-online.de\/index.php?rest_route=\/wp\/v2\/pages\/683\/revisions"}],"predecessor-version":[{"id":2208,"href":"http:\/\/www.literaturtelefon-online.de\/index.php?rest_route=\/wp\/v2\/pages\/683\/revisions\/2208"}],"up":[{"embeddable":true,"href":"http:\/\/www.literaturtelefon-online.de\/index.php?rest_route=\/wp\/v2\/pages\/691"}],"wp:attachment":[{"href":"http:\/\/www.literaturtelefon-online.de\/index.php?rest_route=%2Fwp%2Fv2%2Fmedia&parent=683"}],"curies":[{"name":"wp","href":"https:\/\/api.w.org\/{rel}","templated":true}]}}