{"id":532,"date":"2013-01-28T04:07:52","date_gmt":"2013-01-28T02:07:52","guid":{"rendered":"http:\/\/www.literaturtelefon-online.de\/?page_id=532"},"modified":"2017-12-05T01:28:13","modified_gmt":"2017-12-04T23:28:13","slug":"anila-wilms","status":"publish","type":"page","link":"http:\/\/www.literaturtelefon-online.de\/?page_id=532","title":{"rendered":"Anila Wilms"},"content":{"rendered":"<div style=\"text-align: justify;\">\n<p>Am Literaturtelefon unter 0431\/901-1156 und www.literaturtelefon-online.de liest Anila Wilms aus ihrem im Berliner Transit Verlag erschienenen Debut-Roman \u201eDas albanische \u00d6l\u201c. Die Aufnahme entstand am 12.12.2012 bei der LeseLounge im Literaturhaus Schleswig-Holstein.<\/p>\n<p><iframe loading=\"lazy\" title=\"Anila Wilms - &quot;Das albanische O\u0308l&quot;\" width=\"500\" height=\"375\" src=\"https:\/\/www.youtube.com\/embed\/X2ZpbGog244?feature=oembed\" frameborder=\"0\" allow=\"accelerometer; autoplay; clipboard-write; encrypted-media; gyroscope; picture-in-picture; web-share\" referrerpolicy=\"strict-origin-when-cross-origin\" allowfullscreen><\/iframe><\/p>\n<p>Die 1971 in Tirana\/Albanien geborene Autorin Anila Wilms beschreibt in ihrem temperamentvollen und burlesken Roman \u201eDas albanische \u00d6l \u2013 oder: Mord auf der Stra\u00dfe des Nordens\u201c einen ebenso r\u00e4tselhaften wie bizarren Mordfall. Zwei Amerikaner werden in den albanischen Bergen ermordet. Was ist das Motiv?<\/p>\n<p><img loading=\"lazy\" decoding=\"async\" style=\"margin-left:40px;\" src=\"http:\/\/www.literaturtelefon-online.de\/wp-content\/uploads\/2013\/01\/anila_wilms.jpg\" alt=\"Anila Wilms\" title=\"Anila Wilms\" width=\"140\" height=\"204\" class=\"alignright size-full wp-image-533\" \/><\/p>\n<p>War es m\u00f6glicherweise ein Anschlag? Wer ist der M\u00f6rder? Und welche Rolle spielt das albanische \u00d6l bei den Morden?<\/p>\n<p>Das sind die Fragen, die fortan nicht nur in den tiranischen Caf\u00e9s heftig diskutiert werden.<\/p>\n<p>Verlag: <a href=\"http:\/\/bit.ly\/11WV9Ci\" target=\"_blank\">http:\/\/bit.ly\/11WV9Ci<\/a><\/p>\n<p>literaturtelefon-online.de | Telefon: 0431\/901-1156\n<\/p><\/div>\n","protected":false},"excerpt":{"rendered":"<p>Am Literaturtelefon unter 0431\/901-1156 und www.literaturtelefon-online.de liest Anila Wilms aus ihrem im Berliner Transit Verlag erschienenen Debut-Roman \u201eDas albanische \u00d6l\u201c. Die Aufnahme entstand am 12.12.2012 bei der LeseLounge im Literaturhaus Schleswig-Holstein. Die 1971 in Tirana\/Albanien geborene Autorin Anila Wilms beschreibt in ihrem temperamentvollen und burlesken Roman \u201eDas albanische \u00d6l \u2013 oder: Mord auf der Stra\u00dfe [&hellip;]<\/p>\n","protected":false},"author":6,"featured_media":0,"parent":530,"menu_order":1,"comment_status":"open","ping_status":"open","template":"","meta":{"footnotes":""},"class_list":["post-532","page","type-page","status-publish","hentry"],"_links":{"self":[{"href":"http:\/\/www.literaturtelefon-online.de\/index.php?rest_route=\/wp\/v2\/pages\/532","targetHints":{"allow":["GET"]}}],"collection":[{"href":"http:\/\/www.literaturtelefon-online.de\/index.php?rest_route=\/wp\/v2\/pages"}],"about":[{"href":"http:\/\/www.literaturtelefon-online.de\/index.php?rest_route=\/wp\/v2\/types\/page"}],"author":[{"embeddable":true,"href":"http:\/\/www.literaturtelefon-online.de\/index.php?rest_route=\/wp\/v2\/users\/6"}],"replies":[{"embeddable":true,"href":"http:\/\/www.literaturtelefon-online.de\/index.php?rest_route=%2Fwp%2Fv2%2Fcomments&post=532"}],"version-history":[{"count":6,"href":"http:\/\/www.literaturtelefon-online.de\/index.php?rest_route=\/wp\/v2\/pages\/532\/revisions"}],"predecessor-version":[{"id":2642,"href":"http:\/\/www.literaturtelefon-online.de\/index.php?rest_route=\/wp\/v2\/pages\/532\/revisions\/2642"}],"up":[{"embeddable":true,"href":"http:\/\/www.literaturtelefon-online.de\/index.php?rest_route=\/wp\/v2\/pages\/530"}],"wp:attachment":[{"href":"http:\/\/www.literaturtelefon-online.de\/index.php?rest_route=%2Fwp%2Fv2%2Fmedia&parent=532"}],"curies":[{"name":"wp","href":"https:\/\/api.w.org\/{rel}","templated":true}]}}