{"id":5313,"date":"2024-11-04T21:18:44","date_gmt":"2024-11-04T19:18:44","guid":{"rendered":"http:\/\/www.literaturtelefon-online.de\/?page_id=5313"},"modified":"2024-12-01T09:34:05","modified_gmt":"2024-12-01T07:34:05","slug":"christopher-ecker","status":"publish","type":"page","link":"http:\/\/www.literaturtelefon-online.de\/?page_id=5313","title":{"rendered":"Christopher Ecker"},"content":{"rendered":"<div style=\"text-align: justify;\">\n<p>Am Literaturtelefon unter der Rufnummer 0431\/901-8888 und auf www.literaturtelefon-kiel.de liest der Kieler Autor Christopher Ecker vom 2. bis 15.12.2024 aus seinem neuen Buch <em>\u201e<\/em><em>Notizen aus einem Lager an der egozentrischen Grenze\u201c<\/em>, das im Dezember 2024 als bibliophiler Band im Kieler stirnholz Verlag erscheint. Ecker stellt ihn in einer Buchpremiere am 6. Dezember 2024, 19 Uhr im Literaturhaus S.-H. vor.<\/p>\n<p><!--[if lt IE 9]><script>document.createElement('audio');<\/script><![endif]-->\n<audio class=\"wp-audio-shortcode\" id=\"audio-5313-1\" preload=\"none\" style=\"width: 100%;\" controls=\"controls\"><source type=\"audio\/mpeg\" src=\"http:\/\/www.literaturtelefon-online.de\/wp-content\/uploads\/2024\/11\/christopher_ecker_notizen.mp3?_=1\" \/><a href=\"http:\/\/www.literaturtelefon-online.de\/wp-content\/uploads\/2024\/11\/christopher_ecker_notizen.mp3\">http:\/\/www.literaturtelefon-online.de\/wp-content\/uploads\/2024\/11\/christopher_ecker_notizen.mp3<\/a><\/audio><br \/>\n<br \/>\n<img loading=\"lazy\" decoding=\"async\" class=\"alignright size-full wp-image-5314\" style=\"margin-left: 40px;\" src=\"http:\/\/www.literaturtelefon-online.de\/wp-content\/uploads\/2024\/11\/christopher_ecker.jpg\" alt=\"\" width=\"300\" height=\"300\" srcset=\"http:\/\/www.literaturtelefon-online.de\/wp-content\/uploads\/2024\/11\/christopher_ecker.jpg 300w, http:\/\/www.literaturtelefon-online.de\/wp-content\/uploads\/2024\/11\/christopher_ecker-150x150.jpg 150w\" sizes=\"auto, (max-width: 300px) 100vw, 300px\" \/><em>\u201eNotizen aus einem Lager an der egozentrischen Grenze\u201c<\/em> feiert die kleine Form: Die <em>\u201eNotizen &#8230;<\/em>\u201c bestehen aus hunderten von kleinen und manchmal auch winzigsten Texten. Aphorismen, Reflexionen, Beobachtungen, kleine Geschichten, autobiografische Skizzen. <em>\u201eNotizen \u2026\u201c<\/em> ist Eckers wohl pers\u00f6nlichstes und f\u00fcr sein Schreiben und Selbstverst\u00e4ndnis als Autor vielleicht aufschlussreichstes Buch.<\/p>\n<p>Christopher Ecker (geb. 1967 in Saarbr\u00fccken) studierte in Saarbr\u00fccken und Kiel Germanistik und Philosophie und ist heute neben seiner Arbeit als Schriftsteller, \u00dcbersetzer und Literaturkritiker Lehrer an der Heinrich-Heine-Schule Heikendorf. Sein bisher erfolgreichstes Buch ist der 2012 erschienene Roman <a href=\"https:\/\/literaturtelefon-kiel.de\/beitraege\/2012\/christopher-ecker\"><em>\u201eFahlmann\u201c<\/em><\/a>, den der Kritiker Denis Scheck als \u201eeines der gro\u00dfen Leseabenteuer der deutschen Gegenwartsliteratur\u201c bezeichnete und f\u00fcr den Ecker 2015 den Friedrich-Hebbel-Preis erhielt.<\/p>\n<p>Am Literaturtelefon las Christopher schon mehrfach, zuletzt <a href=\"https:\/\/literaturtelefon-kiel.de\/beitraege\/2023\/christopher-ecker-7\">im M\u00e4rz 2023 aus <em>\u201eDie beste Hummelgeschichte der Welt und andere Geschichten\u201c<\/em><\/a>.<\/p>\n<p>Website des Autors: <a href=\"https:\/\/christopherecker.de\" target=\"_blank\">christopherecker.de<\/a><\/p>\n<p><a href=\"https:\/\/de.wikipedia.org\/wiki\/Christopher_Ecker\" target=\"_blank\" rel=\"noopener\">Wikipedia \u00fcber den Autor<\/a><\/p>\n<p>Verlag: <a href=\"https:\/\/www.stirnholzverlagshop.de\/\" target=\"_blank\" rel=\"noopener\">stirnholz Verlag, Kiel<\/a><\/p>\n<p>Foto: Arne Rautenberg<\/p>\n<p>literaturtelefon-online.de | Telefon: 0431\/901-8888<\/p>\n<\/div>\n","protected":false},"excerpt":{"rendered":"<p>Am Literaturtelefon unter der Rufnummer 0431\/901-8888 und auf www.literaturtelefon-kiel.de liest der Kieler Autor Christopher Ecker vom 2. bis 15.12.2024 aus seinem neuen Buch \u201eNotizen aus einem Lager an der egozentrischen Grenze\u201c, das im Dezember 2024 als bibliophiler Band im Kieler stirnholz Verlag erscheint. Ecker stellt ihn in einer Buchpremiere am 6. Dezember 2024, 19 Uhr [&hellip;]<\/p>\n","protected":false},"author":6,"featured_media":0,"parent":5275,"menu_order":1,"comment_status":"closed","ping_status":"closed","template":"","meta":{"footnotes":""},"class_list":["post-5313","page","type-page","status-publish","hentry"],"_links":{"self":[{"href":"http:\/\/www.literaturtelefon-online.de\/index.php?rest_route=\/wp\/v2\/pages\/5313","targetHints":{"allow":["GET"]}}],"collection":[{"href":"http:\/\/www.literaturtelefon-online.de\/index.php?rest_route=\/wp\/v2\/pages"}],"about":[{"href":"http:\/\/www.literaturtelefon-online.de\/index.php?rest_route=\/wp\/v2\/types\/page"}],"author":[{"embeddable":true,"href":"http:\/\/www.literaturtelefon-online.de\/index.php?rest_route=\/wp\/v2\/users\/6"}],"replies":[{"embeddable":true,"href":"http:\/\/www.literaturtelefon-online.de\/index.php?rest_route=%2Fwp%2Fv2%2Fcomments&post=5313"}],"version-history":[{"count":4,"href":"http:\/\/www.literaturtelefon-online.de\/index.php?rest_route=\/wp\/v2\/pages\/5313\/revisions"}],"predecessor-version":[{"id":5336,"href":"http:\/\/www.literaturtelefon-online.de\/index.php?rest_route=\/wp\/v2\/pages\/5313\/revisions\/5336"}],"up":[{"embeddable":true,"href":"http:\/\/www.literaturtelefon-online.de\/index.php?rest_route=\/wp\/v2\/pages\/5275"}],"wp:attachment":[{"href":"http:\/\/www.literaturtelefon-online.de\/index.php?rest_route=%2Fwp%2Fv2%2Fmedia&parent=5313"}],"curies":[{"name":"wp","href":"https:\/\/api.w.org\/{rel}","templated":true}]}}