{"id":5293,"date":"2024-10-24T21:04:43","date_gmt":"2024-10-24T19:04:43","guid":{"rendered":"http:\/\/www.literaturtelefon-online.de\/?page_id=5293"},"modified":"2024-12-15T20:35:33","modified_gmt":"2024-12-15T18:35:33","slug":"tore-renberg","status":"publish","type":"page","link":"http:\/\/www.literaturtelefon-online.de\/?page_id=5293","title":{"rendered":"Tore Renberg"},"content":{"rendered":"<div style=\"text-align: justify;\">\n<p>Am Literaturtelefon unter der Rufnummer 0431\/901-8888 und auf www.literaturtelefon-kiel.de liest der norwegische Autor Tore Renberg vom 16. bis 29.12.2024 aus seinem im Oktober 2024 bei Luchterhand erschienenen Roman <em>\u201eDie Lungenschwimmprobe\u201c<\/em>. (Originaltitel <em>\u201eLungeflytepr\u00f8ven\u201c<\/em>, \u00dcbersetzung aus dem Norwegischen von Ina Kronenberger und Karoline Hippe). Die Aufnahme entstand anl\u00e4sslich einer Lesung im Literaturhaus S.-H. am 24.10.2024.<\/p>\n<p><!--[if lt IE 9]><script>document.createElement('audio');<\/script><![endif]-->\n<audio class=\"wp-audio-shortcode\" id=\"audio-5293-1\" preload=\"none\" style=\"width: 100%;\" controls=\"controls\"><source type=\"audio\/mpeg\" src=\"http:\/\/www.literaturtelefon-online.de\/wp-content\/uploads\/2024\/10\/tore_renberg_die_lungenschwimmprobe.mp3?_=1\" \/><a href=\"http:\/\/www.literaturtelefon-online.de\/wp-content\/uploads\/2024\/10\/tore_renberg_die_lungenschwimmprobe.mp3\">http:\/\/www.literaturtelefon-online.de\/wp-content\/uploads\/2024\/10\/tore_renberg_die_lungenschwimmprobe.mp3<\/a><\/audio><br \/>\n<br \/>\nLeipzig\/Sachsen im Jahre 1681: Die 15-j\u00e4hrige Anna Voigt steht vor Gericht, sie soll ihr neugeborenes Baby get\u00f6tet haben und es droht ihr der Tod \u2013 wie vielen anderen M\u00e4dchen und Frauen in dieser Zeit, die des gleichen Verbrechens bezichtigt werden. Aber dieser Fall ist anders: Anna hat nicht nur einen m\u00e4chtigen Vater, der sich f\u00fcr sie einsetzt, sondern es findet sich auch ein Arzt, der etwas spektakul\u00e4r Neues wagt und ein wissenschaftliches Verfahren entwickelt, das in die Medizingeschichte als Lungenschwimmprobe eingehen wird. Durch dieses soll nachgewiesen werden, dass es tats\u00e4chlich eine Totgeburt war, wie Anna hartn\u00e4ckig versichert, und kein Mord. Kann sie gerettet werden?<\/p>\n<p><img loading=\"lazy\" decoding=\"async\" class=\"alignright size-full wp-image-5294\" style=\"margin-left: 40px;\" src=\"http:\/\/www.literaturtelefon-online.de\/wp-content\/uploads\/2024\/10\/tore_renberg.jpg\" alt=\"\" width=\"300\" height=\"348\" srcset=\"http:\/\/www.literaturtelefon-online.de\/wp-content\/uploads\/2024\/10\/tore_renberg.jpg 300w, http:\/\/www.literaturtelefon-online.de\/wp-content\/uploads\/2024\/10\/tore_renberg-259x300.jpg 259w\" sizes=\"auto, (max-width: 300px) 100vw, 300px\" \/>In Renbergs historischem Roman folgen wir dieser Geschichte durch die Augen verschiedener, unverwechselbarer, historisch belegter Charaktere: Da ist der Arzt, der sich der Wissenschaft verpflichtet f\u00fchlt und das Neugeborene untersucht; da ist der kontroverse und progressive Anwalt, der sich entscheidet, diesen nahezu aussichtslosen Fall zu \u00fcbernehmen; und da ist Annas Vater, ein wohlhabender, einflussreicher Mann, der sich sofort auf die Seite seiner jungen Tochter schl\u00e4gt und alles daran setzt, dass ihr Gerechtigkeit widerf\u00e4hrt, und dessen Hass auf ihre Widersacher so gro\u00df ist, dass er sich schon bald auf einen unerbittlichen Rachefeldzug begibt. Demgegen\u00fcber stehen die K\u00f6chin aus seinem Haushalt, die gegen Anna aussagt, und vor allem der erbarmungslose Ankl\u00e4ger, der das M\u00e4dchen durch grausame Folter zum Gest\u00e4ndnis bringen will. Inmitten all dessen befindet sich die blutjunge Anna, verzweifelt und ver\u00e4ngstigt, aber standhaft in ihrem Beharren darauf, unschuldig zu sein.<\/p>\n<p><em>\u201eDie Lungenschwimmprobe\u201c<\/em> ist ein packender historischer Roman \u00fcber das Zusammenprallen zweier Welten: Die Ausl\u00e4ufer des Mittelalters treffen auf die ersten Ans\u00e4tze der fr\u00fchen Aufkl\u00e4rung, dies alles vor dem dramatischen Hintergrund einer barocken Lebenswelt \u2013 basierend auf wahren Begebenheiten. Die Lungenschwimmprobe selbst gilt als Beginn der modernen Rechtsmedizin.<\/p>\n<p>Tore Renberg (*1972) nimmt in der norwegischen Literatur einen au\u00dfergew\u00f6hnlichen Platz ein, da sein literarisches Werk eine gro\u00dfe Spannbreite umfasst. Er ist einer von Norwegens popul\u00e4rsten und erfolgreichsten Autoren, vielfach preisgekr\u00f6nt, seine B\u00fccher erschienen in 23 L\u00e4ndern. <em>\u201eDie Lungenschwimmprobe\u201c<\/em> ist sein erster historischer Roman, f\u00fcr den er vor Ort in Leipzig akribisch recherchiert hat.<\/p>\n<p><a href=\"https:\/\/de.wikipedia.org\/wiki\/Tore_Renberg\" target=\"_blank\" rel=\"noopener\">Wikipedia \u00fcber den Autor<\/a><\/p>\n<p>Verlag: <a href=\"https:\/\/www.penguin.de\/buecher\/tore-renberg-die-lungenschwimmprobe\/buch\/9783630877778\" target=\"_blank\" rel=\"noopener\">Luchterhand<\/a><\/p>\n<p>Foto: Petter Sandell<\/p>\n<p>literaturtelefon-kiel.de | Telefon: 0431\/901-8888<\/p>\n<\/div>\n","protected":false},"excerpt":{"rendered":"<p>Am Literaturtelefon unter der Rufnummer 0431\/901-8888 und auf www.literaturtelefon-kiel.de liest der norwegische Autor Tore Renberg vom 16. bis 29.12.2024 aus seinem im Oktober 2024 bei Luchterhand erschienenen Roman \u201eDie Lungenschwimmprobe\u201c. (Originaltitel \u201eLungeflytepr\u00f8ven\u201c, \u00dcbersetzung aus dem Norwegischen von Ina Kronenberger und Karoline Hippe). Die Aufnahme entstand anl\u00e4sslich einer Lesung im Literaturhaus S.-H. am 24.10.2024. Leipzig\/Sachsen im [&hellip;]<\/p>\n","protected":false},"author":6,"featured_media":0,"parent":5275,"menu_order":2,"comment_status":"closed","ping_status":"closed","template":"","meta":{"footnotes":""},"class_list":["post-5293","page","type-page","status-publish","hentry"],"_links":{"self":[{"href":"http:\/\/www.literaturtelefon-online.de\/index.php?rest_route=\/wp\/v2\/pages\/5293","targetHints":{"allow":["GET"]}}],"collection":[{"href":"http:\/\/www.literaturtelefon-online.de\/index.php?rest_route=\/wp\/v2\/pages"}],"about":[{"href":"http:\/\/www.literaturtelefon-online.de\/index.php?rest_route=\/wp\/v2\/types\/page"}],"author":[{"embeddable":true,"href":"http:\/\/www.literaturtelefon-online.de\/index.php?rest_route=\/wp\/v2\/users\/6"}],"replies":[{"embeddable":true,"href":"http:\/\/www.literaturtelefon-online.de\/index.php?rest_route=%2Fwp%2Fv2%2Fcomments&post=5293"}],"version-history":[{"count":4,"href":"http:\/\/www.literaturtelefon-online.de\/index.php?rest_route=\/wp\/v2\/pages\/5293\/revisions"}],"predecessor-version":[{"id":5345,"href":"http:\/\/www.literaturtelefon-online.de\/index.php?rest_route=\/wp\/v2\/pages\/5293\/revisions\/5345"}],"up":[{"embeddable":true,"href":"http:\/\/www.literaturtelefon-online.de\/index.php?rest_route=\/wp\/v2\/pages\/5275"}],"wp:attachment":[{"href":"http:\/\/www.literaturtelefon-online.de\/index.php?rest_route=%2Fwp%2Fv2%2Fmedia&parent=5293"}],"curies":[{"name":"wp","href":"https:\/\/api.w.org\/{rel}","templated":true}]}}