{"id":5277,"date":"2024-10-08T18:11:55","date_gmt":"2024-10-08T16:11:55","guid":{"rendered":"http:\/\/www.literaturtelefon-online.de\/?page_id=5277"},"modified":"2024-11-17T16:06:09","modified_gmt":"2024-11-17T14:06:09","slug":"mareike-kruegel","status":"publish","type":"page","link":"http:\/\/www.literaturtelefon-online.de\/?page_id=5277","title":{"rendered":"Mareike Kr\u00fcgel"},"content":{"rendered":"<div style=\"text-align: justify;\">\n<p>Am Literaturtelefon unter der Rufnummer 0431\/901-8888 und auf www.literaturtelefon-kiel.de liest Mareike Kr\u00fcgel vom 18.11. bis 1.12.2024 aus ihrem Anfang August 2024 im Piper Verlag, M\u00fcnchen erschienenen Roman <em>\u201eAlle wissen hier alles\u201c<\/em>. Die Aufnahme entstand anl\u00e4sslich einer Lesung im Literaturhaus S.-H. am 12.9.2024.<\/p>\n<p><!--[if lt IE 9]><script>document.createElement('audio');<\/script><![endif]-->\n<audio class=\"wp-audio-shortcode\" id=\"audio-5277-1\" preload=\"none\" style=\"width: 100%;\" controls=\"controls\"><source type=\"audio\/mpeg\" src=\"http:\/\/www.literaturtelefon-online.de\/wp-content\/uploads\/2024\/10\/mareike_kruegel_alle_wissen_hier_alles.mp3?_=1\" \/><a href=\"http:\/\/www.literaturtelefon-online.de\/wp-content\/uploads\/2024\/10\/mareike_kruegel_alle_wissen_hier_alles.mp3\">http:\/\/www.literaturtelefon-online.de\/wp-content\/uploads\/2024\/10\/mareike_kruegel_alle_wissen_hier_alles.mp3<\/a><\/audio><br \/>\n<br \/>\n<em>\u201eAlle wissen hier alles\u201c<\/em> ist kein idyllischer Dorfroman, sondern ein Roman, der auf spannende und bisweilen schockierende Weise das d\u00f6rfliche Miteinander beleuchtet, den Konflikt zwischen den Geschlechtern nachzeichnet und von zwei Frauen erz\u00e4hlt, deren Leben sich im Spannungsfeld von Autonomie und Abh\u00e4ngigkeit abspielen. Dieser Thematik kann Mareike Kr\u00fcgel auf gewohnt unnachahmlich feine Weise ihre komischen Seiten abgewinnen.<\/p>\n<p><img loading=\"lazy\" decoding=\"async\" class=\"alignright size-full wp-image-5280\" style=\"margin-left: 40px;\" src=\"http:\/\/www.literaturtelefon-online.de\/wp-content\/uploads\/2024\/10\/mareike_kruegel.jpg\" alt=\"\" width=\"300\" height=\"225\" \/>Der Roman spielt im fiktiven Dorf Niewohld, wo jeder jeden kennt und es scheinbar keine Geheimnisse gibt. Schnell wird aber klar, dass die Dorfbewohner*innen nur das wissen, was sie wissen wollen. Als Kasia mit ihrer Tochter vor dem gewaltt\u00e4tigen Ehemann zur alleinerziehenden Martina flieht, geraten die beiden M\u00fctter bald in ein Kreuzfeuer aus Ger\u00fcchten und Verleumdungen. Weder die Erzieherinnen des Kindergartens noch Martinas Ex-Partner Carsten wollen Verst\u00e4ndnis f\u00fcr die Situation der beiden Frauen aufbringen. Die Beziehung zwischen Martina und Carsten ist zwar nicht so katastrophal wie die zwischen Kasia und Dieter, aber ebenfalls voller Abgr\u00fcnde und Missverst\u00e4ndnisse.<\/p>\n<p>Mareike Kr\u00fcgel, 1977 in Kiel geboren, studierte am Deutschen Literaturinstitut in Leipzig. Sie erhielt zahlreiche Stipendien, u.a. in der Villa Decius in Krakau, und ist Mitglied im PEN Deutschland. Im Jahr 2003 bekam sie den F\u00f6rderpreis der Stadt Hamburg und wurde 2006 mit dem Friedrich-Hebbel-Preis ausgezeichnet. Mareike Kr\u00fcgel hat f\u00fcnf Romane ver\u00f6ffentlicht, zuletzt <em>\u201eSchwester\u201c<\/em>, au\u00dferdem im Sommer 2022 die <em>\u201eGebrauchsanweisung f\u00fcr Schleswig-Holstein\u201c<\/em>. Mareike Kr\u00fcgel lebt zusammen mit dem Schriftsteller Jan Christophersen und den gemeinsamen Kindern an der Schleswig-Holsteinischen K\u00fcste.<\/p>\n<p>Website der Autorin: <a href=\"http:\/\/www.mareikekruegel.de\" target=\"_blank\" rel=\"noopener\">www.mareikekruegel.de<\/a><\/p>\n<p><a href=\"https:\/\/de.wikipedia.org\/wiki\/Mareike_Kr%C3%BCgel\" target=\"_blank\" rel=\"noopener\">Wikipedia \u00fcber die Autorin<\/a><\/p>\n<p>Verlag: <a href=\"https:\/\/www.piper.de\/buecher\/alle-wissen-hier-alles-isbn-978-3-492-06093-6\" target=\"_blank\" rel=\"noopener\">Piper Verlag, M\u00fcnchen<\/a><\/p>\n<p>Foto: Peter von Felbert<\/p>\n<p>literaturtelefon-online.de | Telefon: 0431\/901-8888<\/p>\n<\/div>\n","protected":false},"excerpt":{"rendered":"<p>Am Literaturtelefon unter der Rufnummer 0431\/901-8888 und auf www.literaturtelefon-kiel.de liest Mareike Kr\u00fcgel vom 18.11. bis 1.12.2024 aus ihrem Anfang August 2024 im Piper Verlag, M\u00fcnchen erschienenen Roman \u201eAlle wissen hier alles\u201c. Die Aufnahme entstand anl\u00e4sslich einer Lesung im Literaturhaus S.-H. am 12.9.2024. \u201eAlle wissen hier alles\u201c ist kein idyllischer Dorfroman, sondern ein Roman, der auf [&hellip;]<\/p>\n","protected":false},"author":6,"featured_media":0,"parent":5273,"menu_order":2,"comment_status":"closed","ping_status":"closed","template":"","meta":{"footnotes":""},"class_list":["post-5277","page","type-page","status-publish","hentry"],"_links":{"self":[{"href":"http:\/\/www.literaturtelefon-online.de\/index.php?rest_route=\/wp\/v2\/pages\/5277","targetHints":{"allow":["GET"]}}],"collection":[{"href":"http:\/\/www.literaturtelefon-online.de\/index.php?rest_route=\/wp\/v2\/pages"}],"about":[{"href":"http:\/\/www.literaturtelefon-online.de\/index.php?rest_route=\/wp\/v2\/types\/page"}],"author":[{"embeddable":true,"href":"http:\/\/www.literaturtelefon-online.de\/index.php?rest_route=\/wp\/v2\/users\/6"}],"replies":[{"embeddable":true,"href":"http:\/\/www.literaturtelefon-online.de\/index.php?rest_route=%2Fwp%2Fv2%2Fcomments&post=5277"}],"version-history":[{"count":9,"href":"http:\/\/www.literaturtelefon-online.de\/index.php?rest_route=\/wp\/v2\/pages\/5277\/revisions"}],"predecessor-version":[{"id":5323,"href":"http:\/\/www.literaturtelefon-online.de\/index.php?rest_route=\/wp\/v2\/pages\/5277\/revisions\/5323"}],"up":[{"embeddable":true,"href":"http:\/\/www.literaturtelefon-online.de\/index.php?rest_route=\/wp\/v2\/pages\/5273"}],"wp:attachment":[{"href":"http:\/\/www.literaturtelefon-online.de\/index.php?rest_route=%2Fwp%2Fv2%2Fmedia&parent=5277"}],"curies":[{"name":"wp","href":"https:\/\/api.w.org\/{rel}","templated":true}]}}