{"id":5238,"date":"2024-09-09T20:52:08","date_gmt":"2024-09-09T18:52:08","guid":{"rendered":"http:\/\/www.literaturtelefon-online.de\/?page_id=5238"},"modified":"2024-09-22T02:27:46","modified_gmt":"2024-09-22T00:27:46","slug":"bjoern-hoegsdal","status":"publish","type":"page","link":"http:\/\/www.literaturtelefon-online.de\/?page_id=5238","title":{"rendered":"Bj\u00f6rn H\u00f6gsdal"},"content":{"rendered":"<div style=\"text-align: justify;\">\n<p>Am Literaturtelefon unter der Rufnummer 0431\/901-8888 und auf www.literaturtelefon-online.de liest Bj\u00f6rn H\u00f6gsdal vom 23.9. bis 6.10.2024 seine satirische Erz\u00e4hlung <em>\u201eDie Besteigung des Bungsbergs\u201c<\/em>.<\/p>\n<p><!--[if lt IE 9]><script>document.createElement('audio');<\/script><![endif]-->\n<audio class=\"wp-audio-shortcode\" id=\"audio-5238-1\" preload=\"none\" style=\"width: 100%;\" controls=\"controls\"><source type=\"audio\/mpeg\" src=\"http:\/\/www.literaturtelefon-online.de\/wp-content\/uploads\/2024\/09\/Bjoern_Hoegsdal_Bungsberg.mp3?_=1\" \/><a href=\"http:\/\/www.literaturtelefon-online.de\/wp-content\/uploads\/2024\/09\/Bjoern_Hoegsdal_Bungsberg.mp3\">http:\/\/www.literaturtelefon-online.de\/wp-content\/uploads\/2024\/09\/Bjoern_Hoegsdal_Bungsberg.mp3<\/a><\/audio><br \/>\n<br \/>\n<img loading=\"lazy\" decoding=\"async\" class=\"alignright size-full wp-image-5241\" style=\"margin-left: 40px;\" src=\"http:\/\/www.literaturtelefon-online.de\/wp-content\/uploads\/2024\/09\/Bjoern_Hoegsdal.jpg\" alt=\"\" width=\"300\" height=\"450\" srcset=\"http:\/\/www.literaturtelefon-online.de\/wp-content\/uploads\/2024\/09\/Bjoern_Hoegsdal.jpg 300w, http:\/\/www.literaturtelefon-online.de\/wp-content\/uploads\/2024\/09\/Bjoern_Hoegsdal-200x300.jpg 200w\" sizes=\"auto, (max-width: 300px) 100vw, 300px\" \/>Der Berg ruft \u2013 mit sagenhaften 168 Metern H\u00f6he! <em>\u201eDie Besteigung des Bungsbergs\u201c<\/em> ist eine satirische Ann\u00e4herung an gescheiterte Expeditionen fr\u00fcherer Zeiten mit Lokalkolorit. Der Text entstand k\u00fcrzlich f\u00fcr die Septemberausgabe der Kieler Leseb\u00fchne \u201eIrgendwas mit M\u00f6wen\u201c, die immer am ersten Donnerstag eines Monats im Kieler Kulturforum stattfindet. Die Kult-Leseb\u00fchne vereint die Cr\u00e8me de la Cr\u00e8me der schleswig-holsteinischen Poetry-Slam-Szene und pr\u00e4sentiert frische Texte aus den eigenen Federn. Mit an Bord sind einige der erfolgreichsten Spokenword-Autor*innen und Slam-Poet*innen der letzten Jahre: Bj\u00f6rn H\u00f6gsdal, Mona Harry, Michel K\u00fchn, Florian Hacke, Selina Seemann, Stefan Schwarck, Jann Wattjes und Bj\u00f6rn Katzur.<\/p>\n<p>Bj\u00f6rn H\u00f6gsdal (*1975 in K\u00f6ln) ist Autor, Slampoet, Veranstalter, Moderator und Workshop-Leiter aus Kiel. Er ist der Begr\u00fcnder der Poetry-Slam-Szene in Schleswig-Holstein und betreibt mit <a href=\"http:\/\/www.assembleart.com\" target=\"_blank\" rel=\"noopener\">www.assembleart.com<\/a> die gr\u00f6\u00dfte und \u00e4lteste Agentur f\u00fcr Poetry Slams und Spokenword-Veranstaltungen und K\u00fcnstler*innen des Landes.<\/p>\n<p>Zuletzt war Bj\u00f6rn H\u00f6gsdal im September 2020 mit seinem Text <a href=\"http:\/\/www.literaturtelefon-online.de\/?page_id=3779\"><em>\u201eWann endet ein Niewieder?\u201c<\/em> am Literaturtelefon<\/a> zu h\u00f6ren.<\/p>\n<p>Website des Autors: <a href=\"http:\/\/www.assembleart.com\" target=\"_blank\" rel=\"noopener\">www.assembleart.com<\/a><\/p>\n<p><a href=\"https:\/\/de.wikipedia.org\/wiki\/Bj%C3%B6rn_H%C3%B6gsdal\" target=\"_blank\" rel=\"noopener\">Wikipedia \u00fcber den Autor<\/a><\/p>\n<p><a href=\"https:\/\/literaturland-sh.de\/autorinnen\/h\/hoegsdal-bjoern\" target=\"_blank\" rel=\"noopener\">literaturland-sh.de \u00fcber den Autor<\/a><\/p>\n<p>Foto: Sven Zimmermann<\/p>\n<p>literaturtelefon-online.de | Telefon: 0431\/901-8888<\/p>\n<\/div>\n","protected":false},"excerpt":{"rendered":"<p>Am Literaturtelefon unter der Rufnummer 0431\/901-8888 und auf www.literaturtelefon-online.de liest Bj\u00f6rn H\u00f6gsdal vom 23.9. bis 6.10.2024 seine satirische Erz\u00e4hlung \u201eDie Besteigung des Bungsbergs\u201c. Der Berg ruft \u2013 mit sagenhaften 168 Metern H\u00f6he! \u201eDie Besteigung des Bungsbergs\u201c ist eine satirische Ann\u00e4herung an gescheiterte Expeditionen fr\u00fcherer Zeiten mit Lokalkolorit. Der Text entstand k\u00fcrzlich f\u00fcr die Septemberausgabe der [&hellip;]<\/p>\n","protected":false},"author":6,"featured_media":0,"parent":5201,"menu_order":3,"comment_status":"closed","ping_status":"closed","template":"","meta":{"footnotes":""},"class_list":["post-5238","page","type-page","status-publish","hentry"],"_links":{"self":[{"href":"http:\/\/www.literaturtelefon-online.de\/index.php?rest_route=\/wp\/v2\/pages\/5238","targetHints":{"allow":["GET"]}}],"collection":[{"href":"http:\/\/www.literaturtelefon-online.de\/index.php?rest_route=\/wp\/v2\/pages"}],"about":[{"href":"http:\/\/www.literaturtelefon-online.de\/index.php?rest_route=\/wp\/v2\/types\/page"}],"author":[{"embeddable":true,"href":"http:\/\/www.literaturtelefon-online.de\/index.php?rest_route=\/wp\/v2\/users\/6"}],"replies":[{"embeddable":true,"href":"http:\/\/www.literaturtelefon-online.de\/index.php?rest_route=%2Fwp%2Fv2%2Fcomments&post=5238"}],"version-history":[{"count":6,"href":"http:\/\/www.literaturtelefon-online.de\/index.php?rest_route=\/wp\/v2\/pages\/5238\/revisions"}],"predecessor-version":[{"id":5246,"href":"http:\/\/www.literaturtelefon-online.de\/index.php?rest_route=\/wp\/v2\/pages\/5238\/revisions\/5246"}],"up":[{"embeddable":true,"href":"http:\/\/www.literaturtelefon-online.de\/index.php?rest_route=\/wp\/v2\/pages\/5201"}],"wp:attachment":[{"href":"http:\/\/www.literaturtelefon-online.de\/index.php?rest_route=%2Fwp%2Fv2%2Fmedia&parent=5238"}],"curies":[{"name":"wp","href":"https:\/\/api.w.org\/{rel}","templated":true}]}}