{"id":5225,"date":"2024-09-04T21:24:47","date_gmt":"2024-09-04T19:24:47","guid":{"rendered":"http:\/\/www.literaturtelefon-online.de\/?page_id=5225"},"modified":"2024-09-09T01:10:44","modified_gmt":"2024-09-08T23:10:44","slug":"therese-chromik","status":"publish","type":"page","link":"http:\/\/www.literaturtelefon-online.de\/?page_id=5225","title":{"rendered":"Therese Chromik"},"content":{"rendered":"<div style=\"text-align: justify;\">\n<p>Am Literaturtelefon unter der Rufnummer 0431\/901-8888 und auf www.literaturtelefon-online.de liest Therese Chromik vom 9. bis 22.9.2024 aus ihrem 2023 im Verlag Ralf Liebe, Weilerswist erschienenen Lyrikband <em>\u201eDie Nachtigall und das Chaos\u201c<\/em>.<\/p>\n<p><!--[if lt IE 9]><script>document.createElement('audio');<\/script><![endif]-->\n<audio class=\"wp-audio-shortcode\" id=\"audio-5225-1\" preload=\"none\" style=\"width: 100%;\" controls=\"controls\"><source type=\"audio\/mpeg\" src=\"http:\/\/www.literaturtelefon-online.de\/wp-content\/uploads\/2024\/09\/therese_chromik_nachtigall_chaos.mp3?_=1\" \/><a href=\"http:\/\/www.literaturtelefon-online.de\/wp-content\/uploads\/2024\/09\/therese_chromik_nachtigall_chaos.mp3\">http:\/\/www.literaturtelefon-online.de\/wp-content\/uploads\/2024\/09\/therese_chromik_nachtigall_chaos.mp3<\/a><\/audio><br \/>\n<br \/>\nTherese Chromik legt in ihrem neuen Lyrikband neue Gedichte in einer neuen Welt vor. Ihre vormals optimistisch gepr\u00e4gten Gedichte sind eingetr\u00fcbt durch die ver\u00e4nderte Wirklichkeit \u2013 Pandemie, Krieg, Klimakatastrophen hinterlassen Spuren. Die Poetin ist immer auch Berichterstatterin: Erlebtes und Reflektiertes gehen Hand in Hand, ohne dass der poetische Glanz beeintr\u00e4chtigt wird. Chromik verzichtet nicht auf die Fortschreibung der angestammten Motive: der radschlagende Pfau, die gurrenden Tauben, die Amseln und die Libellen, und irgendwo auf den Seiten zwitschern noch zwei Meisen.<\/p>\n<p><img loading=\"lazy\" decoding=\"async\" class=\"alignright size-full wp-image-5228\" style=\"margin-left: 40px;\" src=\"http:\/\/www.literaturtelefon-online.de\/wp-content\/uploads\/2024\/09\/therese_chromik.jpg\" alt=\"\" width=\"300\" height=\"377\" srcset=\"http:\/\/www.literaturtelefon-online.de\/wp-content\/uploads\/2024\/09\/therese_chromik.jpg 300w, http:\/\/www.literaturtelefon-online.de\/wp-content\/uploads\/2024\/09\/therese_chromik-239x300.jpg 239w\" sizes=\"auto, (max-width: 300px) 100vw, 300px\" \/>\u201eWenn ich Gedichte schreibe, will ich beides bedienen: Gef\u00fchl und Verstand, zum Nachdenken und Nachf\u00fchlen einladen. Erkenntniskern und Empfindungskern im lyrischen Apfel &#8230; So will ich es.\u201c (Therese Chromik)<\/p>\n<p>Therese Chromik, geboren 1943 in Liegnitz \/ Niederschlesien, studierte Philosophie, Germanistik, Geografie und Kunst in Marburg und Kiel. Sie unterrichtete an Gymnasien in Kiel und Husum. 2000 bis 2007 war sie Direktorin der Theodor-Storm-Schule in Husum. Viele Jahre leitete sie Werkst\u00e4tten f\u00fcr kreatives Schreiben mit Sch\u00fcler*innen und Erwachsenen. Im Sommer 2008 war sie Dozentin f\u00fcr Literatur und Kreatives Schreiben in der Junior Akademie St. Peter Ording.<\/p>\n<p>Insbesondere f\u00fcr ihr lyrisches Werk erhielt sie viele Preise, darunter den Landespreis der GEDOK S-H 1989, die Andreas-Gryphius-Ehrengabe 1994, das Stipendium des K\u00fcnstlerhauses Edenkoben 1999, den Literaturpreis der K\u00fcnstlergilde 2000, den Edith Heine-Lyrikpreis des Kulturwerks Schlesien 2011, den Nikolaus-Lenau-Preis 2012 und den Andreas-Gryphius-Preis 2014.<\/p>\n<p>Seit Oktober 2021 betreibt Therese Chromik den <a href=\"https:\/\/jeden-sonntag-eingedicht.podigee.io\/\" target=\"_blank\" rel=\"noopener\">poetischen Podcast \u201eJeden Sonntag ein Gedicht\u201c<\/a>.<\/p>\n<p>Ihren neuen Lyrikband stellt Therese Chromik am <strong>10. September 2024, 19:30 Uhr im Literaturhaus SH<\/strong> vor.<\/p>\n<p>Am Literaturtelefon war Therese Chromik zuletzt <a href=\"http:\/\/www.literaturtelefon-online.de\/?page_id=3394\">im September 2019 mit ihrem Lyrikband <em>\u201eBlau ist mein Hut\u201c<\/em><\/a> zu h\u00f6ren.<\/p>\n<p>Website der Autorin: <a href=\"http:\/\/theresechromik.com\" target=\"_blank\" rel=\"noopener\">theresechromik.com<\/a><\/p>\n<p><a href=\"https:\/\/de.wikipedia.org\/wiki\/Therese_Chromik\" target=\"_blank\" rel=\"noopener\">Wikipedia \u00fcber die Autorin<\/a><\/p>\n<p><a href=\"https:\/\/literaturland-sh.de\/autorinnen\/chromik-therese\" target=\"_blank\" rel=\"noopener\">literaturland-sh.de \u00fcber die Autorin<\/a><\/p>\n<p>Verlag: <a href=\"https:\/\/www.verlag-ralf-liebe.de\/programm\/277\/die-nachtigall-und-das-chaos\/\" target=\"_blank\" rel=\"noopener\">Verlag Ralf Liebe, Weilerswist<\/a><\/p>\n<p>Foto: privat<\/p>\n<p>literaturtelefon-online.de | Telefon: 0431\/901-8888<\/p>\n<\/div>\n","protected":false},"excerpt":{"rendered":"<p>Am Literaturtelefon unter der Rufnummer 0431\/901-8888 und auf www.literaturtelefon-online.de liest Therese Chromik vom 9. bis 22.9.2024 aus ihrem 2023 im Verlag Ralf Liebe, Weilerswist erschienenen Lyrikband \u201eDie Nachtigall und das Chaos\u201c. Therese Chromik legt in ihrem neuen Lyrikband neue Gedichte in einer neuen Welt vor. Ihre vormals optimistisch gepr\u00e4gten Gedichte sind eingetr\u00fcbt durch die ver\u00e4nderte [&hellip;]<\/p>\n","protected":false},"author":6,"featured_media":0,"parent":5201,"menu_order":2,"comment_status":"closed","ping_status":"closed","template":"","meta":{"footnotes":""},"class_list":["post-5225","page","type-page","status-publish","hentry"],"_links":{"self":[{"href":"http:\/\/www.literaturtelefon-online.de\/index.php?rest_route=\/wp\/v2\/pages\/5225","targetHints":{"allow":["GET"]}}],"collection":[{"href":"http:\/\/www.literaturtelefon-online.de\/index.php?rest_route=\/wp\/v2\/pages"}],"about":[{"href":"http:\/\/www.literaturtelefon-online.de\/index.php?rest_route=\/wp\/v2\/types\/page"}],"author":[{"embeddable":true,"href":"http:\/\/www.literaturtelefon-online.de\/index.php?rest_route=\/wp\/v2\/users\/6"}],"replies":[{"embeddable":true,"href":"http:\/\/www.literaturtelefon-online.de\/index.php?rest_route=%2Fwp%2Fv2%2Fcomments&post=5225"}],"version-history":[{"count":6,"href":"http:\/\/www.literaturtelefon-online.de\/index.php?rest_route=\/wp\/v2\/pages\/5225\/revisions"}],"predecessor-version":[{"id":5235,"href":"http:\/\/www.literaturtelefon-online.de\/index.php?rest_route=\/wp\/v2\/pages\/5225\/revisions\/5235"}],"up":[{"embeddable":true,"href":"http:\/\/www.literaturtelefon-online.de\/index.php?rest_route=\/wp\/v2\/pages\/5201"}],"wp:attachment":[{"href":"http:\/\/www.literaturtelefon-online.de\/index.php?rest_route=%2Fwp%2Fv2%2Fmedia&parent=5225"}],"curies":[{"name":"wp","href":"https:\/\/api.w.org\/{rel}","templated":true}]}}