{"id":5191,"date":"2024-07-10T00:15:22","date_gmt":"2024-07-09T22:15:22","guid":{"rendered":"http:\/\/www.literaturtelefon-online.de\/?page_id=5191"},"modified":"2024-08-11T22:23:46","modified_gmt":"2024-08-11T20:23:46","slug":"chantal-fleur-sandjon","status":"publish","type":"page","link":"http:\/\/www.literaturtelefon-online.de\/?page_id=5191","title":{"rendered":"Chantal-Fleur Sandjon"},"content":{"rendered":"<div style=\"text-align: justify;\">\n<p>Am Literaturtelefon unter der Rufnummer 0431\/901-8888 und auf www.literaturtelefon-online.de liest Chantal-Fleur Sandjon vom 12. bis 25. August 2024 aus ihrem 2022 im Thienemann Verlag erschienenen und mit dem Deutschen Jugendliteraturpreis ausgezeichneten Coming-of-Age-Roman <em>\u201eDie Sonne, so strahlend und Schwarz\u201c<\/em>. Die Aufnahme entstand anl\u00e4sslich einer Lesung im Literaturhaus S.-H. am 9. Juli 2024.<\/p>\n<p><!--[if lt IE 9]><script>document.createElement('audio');<\/script><![endif]-->\n<audio class=\"wp-audio-shortcode\" id=\"audio-5191-1\" preload=\"none\" style=\"width: 100%;\" controls=\"controls\"><source type=\"audio\/mpeg\" src=\"http:\/\/www.literaturtelefon-online.de\/wp-content\/uploads\/2024\/07\/chantal-fleur_sandjon_die_sonne.mp3?_=1\" \/><a href=\"http:\/\/www.literaturtelefon-online.de\/wp-content\/uploads\/2024\/07\/chantal-fleur_sandjon_die_sonne.mp3\">http:\/\/www.literaturtelefon-online.de\/wp-content\/uploads\/2024\/07\/chantal-fleur_sandjon_die_sonne.mp3<\/a><\/audio><br \/>\n<br \/>\n<img loading=\"lazy\" decoding=\"async\" class=\"alignright size-full wp-image-5193\" style=\"margin-left: 40px;\" src=\"http:\/\/www.literaturtelefon-online.de\/wp-content\/uploads\/2024\/07\/chantal-fleur_sandjon.jpg\" alt=\"\" width=\"300\" height=\"450\" srcset=\"http:\/\/www.literaturtelefon-online.de\/wp-content\/uploads\/2024\/07\/chantal-fleur_sandjon.jpg 300w, http:\/\/www.literaturtelefon-online.de\/wp-content\/uploads\/2024\/07\/chantal-fleur_sandjon-200x300.jpg 200w\" sizes=\"auto, (max-width: 300px) 100vw, 300px\" \/>Temporeich und in Versen geschrieben, voller Tiefgang und Gef\u00fchl erz\u00e4hlt <em>\u201eDie Sonne, so strahlend und Schwarz\u201c<\/em> von einer queeren, Schwarzen Protagonistin, die den Mut findet, nach vorn zu schauen. Seit ihrer ersten Begegnung ist Nova v\u00f6llig fasziniert von Akoua. Ihre Gedanken kreisen nur noch um dieses M\u00e4dchen, das mit ihrem Strahlen Novas Welt zum Leuchten bringt. Es ist Liebe auf den ersten Blick und der Beginn einer aufregenden Zeit voller erster Male. Ein Neuanfang, der keinen Platz mehr f\u00fcr bittere Erinnerungen l\u00e4sst. Denn Nova ist gl\u00fccklich und denkt kaum noch an das, was ihre Mutter, ihr kleiner Halbbruder und sie erlebt haben. Doch dann geschieht das Unvorstellbare und der Schmerz kehrt zur\u00fcck \u2026<\/p>\n<p>Chantal-Fleur Sandjon ist eine afrodeutsche Autorin, Lektorin und Prozessbegleiterin. Als Autorin und Spoken-Word-K\u00fcnstlerin gilt ihr Interesse besonders der vielschichtigen Darstellung Schwarzer Lebenswelten in Deutschland, dem Einschreiben in Vergangenheit, Gegenwart und Zukunft. <em>\u201eDie Sonne, so strahlend und Schwarz\u201c<\/em> wurde 2023 mit dem Deutschen Jugendliteraturpreis, dem Vielfalter-Literaturpreis und dem Kranichsteiner Jugendliteratur-Stipendium ausgezeichnet. Das Buch wurde au\u00dferdem nominiert f\u00fcr den \u201eDELIA-Literaturpreis\u201c und den \u201eWi(e)derworte-Jugendbuchpreis\u201c. Weitere Auszeichnungen: \u201eJugendbuch des Monats Oktober der Akademie f\u00fcr KJL\u201c, \u201eDie besten 7 im Oktober\u201c (DLF), \u201eLeselotse\u201c September\/Oktober (B\u00f6rsenblatt) und der \u201eEsel des Monats November der Zeitschrift Eselsohr\u201c.<\/p>\n<p>In der Vergangenheit hat Sandjon zudem Audioinstallationen und Texte f\u00fcr Ausstellungen wie \u201eHomestory Deutschland\u201c oder \u201eFreedom Roads\u201c entwickelt und performative Stadtrundg\u00e4nge zu postkolonialer Geschichte und Gegenwart Berlins gestaltet. Ihre Spoken-Word-Texte, die Resilienz und Reclaiming feiern, werden seit Jahren in wissenschaftlichen Artikeln analysiert und zitiert.<\/p>\n<p>Sandjon lebt nach Aufenthalten in Johannesburg, London und Frankfurt mit ihren zwei Kindern mittlerweile wieder in ihrer Heimatstadt Berlin.<\/p>\n<p>Autorin: <a href=\"http:\/\/cfsandjon.de\" target=\"_blank\" rel=\"noopener\">cfsandjon.de<\/a><\/p>\n<p><a href=\"https:\/\/de.wikipedia.org\/wiki\/Chantal-Fleur_Sandjon\" target=\"_blank\" rel=\"noopener\">Wikipedia \u00fcber die Autorin<\/a><\/p>\n<p>Verlag: <a href=\"https:\/\/www.thienemann.de\/produkt\/jugendbuecher\/die-sonne-so-strahlend-und-schwarz-isbn-978-3-522-20286-2\" target=\"_blank\" rel=\"noopener\">Thienemann Verlag<\/a><\/p>\n<p>Foto: Sebastian Kissel<\/p>\n<p>literaturtelefon-online.de | Telefon: 0431\/901-8888<\/p>\n<\/div>\n","protected":false},"excerpt":{"rendered":"<p>Am Literaturtelefon unter der Rufnummer 0431\/901-8888 und auf www.literaturtelefon-online.de liest Chantal-Fleur Sandjon vom 12. bis 25. August 2024 aus ihrem 2022 im Thienemann Verlag erschienenen und mit dem Deutschen Jugendliteraturpreis ausgezeichneten Coming-of-Age-Roman \u201eDie Sonne, so strahlend und Schwarz\u201c. Die Aufnahme entstand anl\u00e4sslich einer Lesung im Literaturhaus S.-H. am 9. Juli 2024. Temporeich und in Versen [&hellip;]<\/p>\n","protected":false},"author":6,"featured_media":0,"parent":5168,"menu_order":2,"comment_status":"closed","ping_status":"closed","template":"","meta":{"footnotes":""},"class_list":["post-5191","page","type-page","status-publish","hentry"],"_links":{"self":[{"href":"http:\/\/www.literaturtelefon-online.de\/index.php?rest_route=\/wp\/v2\/pages\/5191","targetHints":{"allow":["GET"]}}],"collection":[{"href":"http:\/\/www.literaturtelefon-online.de\/index.php?rest_route=\/wp\/v2\/pages"}],"about":[{"href":"http:\/\/www.literaturtelefon-online.de\/index.php?rest_route=\/wp\/v2\/types\/page"}],"author":[{"embeddable":true,"href":"http:\/\/www.literaturtelefon-online.de\/index.php?rest_route=\/wp\/v2\/users\/6"}],"replies":[{"embeddable":true,"href":"http:\/\/www.literaturtelefon-online.de\/index.php?rest_route=%2Fwp%2Fv2%2Fcomments&post=5191"}],"version-history":[{"count":4,"href":"http:\/\/www.literaturtelefon-online.de\/index.php?rest_route=\/wp\/v2\/pages\/5191\/revisions"}],"predecessor-version":[{"id":5197,"href":"http:\/\/www.literaturtelefon-online.de\/index.php?rest_route=\/wp\/v2\/pages\/5191\/revisions\/5197"}],"up":[{"embeddable":true,"href":"http:\/\/www.literaturtelefon-online.de\/index.php?rest_route=\/wp\/v2\/pages\/5168"}],"wp:attachment":[{"href":"http:\/\/www.literaturtelefon-online.de\/index.php?rest_route=%2Fwp%2Fv2%2Fmedia&parent=5191"}],"curies":[{"name":"wp","href":"https:\/\/api.w.org\/{rel}","templated":true}]}}