{"id":5131,"date":"2024-05-06T21:12:17","date_gmt":"2024-05-06T19:12:17","guid":{"rendered":"http:\/\/www.literaturtelefon-online.de\/?page_id=5131"},"modified":"2024-06-16T05:17:05","modified_gmt":"2024-06-16T03:17:05","slug":"junger-literaturpreis-s-h-2024-matthias-eckstaedt","status":"publish","type":"page","link":"http:\/\/www.literaturtelefon-online.de\/?page_id=5131","title":{"rendered":"Junger Literaturpreis S.-H. 2024: Matthias Eckst\u00e4dt"},"content":{"rendered":"<p style=\"text-align: justify;\">Am Literaturtelefon unter der Rufnummer 0431\/901-8888 und auf www.literaturtelefon-online.de sind in diesen und den n\u00e4chsten Wochen die Preistr\u00e4ger*innen des vom Freundeskreis des Literaturhauses Schleswig-Holstein e.V. ausgeschriebenen Jungen Literaturpreises S.-H. 2024 zu h\u00f6ren. Der 20-j\u00e4hrige Matthias Eckst\u00e4dt aus L\u00fcbeck gewann mit seinem Text <em>\u201eLautlos\u201c<\/em> den 2. Preis, den er hier vom 17. bis 30.6.2024 liest. Die Aufnahme entstand im Rahmen der Preisverleihung am 24. April 2024 im Literaturhaus S.-H.<\/p>\n<p><!--[if lt IE 9]><script>document.createElement('audio');<\/script><![endif]-->\n<audio class=\"wp-audio-shortcode\" id=\"audio-5131-1\" preload=\"none\" style=\"width: 100%;\" controls=\"controls\"><source type=\"audio\/mpeg\" src=\"http:\/\/www.literaturtelefon-online.de\/wp-content\/uploads\/2024\/05\/matthias_eckstaedt_lautlos.mp3?_=1\" \/><a href=\"http:\/\/www.literaturtelefon-online.de\/wp-content\/uploads\/2024\/05\/matthias_eckstaedt_lautlos.mp3\">http:\/\/www.literaturtelefon-online.de\/wp-content\/uploads\/2024\/05\/matthias_eckstaedt_lautlos.mp3<\/a><\/audio><br \/>\n<\/p>\n<p style=\"text-align: justify;\"><img loading=\"lazy\" decoding=\"async\" class=\"alignright size-full wp-image-5105\" style=\"margin-left: 40px;\" src=\"http:\/\/www.literaturtelefon-online.de\/wp-content\/uploads\/2024\/04\/matthias_eckstaedt.jpg\" alt=\"\" width=\"300\" height=\"417\" srcset=\"http:\/\/www.literaturtelefon-online.de\/wp-content\/uploads\/2024\/04\/matthias_eckstaedt.jpg 300w, http:\/\/www.literaturtelefon-online.de\/wp-content\/uploads\/2024\/04\/matthias_eckstaedt-216x300.jpg 216w\" sizes=\"auto, (max-width: 300px) 100vw, 300px\" \/>Aus der Laudatio der Jury: \u201eDer Autor erz\u00e4hlt mit ruhiger, unaufgeregter Sprache von der Stille nach dem Sturm. Louis, der Protagonist, hat einen langen, langen Traum getr\u00e4umt, der so schrill und laut war, dass er daraus erwacht ist. Nun findet Louis sich zwischen Himmel und Meer, und da ist nur noch Stille.<\/p>\n<p style=\"text-align: justify;\">Die Situation w\u00fcrden andere Menschen als Bedrohung empfinden. Louis selbst w\u00fcrde einem da wohl widersprechen: Die \u2019Trag\u00f6die\u2019 wird f\u00fcr ihn zum Befreiungserlebnis. In dem Moment, von dem die Geschichte erz\u00e4hlt, ver\u00e4ndert sich Louis\u2019 Blick auf die Welt. Zitat: \u2019Er schaut in den Himmel und so wie das Meer den Himmel spiegelt, sieht er auch sich und sein Boot im Himmel gespiegelt. Er schaut von oben herab und sieht einen gl\u00fccklichen jungen Mann.\u2019<\/p>\n<p style=\"text-align: justify;\">Himmel und Meer sind Abbilder voneinander; sie gleichen einander. Was in der Geschichte im Meer passiert, findet sein Spiegelbild im Himmel. Diese Idee ist einfach, aber sie ist auch unglaublich sch\u00f6n. Sie wird vom Autor mit ruhiger Sprache ausgearbeitet und intelligent umgesetzt. Sogar die Wellen werden im Himmel abgebildet in Gestalt eines kreisenden Seevogels. Das Geschick bei der Entwicklung dieses Bildes ist aber gar nicht das eigentlich Bemerkenswerte an der Geschichte. Die Idee von Himmel und Meer, die einander spiegeln, ist deswegen so sch\u00f6n, weil sie es erlaubt, Bewegungen umzudeuten.\u201c<\/p>\n<p style=\"text-align: justify;\">Die Texte aller diesj\u00e4hrigen Preistr\u00e4ger*innen sind nachzulesen unter: <a href=\"https:\/\/flsh-kiel.de\/2024\/04\/29\/preistraegerinnentexte-junger-literaturpreis-schleswig-holstein-2024\/\" target=\"_blank\" rel=\"noopener\">www.flsh-kiel.de<\/a>.<\/p>\n<p>Foto: Nicola Paustian<\/p>\n","protected":false},"excerpt":{"rendered":"<p>Am Literaturtelefon unter der Rufnummer 0431\/901-8888 und auf www.literaturtelefon-online.de sind in diesen und den n\u00e4chsten Wochen die Preistr\u00e4ger*innen des vom Freundeskreis des Literaturhauses Schleswig-Holstein e.V. ausgeschriebenen Jungen Literaturpreises S.-H. 2024 zu h\u00f6ren. Der 20-j\u00e4hrige Matthias Eckst\u00e4dt aus L\u00fcbeck gewann mit seinem Text \u201eLautlos\u201c den 2. Preis, den er hier vom 17. bis 30.6.2024 liest. Die [&hellip;]<\/p>\n","protected":false},"author":6,"featured_media":0,"parent":5127,"menu_order":2,"comment_status":"closed","ping_status":"closed","template":"","meta":{"footnotes":""},"class_list":["post-5131","page","type-page","status-publish","hentry"],"_links":{"self":[{"href":"http:\/\/www.literaturtelefon-online.de\/index.php?rest_route=\/wp\/v2\/pages\/5131","targetHints":{"allow":["GET"]}}],"collection":[{"href":"http:\/\/www.literaturtelefon-online.de\/index.php?rest_route=\/wp\/v2\/pages"}],"about":[{"href":"http:\/\/www.literaturtelefon-online.de\/index.php?rest_route=\/wp\/v2\/types\/page"}],"author":[{"embeddable":true,"href":"http:\/\/www.literaturtelefon-online.de\/index.php?rest_route=\/wp\/v2\/users\/6"}],"replies":[{"embeddable":true,"href":"http:\/\/www.literaturtelefon-online.de\/index.php?rest_route=%2Fwp%2Fv2%2Fcomments&post=5131"}],"version-history":[{"count":10,"href":"http:\/\/www.literaturtelefon-online.de\/index.php?rest_route=\/wp\/v2\/pages\/5131\/revisions"}],"predecessor-version":[{"id":5142,"href":"http:\/\/www.literaturtelefon-online.de\/index.php?rest_route=\/wp\/v2\/pages\/5131\/revisions\/5142"}],"up":[{"embeddable":true,"href":"http:\/\/www.literaturtelefon-online.de\/index.php?rest_route=\/wp\/v2\/pages\/5127"}],"wp:attachment":[{"href":"http:\/\/www.literaturtelefon-online.de\/index.php?rest_route=%2Fwp%2Fv2%2Fmedia&parent=5131"}],"curies":[{"name":"wp","href":"https:\/\/api.w.org\/{rel}","templated":true}]}}