{"id":5106,"date":"2024-05-05T19:36:19","date_gmt":"2024-05-05T17:36:19","guid":{"rendered":"http:\/\/www.literaturtelefon-online.de\/?page_id=5106"},"modified":"2024-06-05T22:36:17","modified_gmt":"2024-06-05T20:36:17","slug":"marlies-jensen-leier","status":"publish","type":"page","link":"http:\/\/www.literaturtelefon-online.de\/?page_id=5106","title":{"rendered":"Marlies Jensen-Leier"},"content":{"rendered":"<div style=\"text-align: justify;\">\n<p>Zum 100. Todestag von Franz Kafka liest die Autorin Marlies Jensen-Leier vom 6. bis 19.5.2024 am Literaturtelefon (Tel.: 0431\/901-8888 und www.literaturtelefon-online.de) ihre plattdeutsche \u00dcbertragung von Kafkas <em>\u201eBericht f\u00fcr eine Akademie \u2013 Een Rapport f\u00f6r een Akademie\u201c<\/em> sowie einen dazu passenden Ausschnitt aus einem Brief von Kafka an Milena Jesenska. Eingeleitet wird die Lesung von einem <em>\u201eLeierspiel f\u00fcr Franz Kafka zum 100. Todestag\u201c<\/em>.<\/p>\n<p><!--[if lt IE 9]><script>document.createElement('audio');<\/script><![endif]-->\n<audio class=\"wp-audio-shortcode\" id=\"audio-5106-1\" preload=\"none\" style=\"width: 100%;\" controls=\"controls\"><source type=\"audio\/mpeg\" src=\"http:\/\/www.literaturtelefon-online.de\/wp-content\/uploads\/2024\/05\/marlies_jensen-leier_kafka.mp3?_=1\" \/><a href=\"http:\/\/www.literaturtelefon-online.de\/wp-content\/uploads\/2024\/05\/marlies_jensen-leier_kafka.mp3\">http:\/\/www.literaturtelefon-online.de\/wp-content\/uploads\/2024\/05\/marlies_jensen-leier_kafka.mp3<\/a><\/audio><br \/>\n<br \/>\n<em>\u201eAls ich mit Kafka mal wieder hochkant im Bett sa\u00df, dr\u00e4ngte er sich mir mit er- staunlicher Hartn\u00e4ckigkeit plattdeutsch auf\u201c<\/em>, schreibt Marlies Jensen-Leier \u00fcber ihre Idee, Kafka ins Plattdeutsche zu \u00fcbertragen. <em>\u201eKann jener Schimpanse, der zu Beginn des 20. Jahrhunderts von Hagenbecks Tierf\u00e4ngern mit einem Frachtschiff von Afrika nach Hamburg gebracht wurde, anders als Plattdeutsch zur Sprache gekommen sein? Ich bemerkte: Das ist wie f\u00fcrs Plattdeutsche gemacht.\u201c<\/em> Auch Dora Diamant, Kafkas Gef\u00e4hrtin in der letzten Zeit vor seinem Tod, schrieb: <em>\u201e&#8230;habe ich oft Kafkas B\u00fccher gelesen, immer mit der Erinnerung daran, wie er selbst mir laut daraus vorlas. Da f\u00fchlte ich, wie sehr mir dabei die deutsche Sprache im Wege war. Deutsch ist eine allzu moderne, allzu heutige Sprache, Kafkas ganze Welt verlangt nach einer \u00e4lteren Sprache.\u201c<\/em> Marlies Jensen-Leier kommt aus einer \u00e4lteren Sprache, dem Schleswiger\/Angeliter Platt.<\/p>\n<p><img loading=\"lazy\" decoding=\"async\" class=\"alignright size-full wp-image-4822\" style=\"margin-left: 40px;\" src=\"http:\/\/www.literaturtelefon-online.de\/wp-content\/uploads\/2023\/07\/marlies_jensen-leier.jpg\" alt=\"\" width=\"300\" height=\"429\" srcset=\"http:\/\/www.literaturtelefon-online.de\/wp-content\/uploads\/2023\/07\/marlies_jensen-leier.jpg 300w, http:\/\/www.literaturtelefon-online.de\/wp-content\/uploads\/2023\/07\/marlies_jensen-leier-210x300.jpg 210w\" sizes=\"auto, (max-width: 300px) 100vw, 300px\" \/>Die Autorin weiter: <em>\u201eEs ging mir darum, Plattdeutsch wieder mehr ins Ernstgenommene zu holen und Kafka dorthin zu tragen, wo er ohne dies nicht hingelangt w\u00e4re. Ich ging damit auf Lesereise. Die Einen kamen wegen Platt und gingen mit Kafka. Die Anderen kamen wegen Kafka und gingen mit Platt. Und pl\u00f6tzlich mochten alle Kafka.\u201c<\/em><\/p>\n<p>Marlies Jensen-Leier wurde 1950 als Fischertochter auf dem Schleswiger Holm geboren. Sie war hauptamtlich t\u00e4tig in der Verwaltung und im politischen Bereich \u2013 im schleswig-holsteinischen Landtag, als Assistentin des schleswig-holsteinischen Europa-Abgeordneten Gerd Walter und von 1991 bis 1993 als Referentin des SPD-Bundesvorsitzenden Bj\u00f6rn Engholm. Nach den politischen Ereignissen in Schleswig-Holstein 1993 stieg sie aus dieser Berufst\u00e4tigkeit aus. Seitdem: Lesen \u2013 Denken \u2013 Schreiben: Auseinandersetzung mit dem Zustand unserer Gesellschaft in Form von Texten zu Biografie-\/Mentalit\u00e4tsgeschichte, Kurzprosa, Lyrik. Zuletzt Gr\u00fcndung der Graswurzelbewegung \u201evon uns aus\u201c (<a href=\"http:\/\/www.future-von-uns-aus.de\" target=\"_blank\" rel=\"noopener\">www.future-von-uns-aus.de<\/a>) in ihrer Heimatstadt Schleswig.<\/p>\n<p>Zuletzt war Marlies Jensen-Leier im August 2023 mit ihrem Essay <a href=\"http:\/\/www.literaturtelefon-online.de\/?page_id=4817\"><em>\u201eBrief an Putin\u201c<\/em><\/a> am Literaturtelefon zu h\u00f6ren.<\/p>\n<p>Autorin: <a href=\"http:\/\/www.leierliest.de\" target=\"_blank\" rel=\"noopener noreferrer\">www.leierliest.de<\/a><\/p>\n<p>Verlag: BoD \u2013 Books on Demand, Norderstedt. Das Buch ist im Buchhandel erh\u00e4ltlich unter der ISBN: 978-3-7578-3890-4<\/p>\n<p><a href=\"https:\/\/www.ndr.de\/kultur\/norddeutsche_sprache\/niederdeutsch\/Pepper-Blog-32-Affe-Mensch-Roboter-Kafka,pepperblog176.html\" target=\"_blank\" rel=\"noopener\">Beitrag im NDR von Lornz Lorenzen<\/a><\/p>\n<p>Foto: Thomas Eisenkr\u00e4tzer<\/p>\n<p>literaturtelefon-online.de | Telefon: 0431\/901-8888<\/p>\n<\/div>\n","protected":false},"excerpt":{"rendered":"<p>Zum 100. Todestag von Franz Kafka liest die Autorin Marlies Jensen-Leier vom 6. bis 19.5.2024 am Literaturtelefon (Tel.: 0431\/901-8888 und www.literaturtelefon-online.de) ihre plattdeutsche \u00dcbertragung von Kafkas \u201eBericht f\u00fcr eine Akademie \u2013 Een Rapport f\u00f6r een Akademie\u201c sowie einen dazu passenden Ausschnitt aus einem Brief von Kafka an Milena Jesenska. Eingeleitet wird die Lesung von einem [&hellip;]<\/p>\n","protected":false},"author":6,"featured_media":0,"parent":5056,"menu_order":1,"comment_status":"closed","ping_status":"closed","template":"","meta":{"footnotes":""},"class_list":["post-5106","page","type-page","status-publish","hentry"],"_links":{"self":[{"href":"http:\/\/www.literaturtelefon-online.de\/index.php?rest_route=\/wp\/v2\/pages\/5106","targetHints":{"allow":["GET"]}}],"collection":[{"href":"http:\/\/www.literaturtelefon-online.de\/index.php?rest_route=\/wp\/v2\/pages"}],"about":[{"href":"http:\/\/www.literaturtelefon-online.de\/index.php?rest_route=\/wp\/v2\/types\/page"}],"author":[{"embeddable":true,"href":"http:\/\/www.literaturtelefon-online.de\/index.php?rest_route=\/wp\/v2\/users\/6"}],"replies":[{"embeddable":true,"href":"http:\/\/www.literaturtelefon-online.de\/index.php?rest_route=%2Fwp%2Fv2%2Fcomments&post=5106"}],"version-history":[{"count":6,"href":"http:\/\/www.literaturtelefon-online.de\/index.php?rest_route=\/wp\/v2\/pages\/5106\/revisions"}],"predecessor-version":[{"id":5176,"href":"http:\/\/www.literaturtelefon-online.de\/index.php?rest_route=\/wp\/v2\/pages\/5106\/revisions\/5176"}],"up":[{"embeddable":true,"href":"http:\/\/www.literaturtelefon-online.de\/index.php?rest_route=\/wp\/v2\/pages\/5056"}],"wp:attachment":[{"href":"http:\/\/www.literaturtelefon-online.de\/index.php?rest_route=%2Fwp%2Fv2%2Fmedia&parent=5106"}],"curies":[{"name":"wp","href":"https:\/\/api.w.org\/{rel}","templated":true}]}}