{"id":5081,"date":"2024-03-10T18:13:27","date_gmt":"2024-03-10T16:13:27","guid":{"rendered":"http:\/\/www.literaturtelefon-online.de\/?page_id=5081"},"modified":"2024-03-24T22:49:20","modified_gmt":"2024-03-24T20:49:20","slug":"reimer-boy-eilers","status":"publish","type":"page","link":"http:\/\/www.literaturtelefon-online.de\/?page_id=5081","title":{"rendered":"Reimer Boy Eilers"},"content":{"rendered":"<div style=\"text-align: justify;\">\n<p>Am Literaturtelefon unter der Rufnummer 0431\/901-8888 und auf www.literaturtelefon-online.de liest der Hamburger Autor Reimer Boy Eilers vom 25.3. bis 7.4.2024 aus <em>\u201eMit Magellan \u2013 Das Paradies. Vom Guadalquivir bis zum Landt Presil\u201c<\/em>, dem zweiten Band seines auf f\u00fcnf B\u00e4nde angelegten historischen Romans \u00fcber die Weltumsegelung Ferdinand Magellans vor gut 500 Jahren. Der Band erschien am 21. M\u00e4rz 2024 bei Kulturmaschinen im Verlag NeuWerk, wo auch alle weiteren B\u00e4nde erscheinen werden (Band 3 im April 2024).<\/p>\n<p><!--[if lt IE 9]><script>document.createElement('audio');<\/script><![endif]-->\n<audio class=\"wp-audio-shortcode\" id=\"audio-5081-1\" preload=\"none\" style=\"width: 100%;\" controls=\"controls\"><source type=\"audio\/mpeg\" src=\"http:\/\/www.literaturtelefon-online.de\/wp-content\/uploads\/2024\/03\/reimer_boy_eilers_mit_magellan.mp3?_=1\" \/><a href=\"http:\/\/www.literaturtelefon-online.de\/wp-content\/uploads\/2024\/03\/reimer_boy_eilers_mit_magellan.mp3\">http:\/\/www.literaturtelefon-online.de\/wp-content\/uploads\/2024\/03\/reimer_boy_eilers_mit_magellan.mp3<\/a><\/audio><br \/>\n<br \/>\n<img loading=\"lazy\" decoding=\"async\" class=\"alignright size-full wp-image-5082\" style=\"margin-left: 40px;\" src=\"http:\/\/www.literaturtelefon-online.de\/wp-content\/uploads\/2024\/03\/reimer_boy_eilers.jpg\" alt=\"\" width=\"300\" height=\"431\" srcset=\"http:\/\/www.literaturtelefon-online.de\/wp-content\/uploads\/2024\/03\/reimer_boy_eilers.jpg 300w, http:\/\/www.literaturtelefon-online.de\/wp-content\/uploads\/2024\/03\/reimer_boy_eilers-209x300.jpg 209w\" sizes=\"auto, (max-width: 300px) 100vw, 300px\" \/>Im September 1519 verl\u00e4sst die Armada der Molukken Spanien. Mit an Bord sind der Romanheld, der Fischer Pay Edel Edlefsen vom Hilligen Eylandt (Helgoland), und sein Freund, der Esquimeau Qivitoq. St\u00fcrme und t\u00f6dliche Flauten wechseln sich ab, bis der Atlantik \u00fcberwunden ist. Die Armada landet in Rio de Janeiro. Ein kurzer Aufenthalt im Paradies, bei dem Pay Edel Cunhapora, eine verf\u00fchrerische Sch\u00f6ne vom Stamme der Guaran\u00ed, kennenlernt.<\/p>\n<p>Reimer Boy Eilers wurde 1948 im schleswig-holsteinischen Wedel geboren. Seine Kindheit verbrachte er auf der Nordseeinsel Helgoland mit einem Gro\u00dfvater als Leuchtturmw\u00e4rter und einem Onkel als Haifischer. Heute lebt und arbeitet Eilers in Hamburg. 2018 wurde er zum Internationalen Poesiefestival in Pristina, Kosovo eingeladen. Neben dem eigenen Schreiben ist Eilers noch in anderer Weise im Dienst der Literatur t\u00e4tig: Er war 1986 Mitgr\u00fcnder der Autorengruppe PENG und ist seit vielen Jahren im Verband deutscher Schriftstellerinnen und Schriftsteller (VS) aktiv. Seit 2016 ist er Mitglied des PEN-Zentrum Deutschlands. Ausf\u00fchrliche Infos zu Leben und Werk finden sich unter <a href=\"https:\/\/literaturland-sh.de\/autorinnen\/eilers-reimer-boy\" target=\"_blank\" rel=\"noopener\">www.literaturland-sh.de<\/a>.<\/p>\n<p>Autor: <a href=\"http:\/\/www.reimereilers.de\" rel=\"noopener\" target=\"_blank\">www.reimereilers.de<\/a><\/p>\n<p><a href=\"https:\/\/de.wikipedia.org\/wiki\/Reimer_Boy_Eilers\" target=\"_blank\" rel=\"noopener\">Wikipedia \u00fcber den Autor<\/a><\/p>\n<p>Verlag: <a href=\"https:\/\/kulturmaschinen.com\/produkt\/mit-magellan-band-2-das-paradies-vom-guadalquivir-bis-zum-landt-persil\/\" target=\"_blank\" rel=\"noopener\">Kulturmaschinen im Verlag NeuWerk<\/a><\/p>\n<p>Foto: privat<\/p>\n<p>literaturtelefon-online.de | Telefon: 0431\/901-8888<\/p>\n<\/div>\n","protected":false},"excerpt":{"rendered":"<p>Am Literaturtelefon unter der Rufnummer 0431\/901-8888 und auf www.literaturtelefon-online.de liest der Hamburger Autor Reimer Boy Eilers vom 25.3. bis 7.4.2024 aus \u201eMit Magellan \u2013 Das Paradies. Vom Guadalquivir bis zum Landt Presil\u201c, dem zweiten Band seines auf f\u00fcnf B\u00e4nde angelegten historischen Romans \u00fcber die Weltumsegelung Ferdinand Magellans vor gut 500 Jahren. Der Band erschien am [&hellip;]<\/p>\n","protected":false},"author":6,"featured_media":0,"parent":5037,"menu_order":3,"comment_status":"closed","ping_status":"closed","template":"","meta":{"footnotes":""},"class_list":["post-5081","page","type-page","status-publish","hentry"],"_links":{"self":[{"href":"http:\/\/www.literaturtelefon-online.de\/index.php?rest_route=\/wp\/v2\/pages\/5081","targetHints":{"allow":["GET"]}}],"collection":[{"href":"http:\/\/www.literaturtelefon-online.de\/index.php?rest_route=\/wp\/v2\/pages"}],"about":[{"href":"http:\/\/www.literaturtelefon-online.de\/index.php?rest_route=\/wp\/v2\/types\/page"}],"author":[{"embeddable":true,"href":"http:\/\/www.literaturtelefon-online.de\/index.php?rest_route=\/wp\/v2\/users\/6"}],"replies":[{"embeddable":true,"href":"http:\/\/www.literaturtelefon-online.de\/index.php?rest_route=%2Fwp%2Fv2%2Fcomments&post=5081"}],"version-history":[{"count":4,"href":"http:\/\/www.literaturtelefon-online.de\/index.php?rest_route=\/wp\/v2\/pages\/5081\/revisions"}],"predecessor-version":[{"id":5087,"href":"http:\/\/www.literaturtelefon-online.de\/index.php?rest_route=\/wp\/v2\/pages\/5081\/revisions\/5087"}],"up":[{"embeddable":true,"href":"http:\/\/www.literaturtelefon-online.de\/index.php?rest_route=\/wp\/v2\/pages\/5037"}],"wp:attachment":[{"href":"http:\/\/www.literaturtelefon-online.de\/index.php?rest_route=%2Fwp%2Fv2%2Fmedia&parent=5081"}],"curies":[{"name":"wp","href":"https:\/\/api.w.org\/{rel}","templated":true}]}}