{"id":5073,"date":"2024-02-26T23:32:17","date_gmt":"2024-02-26T21:32:17","guid":{"rendered":"http:\/\/www.literaturtelefon-online.de\/?page_id=5073"},"modified":"2024-04-21T21:04:25","modified_gmt":"2024-04-21T19:04:25","slug":"yande-seck","status":"publish","type":"page","link":"http:\/\/www.literaturtelefon-online.de\/?page_id=5073","title":{"rendered":"Yand\u00e9 Seck"},"content":{"rendered":"<div style=\"text-align: justify;\">\n<p>Am Literaturtelefon unter der Rufnummer 0431\/901-8888 und auf www.literaturtelefon-online.de liest Yand\u00e9 Seck vom 22.4. bis 5.5.2024 aus ihrem Deb\u00fctroman <em>\u201eWei\u00dfe Wolken\u201c<\/em>, der Anfang Februar 2024 bei Kiepenheuer &amp; Witsch erschienen ist. Die Aufnahme entstand im Rahmen der LeseLounge am 21.2.2024 im Literaturhaus Schleswig-Holstein.<\/p>\n<p><!--[if lt IE 9]><script>document.createElement('audio');<\/script><![endif]-->\n<audio class=\"wp-audio-shortcode\" id=\"audio-5073-1\" preload=\"none\" style=\"width: 100%;\" controls=\"controls\"><source type=\"audio\/mpeg\" src=\"http:\/\/www.literaturtelefon-online.de\/wp-content\/uploads\/2024\/02\/yande_seck_weisse_wolken.mp3?_=1\" \/><a href=\"http:\/\/www.literaturtelefon-online.de\/wp-content\/uploads\/2024\/02\/yande_seck_weisse_wolken.mp3\">http:\/\/www.literaturtelefon-online.de\/wp-content\/uploads\/2024\/02\/yande_seck_weisse_wolken.mp3<\/a><\/audio><br \/>\n<br \/>\n<img loading=\"lazy\" decoding=\"async\" style=\"margin-left: 40px;\" src=\"http:\/\/www.literaturtelefon-online.de\/wp-content\/uploads\/2024\/02\/yande-seck.jpg\" alt=\"\" width=\"300\" height=\"408\" class=\"alignright size-full wp-image-5051\" srcset=\"http:\/\/www.literaturtelefon-online.de\/wp-content\/uploads\/2024\/02\/yande-seck.jpg 300w, http:\/\/www.literaturtelefon-online.de\/wp-content\/uploads\/2024\/02\/yande-seck-221x300.jpg 221w\" sizes=\"auto, (max-width: 300px) 100vw, 300px\" \/>Zwei Schwestern: Die eine arbeitet sich an s\u00e4mtlichem Unrecht unserer Gegenwart ab, die andere am b\u00fcrgerlichen Familienideal; f\u00fcr die eine ist ihr Schwarzsein eine politische Kategorie, f\u00fcr die andere ihr Muttersein. Klug, erhellend und mit hintergr\u00fcndigem Witz erz\u00e4hlt Yand\u00e9 Seck in ihrem Deb\u00fctroman von den Ambivalenzen, die wir im Kleinen wie im Gro\u00dfen aushalten m\u00fcssen.Dieo lebt mit ihrem Mann Simon und drei S\u00f6hnen in einer sch\u00f6nen Altbauwohnung im Frankfurter Nordend. Sie leidet unter den unerf\u00fcllbaren Anspr\u00fcchen der Gesellschaft an sie als Mutter, vor allem aber ist es die st\u00e4ndige Kritik ihrer j\u00fcngeren Schwester Zazie an allem und jedem, die an ihren Nerven zerrt. Auch Simon, ein mittelalter wei\u00dfer Mann und Angestellter in einem Finanz-Start-up, ger\u00e4t immer wieder ins Visier seiner Schw\u00e4gerin, die zunehmend an der rassistischen und sexistischen Gesellschaft verzweifelt.<\/p>\n<p>Als der Vater der Schwestern, ein eigensinniger Nietzsche-Fan, der vor mehr als 40 Jahren aus dem Senegal nach Deutschland kam, unerwartet stirbt, ger\u00e4t das m\u00fchsam kalibrierte Familiengef\u00fcge aus dem Gleichgewicht. F\u00fcr die Beerdigung reisen die Schwestern in das Land ihres Vaters. Der Abschied wird f\u00fcr die beiden zu einem Neuanfang \u2013 in vielerlei Hinsicht.<\/p>\n<p>Yand\u00e9 Seck wurde 1986 in Heidelberg geboren und wuchs dort und in Frankfurt am Main auf, wo sie heute mit ihrem Mann und ihren zwei Kindern lebt. Sie arbeitet als Psychotherapeutin f\u00fcr Kinder und Jugendliche, lehrt au\u00dferdem an der Uni Frankfurt und promoviert zu Mutterschaft, Migration und Psychoanalyse.<\/p>\n<p>Verlag: <a href=\"https:\/\/www.kiwi-verlag.de\/buch\/yande-seck-weisse-wolken-9783462004977\" target=\"_blank\" rel=\"noopener\">Kiepenheuer &amp; Witsch<\/a><\/p>\n<p>Foto: Paul Feuersa\u0308nger<\/p>\n<p>literaturtelefon-online.de | Telefon: 0431\/901-8888<\/p>\n<\/div>\n","protected":false},"excerpt":{"rendered":"<p>Am Literaturtelefon unter der Rufnummer 0431\/901-8888 und auf www.literaturtelefon-online.de liest Yand\u00e9 Seck vom 22.4. bis 5.5.2024 aus ihrem Deb\u00fctroman \u201eWei\u00dfe Wolken\u201c, der Anfang Februar 2024 bei Kiepenheuer &amp; Witsch erschienen ist. Die Aufnahme entstand im Rahmen der LeseLounge am 21.2.2024 im Literaturhaus Schleswig-Holstein. Zwei Schwestern: Die eine arbeitet sich an s\u00e4mtlichem Unrecht unserer Gegenwart ab, [&hellip;]<\/p>\n","protected":false},"author":6,"featured_media":0,"parent":5054,"menu_order":2,"comment_status":"closed","ping_status":"closed","template":"","meta":{"footnotes":""},"class_list":["post-5073","page","type-page","status-publish","hentry"],"_links":{"self":[{"href":"http:\/\/www.literaturtelefon-online.de\/index.php?rest_route=\/wp\/v2\/pages\/5073","targetHints":{"allow":["GET"]}}],"collection":[{"href":"http:\/\/www.literaturtelefon-online.de\/index.php?rest_route=\/wp\/v2\/pages"}],"about":[{"href":"http:\/\/www.literaturtelefon-online.de\/index.php?rest_route=\/wp\/v2\/types\/page"}],"author":[{"embeddable":true,"href":"http:\/\/www.literaturtelefon-online.de\/index.php?rest_route=\/wp\/v2\/users\/6"}],"replies":[{"embeddable":true,"href":"http:\/\/www.literaturtelefon-online.de\/index.php?rest_route=%2Fwp%2Fv2%2Fcomments&post=5073"}],"version-history":[{"count":5,"href":"http:\/\/www.literaturtelefon-online.de\/index.php?rest_route=\/wp\/v2\/pages\/5073\/revisions"}],"predecessor-version":[{"id":5098,"href":"http:\/\/www.literaturtelefon-online.de\/index.php?rest_route=\/wp\/v2\/pages\/5073\/revisions\/5098"}],"up":[{"embeddable":true,"href":"http:\/\/www.literaturtelefon-online.de\/index.php?rest_route=\/wp\/v2\/pages\/5054"}],"wp:attachment":[{"href":"http:\/\/www.literaturtelefon-online.de\/index.php?rest_route=%2Fwp%2Fv2%2Fmedia&parent=5073"}],"curies":[{"name":"wp","href":"https:\/\/api.w.org\/{rel}","templated":true}]}}