{"id":5059,"date":"2024-02-26T22:16:11","date_gmt":"2024-02-26T20:16:11","guid":{"rendered":"http:\/\/www.literaturtelefon-online.de\/?page_id=5059"},"modified":"2024-03-10T16:23:59","modified_gmt":"2024-03-10T14:23:59","slug":"zara-zerbe","status":"publish","type":"page","link":"http:\/\/www.literaturtelefon-online.de\/?page_id=5059","title":{"rendered":"Zara Zerbe"},"content":{"rendered":"<div style=\"text-align: justify;\">\n<p>Am Literaturtelefon unter der Rufnummer 0431\/901-8888 und auf www.literaturtelefon-online.de liest die Kieler Autorin Zara Zerbe vom 11. bis 24.3.2024 aus ihrem Deb\u00fctroman <em>\u201ePhytopia Plus\u201c<\/em>, der Anfang M\u00e4rz 2024 im Berliner Verbrecher Verlag erschienen ist.<\/p>\n<p><!--[if lt IE 9]><script>document.createElement('audio');<\/script><![endif]-->\n<audio class=\"wp-audio-shortcode\" id=\"audio-5059-1\" preload=\"none\" style=\"width: 100%;\" controls=\"controls\"><source type=\"audio\/mpeg\" src=\"http:\/\/www.literaturtelefon-online.de\/wp-content\/uploads\/2024\/02\/zara_zerbe_phytopia_plus.mp3?_=1\" \/><a href=\"http:\/\/www.literaturtelefon-online.de\/wp-content\/uploads\/2024\/02\/zara_zerbe_phytopia_plus.mp3\">http:\/\/www.literaturtelefon-online.de\/wp-content\/uploads\/2024\/02\/zara_zerbe_phytopia_plus.mp3<\/a><\/audio><br \/>\n<br \/>\nBr\u00fctende Hitze, Artensterben, D\u00fcrreperioden und leere Regale im Supermarkt: F\u00fcr die Menschheit sieht es in den 2040er Jahren nicht allzu rosig aus. Zumindest nicht f\u00fcr die \u00e4rmeren Teile der Bev\u00f6lkerung. Wer Geld hat, lebt in komfortablen, eingez\u00e4unten Siedlungen mit eigenem Biosupermarkt und k\u00f6nnte die Klimakrise \u00fcberleben, indem das Bewusstsein digitalisiert und auf der DNA einer Pflanze gespeichert wird. Die Drosera AG, ein Biotech-Konzern mit Sitz in Hamburg, vermarktet ein solches Verfahren. Kostenpunkt: 350.000 Euro.<\/p>\n<p><img loading=\"lazy\" decoding=\"async\" style=\"margin-left: 40px;\" src=\"http:\/\/www.literaturtelefon-online.de\/wp-content\/uploads\/2024\/02\/zara_zerbe.jpg\" alt=\"\" width=\"300\" height=\"393\" class=\"alignright size-full wp-image-5049\" srcset=\"http:\/\/www.literaturtelefon-online.de\/wp-content\/uploads\/2024\/02\/zara_zerbe.jpg 300w, http:\/\/www.literaturtelefon-online.de\/wp-content\/uploads\/2024\/02\/zara_zerbe-229x300.jpg 229w\" sizes=\"auto, (max-width: 300px) 100vw, 300px\" \/>Aylin geh\u00f6rt nicht zu den Menschen, die sich so etwas leisten k\u00f6nnen. Sie arbeitet als Aushilfsg\u00e4rtnerin in den Gew\u00e4chsh\u00e4usern der Drosera AG und tauscht mit Besserverdienern seltene Zierpflanzen gegen frische Lebensmittel. Gern h\u00e4tte sie f\u00fcr ihren Gro\u00dfvater einen Speicherplatz auf einer Pflanze. Als ungew\u00f6hnliche Panaschierungen auf den Bl\u00e4ttern der Speicherpflanzen auftauchen, beginnt Aylin auf dem Schwarzmarkt Profit daraus zu schlagen, um sich ihren Wunsch zu erf\u00fcllen. <em>\u201ePhytopia Plus\u201c<\/em> ist eine gesellschaftskritische Reflexion einer nicht allzu weit entfernten Zukunft.<\/p>\n<p>Zara Zerbe wurde 1989 in Hamburg-Harburg geboren, hat Literatur- und Medienwissenschaften studiert und lebt als freie Autorin in Kiel. Sie ist Mitherausgeberin des Literaturmagazins \u201eDer Schnipsel\u201c und veranstaltet die \u201eLeseb\u00fchne FederKiel\u201c in der Hansa48 in Kiel. Ihre Erz\u00e4hlung <em>\u201eLimbus\u201c<\/em> (<a href=\"http:\/\/www.literaturtelefon-online.de\/?page_id=3106\">Lesung am Literaturtelefon im Dezember 2018<\/a>), f\u00fcr die sie mit dem Preis \u201eNeue Prosa Schleswig-Holstein 2018\/2019\u201c ausgezeichnet wurde, ist 2020 im Sukultur Verlag erschienen. 2021 erschien die Novelle <em>\u201eDas Orakel von Bad Meisenfeld\u201c<\/em> (<a href=\"http:\/\/www.literaturtelefon-online.de\/?page_id=4227\">Lesung am Literaturtelefon im Januar 2022<\/a>) im stirnholz Verlag. 2022 wurde sie mit dem Kunstf\u00f6rderpreis des Landes Schleswig-Holstein ausgezeichnet.<\/p>\n<p>Autorin: <a href=\"https:\/\/zara-zerbe.com\" target=\"_blank\" rel=\"noopener\">zara-zerbe.com<\/a><\/p>\n<p>Verlag: <a href=\"https:\/\/www.verbrecherverlag.de\/shop\/phytopia-plus\/\" target=\"_blank\" rel=\"noopener\">Verbrecher Verlag Berlin<\/a><\/p>\n<p>Foto: Nane Diehl<\/p>\n<p>literaturtelefon-online.de | Telefon: 0431\/901-8888<\/p>\n<\/div>\n","protected":false},"excerpt":{"rendered":"<p>Am Literaturtelefon unter der Rufnummer 0431\/901-8888 und auf www.literaturtelefon-online.de liest die Kieler Autorin Zara Zerbe vom 11. bis 24.3.2024 aus ihrem Deb\u00fctroman \u201ePhytopia Plus\u201c, der Anfang M\u00e4rz 2024 im Berliner Verbrecher Verlag erschienen ist. Br\u00fctende Hitze, Artensterben, D\u00fcrreperioden und leere Regale im Supermarkt: F\u00fcr die Menschheit sieht es in den 2040er Jahren nicht allzu rosig [&hellip;]<\/p>\n","protected":false},"author":6,"featured_media":0,"parent":5037,"menu_order":2,"comment_status":"closed","ping_status":"closed","template":"","meta":{"footnotes":""},"class_list":["post-5059","page","type-page","status-publish","hentry"],"_links":{"self":[{"href":"http:\/\/www.literaturtelefon-online.de\/index.php?rest_route=\/wp\/v2\/pages\/5059","targetHints":{"allow":["GET"]}}],"collection":[{"href":"http:\/\/www.literaturtelefon-online.de\/index.php?rest_route=\/wp\/v2\/pages"}],"about":[{"href":"http:\/\/www.literaturtelefon-online.de\/index.php?rest_route=\/wp\/v2\/types\/page"}],"author":[{"embeddable":true,"href":"http:\/\/www.literaturtelefon-online.de\/index.php?rest_route=\/wp\/v2\/users\/6"}],"replies":[{"embeddable":true,"href":"http:\/\/www.literaturtelefon-online.de\/index.php?rest_route=%2Fwp%2Fv2%2Fcomments&post=5059"}],"version-history":[{"count":5,"href":"http:\/\/www.literaturtelefon-online.de\/index.php?rest_route=\/wp\/v2\/pages\/5059\/revisions"}],"predecessor-version":[{"id":5078,"href":"http:\/\/www.literaturtelefon-online.de\/index.php?rest_route=\/wp\/v2\/pages\/5059\/revisions\/5078"}],"up":[{"embeddable":true,"href":"http:\/\/www.literaturtelefon-online.de\/index.php?rest_route=\/wp\/v2\/pages\/5037"}],"wp:attachment":[{"href":"http:\/\/www.literaturtelefon-online.de\/index.php?rest_route=%2Fwp%2Fv2%2Fmedia&parent=5059"}],"curies":[{"name":"wp","href":"https:\/\/api.w.org\/{rel}","templated":true}]}}