{"id":5039,"date":"2024-02-01T22:54:57","date_gmt":"2024-02-01T20:54:57","guid":{"rendered":"http:\/\/www.literaturtelefon-online.de\/?page_id=5039"},"modified":"2024-02-24T22:53:40","modified_gmt":"2024-02-24T20:53:40","slug":"corinna-schell","status":"publish","type":"page","link":"http:\/\/www.literaturtelefon-online.de\/?page_id=5039","title":{"rendered":"Corinna Schell"},"content":{"rendered":"<div style=\"text-align: justify;\">\n<p>Am Literaturtelefon unter der Rufnummer 0431\/901-8888 und auf www.literaturtelefon-online.de liest Corinna Schell vom 26.2. bis 10.3.2024 aus ihrem biografischen Text <em>\u201eVergissDeinNicht. Ein couragiertes Leben\u201c<\/em>, erschienen im November 2023 bei Books on Demand.<\/p>\n<p><!--[if lt IE 9]><script>document.createElement('audio');<\/script><![endif]-->\n<audio class=\"wp-audio-shortcode\" id=\"audio-5039-1\" preload=\"none\" style=\"width: 100%;\" controls=\"controls\"><source type=\"audio\/mpeg\" src=\"http:\/\/www.literaturtelefon-online.de\/wp-content\/uploads\/2024\/02\/corinna_schell_vergiss_dein_nicht.mp3?_=1\" \/><a href=\"http:\/\/www.literaturtelefon-online.de\/wp-content\/uploads\/2024\/02\/corinna_schell_vergiss_dein_nicht.mp3\">http:\/\/www.literaturtelefon-online.de\/wp-content\/uploads\/2024\/02\/corinna_schell_vergiss_dein_nicht.mp3<\/a><\/audio><br \/>\n<br \/>\n<img loading=\"lazy\" decoding=\"async\" class=\"alignright size-full wp-image-5035\" style=\"margin-left: 40px;\" src=\"http:\/\/www.literaturtelefon-online.de\/wp-content\/uploads\/2024\/02\/corinna_schell.jpg\" alt=\"\" width=\"300\" height=\"362\" srcset=\"http:\/\/www.literaturtelefon-online.de\/wp-content\/uploads\/2024\/02\/corinna_schell.jpg 300w, http:\/\/www.literaturtelefon-online.de\/wp-content\/uploads\/2024\/02\/corinna_schell-249x300.jpg 249w\" sizes=\"auto, (max-width: 300px) 100vw, 300px\" \/>In ihrem Buch erz\u00e4hlt Corinna Schell von ihrer Mutter, einer Frau, 1928 geboren, die als zw\u00f6lfj\u00e4hriges Kind einem Wehrmachtssoldaten die Stirn bot. Einer Frau, die nach den Kriegswirren in die Ehe st\u00fcrzte, sechs Kinder bekam. Einer Frau, die im Alter von 57 Jahren ihr eigenes Leben begann. Einer Frau, die 15 Jahre sp\u00e4ter die Demenz einziehen lie\u00df. Sie erz\u00e4hlt von Angeh\u00f6rigen, die nicht wahrhaben wollten, was Realit\u00e4t war. Angeh\u00f6rigen, die so lang mitlitten und endlich im Mitf\u00fchlen ankamen. Angeh\u00f6rigen, die die positiven Seiten der Demenz erkennen konnten. Vom Sterben in Etappen. Von einer Frau, die der Wahrheit ins Auge blicken konnte, die f\u00fcr Gerechtigkeit einstand \u2013 lebenslang.<\/p>\n<p>Eine Tochter erz\u00e4hlt. Im ersten Teil des Buches ist sie die Erz\u00e4hlstimme, im zweiten Teil spricht sie die Mutter direkt an. Die Autorin schreibt in einem Erz\u00e4hlstil, der den Leser*innen den beiden Protagonistinnen hinter die Stirn, ins Herz blicken l\u00e4sst. Ein Buch, das einen mitnimmt. Und doch ist es auch ein wenig ein Sachbuch, das Mut macht, sich auf die an Demenz erkrankten Angeh\u00f6rigen einzulassen. Und es motiviert, sich Gedanken zu eigener Vorsorge zu machen.<\/p>\n<p>Corinna Schell, 1968 in Kiel geboren, setzt sich seit vielen Jahren in der Autorengruppe von Ilse Behl intensiv mit dem biografischen Schreiben auseinander. Das Leben zu ergr\u00fcnden, ist hier das Hauptaugenmerk. Sie h\u00e4lt regelm\u00e4\u00dfig Lesungen im Rahmen des Kulturprogramms \u201eLange Nacht der Literatur\u201c in Eckernf\u00f6rde. In der Anthologie <em>\u201e<\/em><em>Friedhofsgeschichten\u201c,<\/em> 2016 herausgegeben von M. Frommer, sind vier Kurzgeschichten von ihr ver\u00f6ffentlicht. 2021 hat sie zusammen mit dem Kinderbuchillustrator Andreas Roeckener das Kinderbilderbuch <em>\u201e<\/em><em>Charly Mc Wild mag R\u00fcckenwind\u201c<\/em> geschrieben. Im Rahmen des 27. Deutschen Kurzgeschichtenwettbewerbs ist ihr Beitrag auf der Longlist und in der Storyapp ver\u00f6ffentlicht.<\/p>\n<p>Zuletzt war Corinna Schell mit ihrer <a href=\"http:\/\/www.literaturtelefon-online.de\/?page_id=3869\">Kurzgeschichte <em>\u201eGro\u00dfstadterwachen\u201c<\/em> im Dezember 2020 am Literaturtelefon<\/a> zu h\u00f6ren.<\/p>\n<p>Verlag: <a href=\"https:\/\/buchshop.bod.de\/vergissdeinnicht-corinna-schell-9783758309649\" target=\"_blank\" rel=\"noopener\">BoD<\/a><\/p>\n<p>Foto: privat<\/p>\n<p>literaturtelefon-online.de | Telefon: 0431\/901-8888<\/p>\n<\/div>\n","protected":false},"excerpt":{"rendered":"<p>Am Literaturtelefon unter der Rufnummer 0431\/901-8888 und auf www.literaturtelefon-online.de liest Corinna Schell vom 26.2. bis 10.3.2024 aus ihrem biografischen Text \u201eVergissDeinNicht. Ein couragiertes Leben\u201c, erschienen im November 2023 bei Books on Demand. In ihrem Buch erz\u00e4hlt Corinna Schell von ihrer Mutter, einer Frau, 1928 geboren, die als zw\u00f6lfj\u00e4hriges Kind einem Wehrmachtssoldaten die Stirn bot. Einer [&hellip;]<\/p>\n","protected":false},"author":6,"featured_media":0,"parent":5037,"menu_order":1,"comment_status":"closed","ping_status":"closed","template":"","meta":{"footnotes":""},"class_list":["post-5039","page","type-page","status-publish","hentry"],"_links":{"self":[{"href":"http:\/\/www.literaturtelefon-online.de\/index.php?rest_route=\/wp\/v2\/pages\/5039","targetHints":{"allow":["GET"]}}],"collection":[{"href":"http:\/\/www.literaturtelefon-online.de\/index.php?rest_route=\/wp\/v2\/pages"}],"about":[{"href":"http:\/\/www.literaturtelefon-online.de\/index.php?rest_route=\/wp\/v2\/types\/page"}],"author":[{"embeddable":true,"href":"http:\/\/www.literaturtelefon-online.de\/index.php?rest_route=\/wp\/v2\/users\/6"}],"replies":[{"embeddable":true,"href":"http:\/\/www.literaturtelefon-online.de\/index.php?rest_route=%2Fwp%2Fv2%2Fcomments&post=5039"}],"version-history":[{"count":3,"href":"http:\/\/www.literaturtelefon-online.de\/index.php?rest_route=\/wp\/v2\/pages\/5039\/revisions"}],"predecessor-version":[{"id":5042,"href":"http:\/\/www.literaturtelefon-online.de\/index.php?rest_route=\/wp\/v2\/pages\/5039\/revisions\/5042"}],"up":[{"embeddable":true,"href":"http:\/\/www.literaturtelefon-online.de\/index.php?rest_route=\/wp\/v2\/pages\/5037"}],"wp:attachment":[{"href":"http:\/\/www.literaturtelefon-online.de\/index.php?rest_route=%2Fwp%2Fv2%2Fmedia&parent=5039"}],"curies":[{"name":"wp","href":"https:\/\/api.w.org\/{rel}","templated":true}]}}