{"id":5019,"date":"2024-01-19T04:36:59","date_gmt":"2024-01-19T02:36:59","guid":{"rendered":"http:\/\/www.literaturtelefon-online.de\/?page_id=5019"},"modified":"2024-02-11T20:15:52","modified_gmt":"2024-02-11T18:15:52","slug":"beate-bartoschewski","status":"publish","type":"page","link":"http:\/\/www.literaturtelefon-online.de\/?page_id=5019","title":{"rendered":"Beate Bartoschewski"},"content":{"rendered":"<div style=\"text-align: justify;\">\n<p>Am Literaturtelefon unter Tel.: 0431\/901-8888 und im Internet unter www.literaturtelefon-online.de liest Beate Bartoschewski vom 12. bis 25. Februar 2024 aus ihrem Roman <em>\u201eSinnlose Weisheiten\u201c<\/em>, der im Mai 2023 bei Books on Demand (BoD) erschienen ist.<\/p>\n<p><!--[if lt IE 9]><script>document.createElement('audio');<\/script><![endif]-->\n<audio class=\"wp-audio-shortcode\" id=\"audio-5019-1\" preload=\"none\" style=\"width: 100%;\" controls=\"controls\"><source type=\"audio\/mpeg\" src=\"http:\/\/www.literaturtelefon-online.de\/wp-content\/uploads\/2024\/01\/beate_bartoschewski_sinnlose_weisheiten.mp3?_=1\" \/><a href=\"http:\/\/www.literaturtelefon-online.de\/wp-content\/uploads\/2024\/01\/beate_bartoschewski_sinnlose_weisheiten.mp3\">http:\/\/www.literaturtelefon-online.de\/wp-content\/uploads\/2024\/01\/beate_bartoschewski_sinnlose_weisheiten.mp3<\/a><\/audio><br \/>\n<br \/>\nEine teilweise biografische Reise, in Wirklichkeit sind es mehrere, die nicht nur durch R\u00e4ume und Zeiten, sondern vor allem zu Menschen und unter anderem dadurch ins Innerste der Protagonistin f\u00fchrt. Tageb\u00fccher, Log- und Notizb\u00fccher geben tiefe Einblicke in das nicht gerade unbewegte Leben der Ich-Erz\u00e4hlerin.<\/p>\n<p><img loading=\"lazy\" decoding=\"async\" class=\"alignright size-full wp-image-5023\" style=\"margin-left: 40px;\" src=\"http:\/\/www.literaturtelefon-online.de\/wp-content\/uploads\/2024\/01\/beate_bartoschewski.jpg\" alt=\"\" width=\"300\" height=\"391\" srcset=\"http:\/\/www.literaturtelefon-online.de\/wp-content\/uploads\/2024\/01\/beate_bartoschewski.jpg 300w, http:\/\/www.literaturtelefon-online.de\/wp-content\/uploads\/2024\/01\/beate_bartoschewski-230x300.jpg 230w\" sizes=\"auto, (max-width: 300px) 100vw, 300px\" \/>\u00dcber einen Zeitraum von gut drei\u00dfig Jahren entwickeln sich die Beziehungen der Handelnden zueinander. Verbindung ist hier ein Schl\u00fcsselwort. Begegnungen, Naturerlebnisse, Sexualit\u00e4t, Krankheit und Tod\u00a0 wirken und ver\u00e4ndern. Weisheiten kommen und gehen &#8230;<\/p>\n<p>Beate Bartoschewski kam 1955 als \u00c4lteste von vier Kindern in Kiel zur Welt. Nach eher rebellischer 68er- und 70er-Jugend ist sie seit \u00fcber drei\u00dfig Jahren in dritter Ehe verheiratet. F\u00fcnf Kinder und neun Enkel komplettieren die Familie. Bis zu ihrem Ruhestand 2018 ging sie mehr als drei Jahrzehnte ihrer T\u00e4tigkeit als Nachtwache in der Kinder- und Jugendpsychiatrie nach.<\/p>\n<p>2003 erschien ihr erster Roman <em>\u201eDie t\u00f6richte Liebe der Bestohlenen zum Dieb\u201c<\/em> im Schardt Verlag Oldenburg. Sie ver\u00f6ffentlichte ferner diverse Kurzgeschichten, u.a. 2013 in der Anthologie <em>\u201eAlles Liebe\u201c<\/em> (Ihleo Verlag Husum) und las an verschiedensten Kulturst\u00e4tten Schleswig-Holsteins, u.a. im Literaturhaus SH und im November 2004 am Literaturtelefon Kiel. Nach l\u00e4ngerer (auch krankheitsbedingter) Schreibpause hat sie sich in letzter Zeit dem Schreiben erneut zugewandt.<\/p>\n<p>Beate Bartoschewski ist Mitglied im Verband \u201eSchriftsteller in Schleswig-Holstein\u201c und im Verein \u201eNordbuch e.V.\u201c<\/p>\n<p>Verlag: <a href=\"https:\/\/buchshop.bod.de\/sinnlose-weisheiten-beate-bartoschewski-9783755761044\" target=\"_blank\" rel=\"noopener\">BoD<\/a><\/p>\n<p>Foto: \u00f6gyr<\/p>\n<p>literaturtelefon-online.de | Telefon: 0431\/901-8888<\/p>\n<\/div>\n","protected":false},"excerpt":{"rendered":"<p>Am Literaturtelefon unter Tel.: 0431\/901-8888 und im Internet unter www.literaturtelefon-online.de liest Beate Bartoschewski vom 12. bis 25. Februar 2024 aus ihrem Roman \u201eSinnlose Weisheiten\u201c, der im Mai 2023 bei Books on Demand (BoD) erschienen ist. Eine teilweise biografische Reise, in Wirklichkeit sind es mehrere, die nicht nur durch R\u00e4ume und Zeiten, sondern vor allem zu [&hellip;]<\/p>\n","protected":false},"author":6,"featured_media":0,"parent":5002,"menu_order":2,"comment_status":"closed","ping_status":"closed","template":"","meta":{"footnotes":""},"class_list":["post-5019","page","type-page","status-publish","hentry"],"_links":{"self":[{"href":"http:\/\/www.literaturtelefon-online.de\/index.php?rest_route=\/wp\/v2\/pages\/5019","targetHints":{"allow":["GET"]}}],"collection":[{"href":"http:\/\/www.literaturtelefon-online.de\/index.php?rest_route=\/wp\/v2\/pages"}],"about":[{"href":"http:\/\/www.literaturtelefon-online.de\/index.php?rest_route=\/wp\/v2\/types\/page"}],"author":[{"embeddable":true,"href":"http:\/\/www.literaturtelefon-online.de\/index.php?rest_route=\/wp\/v2\/users\/6"}],"replies":[{"embeddable":true,"href":"http:\/\/www.literaturtelefon-online.de\/index.php?rest_route=%2Fwp%2Fv2%2Fcomments&post=5019"}],"version-history":[{"count":7,"href":"http:\/\/www.literaturtelefon-online.de\/index.php?rest_route=\/wp\/v2\/pages\/5019\/revisions"}],"predecessor-version":[{"id":5028,"href":"http:\/\/www.literaturtelefon-online.de\/index.php?rest_route=\/wp\/v2\/pages\/5019\/revisions\/5028"}],"up":[{"embeddable":true,"href":"http:\/\/www.literaturtelefon-online.de\/index.php?rest_route=\/wp\/v2\/pages\/5002"}],"wp:attachment":[{"href":"http:\/\/www.literaturtelefon-online.de\/index.php?rest_route=%2Fwp%2Fv2%2Fmedia&parent=5019"}],"curies":[{"name":"wp","href":"https:\/\/api.w.org\/{rel}","templated":true}]}}