{"id":4954,"date":"2023-11-19T05:39:50","date_gmt":"2023-11-19T03:39:50","guid":{"rendered":"http:\/\/www.literaturtelefon-online.de\/?page_id=4954"},"modified":"2023-12-03T22:35:21","modified_gmt":"2023-12-03T20:35:21","slug":"kristine-bilkau","status":"publish","type":"page","link":"http:\/\/www.literaturtelefon-online.de\/?page_id=4954","title":{"rendered":"Kristine Bilkau"},"content":{"rendered":"<div style=\"text-align: justify;\">\n<p>Am Literaturtelefon unter der Rufnummer 0431\/901-8888 und auf www.literaturtelefon-online.de liest die Hamburger Autorin Kristine Bilkau aus ihrem im Arche Literaturverlag erschienenen Buch <em>\u201eWasserzeiten \u2013 \u00fcber das Schwimmen\u201c<\/em>. Die Aufnahme entstand im Rahmen einer Lesung am 28. Juni 2023 im Literaturhaus SH.<\/p>\n<p><!--[if lt IE 9]><script>document.createElement('audio');<\/script><![endif]-->\n<audio class=\"wp-audio-shortcode\" id=\"audio-4954-1\" preload=\"none\" style=\"width: 100%;\" controls=\"controls\"><source type=\"audio\/mpeg\" src=\"http:\/\/www.literaturtelefon-online.de\/wp-content\/uploads\/2023\/11\/kristine_bilkau_wasserzeiten.mp3?_=1\" \/><a href=\"http:\/\/www.literaturtelefon-online.de\/wp-content\/uploads\/2023\/11\/kristine_bilkau_wasserzeiten.mp3\">http:\/\/www.literaturtelefon-online.de\/wp-content\/uploads\/2023\/11\/kristine_bilkau_wasserzeiten.mp3<\/a><\/audio><br \/>\n<br \/>\n<img loading=\"lazy\" decoding=\"async\" style=\"margin-left: 40px;\" src=\"http:\/\/www.literaturtelefon-online.de\/wp-content\/uploads\/2023\/11\/kristine_bilkau.jpg\" alt=\"\" width=\"300\" height=\"377\" class=\"alignright size-full wp-image-4958\" srcset=\"http:\/\/www.literaturtelefon-online.de\/wp-content\/uploads\/2023\/11\/kristine_bilkau.jpg 300w, http:\/\/www.literaturtelefon-online.de\/wp-content\/uploads\/2023\/11\/kristine_bilkau-239x300.jpg 239w\" sizes=\"auto, (max-width: 300px) 100vw, 300px\" \/>Wer einmal schwimmen kann, verlernt es nicht mehr. Wer einmal die Leichtigkeit des Seins im Wasser gesp\u00fcrt hat, kehrt immer wieder dorthin zur\u00fcck. In diesem Buch taucht Kristine Bilkau, eine begeisterte Schwimmerin, ab ins tiefe Blau, sie erz\u00e4hlt von Arten, Orten und Erfahrungen des Schwimmens. Schwimmen ist nicht nur gesund \u2013 es kl\u00e4rt die Gedanken und vermittelt ein unverwechselbares Freiheitsgef\u00fchl. Ihre \u00dcberlegungen gehen dabei auf und ab oder hin und her, st\u00e4ndig auf der Suche nach der \u201eGl\u00fccksformel des Wassers\u201c.<\/p>\n<p>Mit sprachlicher Finesse und einem detaillierten Blick auf die Welt beschreibt Kristine Bilkau in <em>\u201eWasserzeiten\u201c<\/em> ihre eigenen sowie allgemeing\u00fcltigen Erfahrungen mit dem Element Wasser und spinnt feine F\u00e4den zwischen Schwimmen und Literatur.<\/p>\n<p>Kristine Bilkau (*1974) studierte Geschichte und Amerikanistik in Hamburg und New Orleans. Ihr Roman <em>\u201eNebenan\u201c<\/em> war 2022 ein gro\u00dfartiger Erfolg und stand auf der Shortlist des Deutschen Buchpreises.<\/p>\n<p><a href=\"https:\/\/de.wikipedia.org\/wiki\/Kristine_Bilkau\" target=\"_blank\" rel=\"noopener\">Wikipedia \u00fcber die Autorin<\/a><\/p>\n<p>Verlag: <a href=\"https:\/\/www.book2look.de\/book\/lJDsbxmPpQ\" target=\"_blank\" rel=\"noopener\">Arche<\/a><\/p>\n<p>Foto: Thorsten Kirves<\/p>\n<p>literaturtelefon-online.de | Telefon: 0431\/901-8888<\/p>\n<\/div>\n","protected":false},"excerpt":{"rendered":"<p>Am Literaturtelefon unter der Rufnummer 0431\/901-8888 und auf www.literaturtelefon-online.de liest die Hamburger Autorin Kristine Bilkau aus ihrem im Arche Literaturverlag erschienenen Buch \u201eWasserzeiten \u2013 \u00fcber das Schwimmen\u201c. Die Aufnahme entstand im Rahmen einer Lesung am 28. Juni 2023 im Literaturhaus SH. Wer einmal schwimmen kann, verlernt es nicht mehr. Wer einmal die Leichtigkeit des Seins [&hellip;]<\/p>\n","protected":false},"author":6,"featured_media":0,"parent":4857,"menu_order":1,"comment_status":"closed","ping_status":"closed","template":"","meta":{"footnotes":""},"class_list":["post-4954","page","type-page","status-publish","hentry"],"_links":{"self":[{"href":"http:\/\/www.literaturtelefon-online.de\/index.php?rest_route=\/wp\/v2\/pages\/4954","targetHints":{"allow":["GET"]}}],"collection":[{"href":"http:\/\/www.literaturtelefon-online.de\/index.php?rest_route=\/wp\/v2\/pages"}],"about":[{"href":"http:\/\/www.literaturtelefon-online.de\/index.php?rest_route=\/wp\/v2\/types\/page"}],"author":[{"embeddable":true,"href":"http:\/\/www.literaturtelefon-online.de\/index.php?rest_route=\/wp\/v2\/users\/6"}],"replies":[{"embeddable":true,"href":"http:\/\/www.literaturtelefon-online.de\/index.php?rest_route=%2Fwp%2Fv2%2Fcomments&post=4954"}],"version-history":[{"count":3,"href":"http:\/\/www.literaturtelefon-online.de\/index.php?rest_route=\/wp\/v2\/pages\/4954\/revisions"}],"predecessor-version":[{"id":4959,"href":"http:\/\/www.literaturtelefon-online.de\/index.php?rest_route=\/wp\/v2\/pages\/4954\/revisions\/4959"}],"up":[{"embeddable":true,"href":"http:\/\/www.literaturtelefon-online.de\/index.php?rest_route=\/wp\/v2\/pages\/4857"}],"wp:attachment":[{"href":"http:\/\/www.literaturtelefon-online.de\/index.php?rest_route=%2Fwp%2Fv2%2Fmedia&parent=4954"}],"curies":[{"name":"wp","href":"https:\/\/api.w.org\/{rel}","templated":true}]}}