{"id":4927,"date":"2023-10-22T19:12:51","date_gmt":"2023-10-22T17:12:51","guid":{"rendered":"http:\/\/www.literaturtelefon-online.de\/?page_id=4927"},"modified":"2023-11-07T13:10:18","modified_gmt":"2023-11-07T11:10:18","slug":"jul-schirren-langowski","status":"publish","type":"page","link":"http:\/\/www.literaturtelefon-online.de\/?page_id=4927","title":{"rendered":"Jul Schirren-Langowski"},"content":{"rendered":"<div style=\"text-align: justify;\">\n<p>Am Literaturtelefon unter der Rufnummer 0431\/901-8888 und auf www.literaturtelefon-online.de liest der Kieler Autor Jul Schirren-Langowski die bisher unver\u00f6ffentlichte Erz\u00e4hlung <em>\u201eWilfried\u201c<\/em>.<\/p>\n<p><!--[if lt IE 9]><script>document.createElement('audio');<\/script><![endif]-->\n<audio class=\"wp-audio-shortcode\" id=\"audio-4927-1\" preload=\"none\" style=\"width: 100%;\" controls=\"controls\"><source type=\"audio\/mpeg\" src=\"http:\/\/www.literaturtelefon-online.de\/wp-content\/uploads\/2023\/10\/jul_schirren-langowski_wilfried.mp3?_=1\" \/><a href=\"http:\/\/www.literaturtelefon-online.de\/wp-content\/uploads\/2023\/10\/jul_schirren-langowski_wilfried.mp3\">http:\/\/www.literaturtelefon-online.de\/wp-content\/uploads\/2023\/10\/jul_schirren-langowski_wilfried.mp3<\/a><\/audio><br \/>\n<br \/>\n<img loading=\"lazy\" decoding=\"async\" style=\"margin-left: 40px;\" src=\"http:\/\/www.literaturtelefon-online.de\/wp-content\/uploads\/2023\/10\/jul_schirren-langowski.jpg\" alt=\"\" width=\"300\" height=\"300\" class=\"alignright size-full wp-image-4932\" srcset=\"http:\/\/www.literaturtelefon-online.de\/wp-content\/uploads\/2023\/10\/jul_schirren-langowski.jpg 300w, http:\/\/www.literaturtelefon-online.de\/wp-content\/uploads\/2023\/10\/jul_schirren-langowski-150x150.jpg 150w\" sizes=\"auto, (max-width: 300px) 100vw, 300px\" \/>\u201e60 gute Gr\u00fcnde zum Feiern\u201c w\u00e4re auch ein sch\u00f6ner Titel f\u00fcr eine Lesung gewesen, perfekt passend, absolut passabel, und \u00fcberdies wohl auch \u00fcberaus angemessen, aber sechzig Texte h\u00e4tten den Rahmen dieses Telefons gesprengt. Stattdessen liest der Kieler Autor Jul Schirren-Langowski diesmal die surreale bis m\u00e4rchenhafte Erz\u00e4hlung <em>\u201eWilfried\u201c<\/em>, welche im Wesentlichen vom gleichnamigen Protagonisten handelt. Von Handeln kann allerdings gar nicht so sehr die Rede sein; Wilfried ist schon reichlich damit besch\u00e4ftigt, zu leben, zu \u00fcberleben, und zwar ganz oben auf einem sehr gewaltigen stiefelf\u00f6rmigen Berg, auf dem es meistens eisig kalt ist. Das zerrt fast so sehr an Wilfrieds Nerven wie der bitterkalte Wind. So kann auch niemand ahnen und darf auch keine*r wissen, dass diese Geschichte sich unerwartet entwickeln und schlie\u00dflich ein entsprechend erstaunliches Ende finden wird.<\/p>\n<p>Mit diesem Text ist es dem Autor, der dieser Tage seinen 60. Geburtstag feiert, gelungen, den inneren Wilfried, der doch irgendwie in den meisten von uns verborgen ist, an die Oberfl\u00e4che zu holen, ihn wahrlich zu befreien \u2013 und damit und somit seine eigene Eisigkeit (oder aber wenigstens seine gelegentlich sehr k\u00fchlen F\u00fc\u00dfe) ganz vortrefflich zu sublimieren.<\/p>\n<p>Jul Schirren-Langowski wurde 1963 in Kiel geboren, wo er gem\u00e4\u00df seiner biografischen Angaben nach wie vor lebt und schreibt. Und liest: Er f\u00fchrt auch gut und gerne Lesungen durch.<\/p>\n<p>Jul Schirren-Langowski war schon mehrfach am Literaturtelefon zu h\u00f6ren, zuletzt im <a href=\"http:\/\/www.literaturtelefon-online.de\/?page_id=4233\">Januar 2022 mit einer Reihe von bisher unver\u00f6ffentlichten Gedichten<\/a>.<\/p>\n<p><strong>Bisherige Ver\u00f6ffentlichungen:<\/strong><\/p>\n<ul>\n<li><em>\u201eDer Traum und die Wirklichkeit\u201c<\/em>, Gedichte, 1984<\/li>\n<li><a href=\"http:\/\/www.literaturtelefon-online.de\/?page_id=3165\"><em>\u201e100 x Das Letzte. Ann\u00e4herungen\u201c<\/em><\/a>, Gedichte, 2019<\/li>\n<li>ferner in \u201eEUTERPE\u201c-Jahrb\u00fcchern und -Anthologien<\/li>\n<\/ul>\n<p>Foto: \u00f6gyr<\/p>\n<p>literaturtelefon-online.de | Telefon: 0431\/901-8888<\/p>\n<\/div>\n","protected":false},"excerpt":{"rendered":"<p>Am Literaturtelefon unter der Rufnummer 0431\/901-8888 und auf www.literaturtelefon-online.de liest der Kieler Autor Jul Schirren-Langowski die bisher unver\u00f6ffentlichte Erz\u00e4hlung \u201eWilfried\u201c. \u201e60 gute Gr\u00fcnde zum Feiern\u201c w\u00e4re auch ein sch\u00f6ner Titel f\u00fcr eine Lesung gewesen, perfekt passend, absolut passabel, und \u00fcberdies wohl auch \u00fcberaus angemessen, aber sechzig Texte h\u00e4tten den Rahmen dieses Telefons gesprengt. Stattdessen liest [&hellip;]<\/p>\n","protected":false},"author":6,"featured_media":0,"parent":4855,"menu_order":1,"comment_status":"closed","ping_status":"closed","template":"","meta":{"footnotes":""},"class_list":["post-4927","page","type-page","status-publish","hentry"],"_links":{"self":[{"href":"http:\/\/www.literaturtelefon-online.de\/index.php?rest_route=\/wp\/v2\/pages\/4927","targetHints":{"allow":["GET"]}}],"collection":[{"href":"http:\/\/www.literaturtelefon-online.de\/index.php?rest_route=\/wp\/v2\/pages"}],"about":[{"href":"http:\/\/www.literaturtelefon-online.de\/index.php?rest_route=\/wp\/v2\/types\/page"}],"author":[{"embeddable":true,"href":"http:\/\/www.literaturtelefon-online.de\/index.php?rest_route=\/wp\/v2\/users\/6"}],"replies":[{"embeddable":true,"href":"http:\/\/www.literaturtelefon-online.de\/index.php?rest_route=%2Fwp%2Fv2%2Fcomments&post=4927"}],"version-history":[{"count":6,"href":"http:\/\/www.literaturtelefon-online.de\/index.php?rest_route=\/wp\/v2\/pages\/4927\/revisions"}],"predecessor-version":[{"id":4935,"href":"http:\/\/www.literaturtelefon-online.de\/index.php?rest_route=\/wp\/v2\/pages\/4927\/revisions\/4935"}],"up":[{"embeddable":true,"href":"http:\/\/www.literaturtelefon-online.de\/index.php?rest_route=\/wp\/v2\/pages\/4855"}],"wp:attachment":[{"href":"http:\/\/www.literaturtelefon-online.de\/index.php?rest_route=%2Fwp%2Fv2%2Fmedia&parent=4927"}],"curies":[{"name":"wp","href":"https:\/\/api.w.org\/{rel}","templated":true}]}}