{"id":4900,"date":"2023-09-03T19:32:49","date_gmt":"2023-09-03T17:32:49","guid":{"rendered":"http:\/\/www.literaturtelefon-online.de\/?page_id=4900"},"modified":"2023-10-15T14:08:36","modified_gmt":"2023-10-15T12:08:36","slug":"sophie-wischnewski","status":"publish","type":"page","link":"http:\/\/www.literaturtelefon-online.de\/?page_id=4900","title":{"rendered":"Sophie Wischnewski"},"content":{"rendered":"<div style=\"text-align: justify;\">\n<p>Am Literaturtelefon unter der Rufnummer 0431\/901-8888 und auf www.literaturtelefon-online.de liest Sophie Wischnewski ihren Text <em>\u201eAbgetragen\u201c<\/em> \u2013 im Rahmen einer Lesungsreihe von Autor*innen am Literaturtelefon, deren Texte in der aktuell 23. Ausgabe der in Kiel herausgegebenen Literaturzeitschrift <em>\u201eDer Schnipsel\u201c<\/em> zum Thema \u201eKommunikationen\u201c erschienen sind.<\/p>\n<p><!--[if lt IE 9]><script>document.createElement('audio');<\/script><![endif]-->\n<audio class=\"wp-audio-shortcode\" id=\"audio-4900-1\" preload=\"none\" style=\"width: 100%;\" controls=\"controls\"><source type=\"audio\/mpeg\" src=\"http:\/\/www.literaturtelefon-online.de\/wp-content\/uploads\/2023\/09\/sophie_wischnewski_abgetragen.mp3?_=1\" \/><a href=\"http:\/\/www.literaturtelefon-online.de\/wp-content\/uploads\/2023\/09\/sophie_wischnewski_abgetragen.mp3\">http:\/\/www.literaturtelefon-online.de\/wp-content\/uploads\/2023\/09\/sophie_wischnewski_abgetragen.mp3<\/a><\/audio><br \/>\n<br \/>\n<img loading=\"lazy\" decoding=\"async\" style=\"margin-left: 40px;\" src=\"http:\/\/www.literaturtelefon-online.de\/wp-content\/uploads\/2023\/09\/sophie_wischnewski.jpg\" alt=\"\" width=\"300\" height=\"354\" class=\"alignright size-full wp-image-4904\" srcset=\"http:\/\/www.literaturtelefon-online.de\/wp-content\/uploads\/2023\/09\/sophie_wischnewski.jpg 300w, http:\/\/www.literaturtelefon-online.de\/wp-content\/uploads\/2023\/09\/sophie_wischnewski-254x300.jpg 254w\" sizes=\"auto, (max-width: 300px) 100vw, 300px\" \/>Eine Frau reist zum Haus ihrer Kindheit. Ihr Vater ist vor kurzem gestorben, ihre Br\u00fcder renovieren das Haus, was genau der Grund f\u00fcr ihre R\u00fcckkehr ist, bleibt unklar. Zwischen herabfallendem Putz und in die Garage getragenen Kisten voller Erinnerungsst\u00fccke wird eine Familiengeschichte skizziert, deren Aufarbeitung daran zu scheitern scheint, dass die Sprache aller Figuren versagt.<\/p>\n<p>Sophie Wischnewski wurde 1998 in Hamburg geboren. Sie studiert Literarisches Schreiben in Hildesheim und Biel. Au\u00dferdem ist sie Redakteurin bei <a href=\"https:\/\/litradio.net\/\" target=\"_blank\" rel=\"noopener\">litradio.net<\/a> und Mitgr\u00fcnderin des akustischen Literaturmagazins <a href=\"https:\/\/litradio.net\/zikade-ausgabe-eins-aufgehoert\/\" target=\"_blank\" rel=\"noopener\">ZIKADE<\/a>.<\/p>\n<p><em>\u201eDer Schnipsel\u201c<\/em> ist ein Magazin f\u00fcr junge Literatur und wurde 2012 in Kiel gegr\u00fcndet. In den ein- bis zweimal pro Jahr erscheinenden Ausgaben finden sich Prosa, Lyrik, Essays sowie experimentelle Textformen von Autor*innen aus dem gesamten deutschsprachigen (und gelegentlich auch internationalen) Raum. Neben der redaktionellen Arbeit veranstaltet das Schnipsel-Kollektiv Lesungen und bietet Schreibworkshops an. Alle weiteren Infos gibt es auf <a href=\"http:\/\/www.derschnipsel.org\" target=\"_blank\" rel=\"noopener\">www.derschnipsel.org<\/a>.<\/p>\n<p><em>\u201eDer Schnipsel\u201c<\/em>: <a href=\"http:\/\/www.derschnipsel.org\" target=\"_blank\" rel=\"noopener\">www.derschnipsel.org<\/a><\/p>\n<p>Foto: privat<\/p>\n<p>literaturtelefon-online.de | Telefon: 0431\/901-8888<\/p>\n<\/div>\n","protected":false},"excerpt":{"rendered":"<p>Am Literaturtelefon unter der Rufnummer 0431\/901-8888 und auf www.literaturtelefon-online.de liest Sophie Wischnewski ihren Text \u201eAbgetragen\u201c \u2013 im Rahmen einer Lesungsreihe von Autor*innen am Literaturtelefon, deren Texte in der aktuell 23. Ausgabe der in Kiel herausgegebenen Literaturzeitschrift \u201eDer Schnipsel\u201c zum Thema \u201eKommunikationen\u201c erschienen sind. Eine Frau reist zum Haus ihrer Kindheit. Ihr Vater ist vor kurzem [&hellip;]<\/p>\n","protected":false},"author":6,"featured_media":0,"parent":4794,"menu_order":3,"comment_status":"closed","ping_status":"closed","template":"","meta":{"footnotes":""},"class_list":["post-4900","page","type-page","status-publish","hentry"],"_links":{"self":[{"href":"http:\/\/www.literaturtelefon-online.de\/index.php?rest_route=\/wp\/v2\/pages\/4900","targetHints":{"allow":["GET"]}}],"collection":[{"href":"http:\/\/www.literaturtelefon-online.de\/index.php?rest_route=\/wp\/v2\/pages"}],"about":[{"href":"http:\/\/www.literaturtelefon-online.de\/index.php?rest_route=\/wp\/v2\/types\/page"}],"author":[{"embeddable":true,"href":"http:\/\/www.literaturtelefon-online.de\/index.php?rest_route=\/wp\/v2\/users\/6"}],"replies":[{"embeddable":true,"href":"http:\/\/www.literaturtelefon-online.de\/index.php?rest_route=%2Fwp%2Fv2%2Fcomments&post=4900"}],"version-history":[{"count":4,"href":"http:\/\/www.literaturtelefon-online.de\/index.php?rest_route=\/wp\/v2\/pages\/4900\/revisions"}],"predecessor-version":[{"id":4906,"href":"http:\/\/www.literaturtelefon-online.de\/index.php?rest_route=\/wp\/v2\/pages\/4900\/revisions\/4906"}],"up":[{"embeddable":true,"href":"http:\/\/www.literaturtelefon-online.de\/index.php?rest_route=\/wp\/v2\/pages\/4794"}],"wp:attachment":[{"href":"http:\/\/www.literaturtelefon-online.de\/index.php?rest_route=%2Fwp%2Fv2%2Fmedia&parent=4900"}],"curies":[{"name":"wp","href":"https:\/\/api.w.org\/{rel}","templated":true}]}}