{"id":4876,"date":"2023-09-03T18:06:37","date_gmt":"2023-09-03T16:06:37","guid":{"rendered":"http:\/\/www.literaturtelefon-online.de\/?page_id=4876"},"modified":"2023-09-25T13:11:23","modified_gmt":"2023-09-25T11:11:23","slug":"kathrin-wilk","status":"publish","type":"page","link":"http:\/\/www.literaturtelefon-online.de\/?page_id=4876","title":{"rendered":"Kathrin Wilk"},"content":{"rendered":"<div style=\"text-align: justify;\">\n<p>Am Literaturtelefon unter der Rufnummer 0431\/901-8888 und auf www.literaturtelefon-online.de liest Kathrin Wilk ihren Text <em>\u201eDer Fleck\u201c<\/em> \u2013 im Rahmen einer Lesungsreihe von Autor*innen am Literaturtelefon, deren Texte in der aktuell 23. Ausgabe der in Kiel herausgegebenen Literaturzeitschrift <em>\u201eDer Schnipsel\u201c<\/em> zum Thema \u201eKommunikationen\u201c erschienen sind.<\/p>\n<p><!--[if lt IE 9]><script>document.createElement('audio');<\/script><![endif]-->\n<audio class=\"wp-audio-shortcode\" id=\"audio-4876-1\" preload=\"none\" style=\"width: 100%;\" controls=\"controls\"><source type=\"audio\/mpeg\" src=\"http:\/\/www.literaturtelefon-online.de\/wp-content\/uploads\/2023\/09\/kathrin_wilk_der_fleck.mp3?_=1\" \/><a href=\"http:\/\/www.literaturtelefon-online.de\/wp-content\/uploads\/2023\/09\/kathrin_wilk_der_fleck.mp3\">http:\/\/www.literaturtelefon-online.de\/wp-content\/uploads\/2023\/09\/kathrin_wilk_der_fleck.mp3<\/a><\/audio><br \/>\n<br \/>\n<img loading=\"lazy\" decoding=\"async\" style=\"margin-left: 40px;\" src=\"http:\/\/www.literaturtelefon-online.de\/wp-content\/uploads\/2023\/09\/kathrin_wilk.jpg\" alt=\"\" width=\"300\" height=\"241\" class=\"alignright size-full wp-image-4880\" \/>Eine Frau macht es sich gemu\u0308tlich, als es an ihrer Wohnungstu\u0308r klopft. Drau\u00dfen ein Nachbar, den sie nicht kennt. Es entspinnt sich ein Gespr\u00e4ch im Hausflur, die Atmosph\u00e4re freundlich, bis die Frau zu ahnen beginnt, dass der Nachbar etwas wei\u00df, das sie unbedingt verborgen halten m\u00f6chte. Im Verlauf des Gespr\u00e4chs bekommt die Fassade, die sie mu\u0308hsam aufrechterh\u00e4lt, mehr und mehr Risse. Das Auftreten der Frau schl\u00e4gt schlie\u00dflich in Feindseligkeit um.<\/p>\n<p>Die Begegnung zweier Menschen. Eine Unterhaltung, bei der klar zu sein scheint, welches brisante Thema verhandelt wird. Ein Text u\u0308ber die Dynamik von Kr\u00e4nkungserleben im Gespr\u00e4ch, u\u0308ber Scham, u\u0308ber das Misslingen von Kommunikation.<\/p>\n<p>Kathrin Wilk lebt in Halle, wo sie nebent\u00e4tig an Literaturveranstaltungen mitwirkt. Sie schreibt Prosatexte, ver\u00f6ffentlicht in Literaturzeitschriften und Anthologien.<\/p>\n<p><em>\u201eDer Schnipsel\u201c<\/em> ist ein Magazin f\u00fcr junge Literatur und wurde 2012 in Kiel gegr\u00fcndet. In den ein- bis zweimal pro Jahr erscheinenden Ausgaben finden sich Prosa, Lyrik, Essays sowie experimentelle Textformen von Autor*innen aus dem gesamten deutschsprachigen (und gelegentlich auch internationalen) Raum. Neben der redaktionellen Arbeit veranstaltet das Schnipsel-Kollektiv Lesungen und bietet Schreibworkshops an. Alle weiteren Infos gibt es auf <a href=\"http:\/\/www.derschnipsel.org\" target=\"_blank\" rel=\"noopener\">www.derschnipsel.org<\/a>.<\/p>\n<p>Autorin bei Instagram: <a href=\"http:\/\/www.instagram.com\/lkathrinwilk\/\" target=\"_blank\" rel=\"noopener\">www.instagram.com\/lkathrinwilk\/<\/a><\/p>\n<p><em>\u201eDer Schnipsel\u201c<\/em>: <a href=\"http:\/\/www.derschnipsel.org\" target=\"_blank\" rel=\"noopener\">www.derschnipsel.org<\/a><\/p>\n<p>Foto: privat<\/p>\n<p>literaturtelefon-online.de | Telefon: 0431\/901-8888<\/p>\n<\/div>\n","protected":false},"excerpt":{"rendered":"<p>Am Literaturtelefon unter der Rufnummer 0431\/901-8888 und auf www.literaturtelefon-online.de liest Kathrin Wilk ihren Text \u201eDer Fleck\u201c \u2013 im Rahmen einer Lesungsreihe von Autor*innen am Literaturtelefon, deren Texte in der aktuell 23. Ausgabe der in Kiel herausgegebenen Literaturzeitschrift \u201eDer Schnipsel\u201c zum Thema \u201eKommunikationen\u201c erschienen sind. Eine Frau macht es sich gemu\u0308tlich, als es an ihrer Wohnungstu\u0308r [&hellip;]<\/p>\n","protected":false},"author":6,"featured_media":0,"parent":4792,"menu_order":4,"comment_status":"closed","ping_status":"closed","template":"","meta":{"footnotes":""},"class_list":["post-4876","page","type-page","status-publish","hentry"],"_links":{"self":[{"href":"http:\/\/www.literaturtelefon-online.de\/index.php?rest_route=\/wp\/v2\/pages\/4876","targetHints":{"allow":["GET"]}}],"collection":[{"href":"http:\/\/www.literaturtelefon-online.de\/index.php?rest_route=\/wp\/v2\/pages"}],"about":[{"href":"http:\/\/www.literaturtelefon-online.de\/index.php?rest_route=\/wp\/v2\/types\/page"}],"author":[{"embeddable":true,"href":"http:\/\/www.literaturtelefon-online.de\/index.php?rest_route=\/wp\/v2\/users\/6"}],"replies":[{"embeddable":true,"href":"http:\/\/www.literaturtelefon-online.de\/index.php?rest_route=%2Fwp%2Fv2%2Fcomments&post=4876"}],"version-history":[{"count":3,"href":"http:\/\/www.literaturtelefon-online.de\/index.php?rest_route=\/wp\/v2\/pages\/4876\/revisions"}],"predecessor-version":[{"id":4881,"href":"http:\/\/www.literaturtelefon-online.de\/index.php?rest_route=\/wp\/v2\/pages\/4876\/revisions\/4881"}],"up":[{"embeddable":true,"href":"http:\/\/www.literaturtelefon-online.de\/index.php?rest_route=\/wp\/v2\/pages\/4792"}],"wp:attachment":[{"href":"http:\/\/www.literaturtelefon-online.de\/index.php?rest_route=%2Fwp%2Fv2%2Fmedia&parent=4876"}],"curies":[{"name":"wp","href":"https:\/\/api.w.org\/{rel}","templated":true}]}}