{"id":4868,"date":"2023-09-03T17:54:23","date_gmt":"2023-09-03T15:54:23","guid":{"rendered":"http:\/\/www.literaturtelefon-online.de\/?page_id=4868"},"modified":"2023-09-18T10:29:56","modified_gmt":"2023-09-18T08:29:56","slug":"oliver-gehrmann","status":"publish","type":"page","link":"http:\/\/www.literaturtelefon-online.de\/?page_id=4868","title":{"rendered":"Oliver Gehrmann"},"content":{"rendered":"<div style=\"text-align: justify;\">\n<p>Am Literaturtelefon unter der Rufnummer 0431\/901-8888 und auf www.literaturtelefon-online.de liest Oliver Gehrmann seinen Text <em>\u201eAm Samstag\u201c<\/em> \u2013 im Rahmen einer Lesungsreihe von Autor*innen am Literaturtelefon, deren Texte in der aktuell 23. Ausgabe der in Kiel herausgegebenen Literaturzeitschrift <em>\u201eDer Schnipsel\u201c<\/em> zum Thema \u201eKommunikationen\u201c erschienen sind.<\/p>\n<p><!--[if lt IE 9]><script>document.createElement('audio');<\/script><![endif]-->\n<audio class=\"wp-audio-shortcode\" id=\"audio-4868-1\" preload=\"none\" style=\"width: 100%;\" controls=\"controls\"><source type=\"audio\/mpeg\" src=\"http:\/\/www.literaturtelefon-online.de\/wp-content\/uploads\/2023\/09\/oliver_gehrmann_am_samstag.mp3?_=1\" \/><a href=\"http:\/\/www.literaturtelefon-online.de\/wp-content\/uploads\/2023\/09\/oliver_gehrmann_am_samstag.mp3\">http:\/\/www.literaturtelefon-online.de\/wp-content\/uploads\/2023\/09\/oliver_gehrmann_am_samstag.mp3<\/a><\/audio><br \/>\n<br \/>\n<img loading=\"lazy\" decoding=\"async\" class=\"alignright size-full wp-image-4870\" style=\"margin-left: 40px;\" src=\"http:\/\/www.literaturtelefon-online.de\/wp-content\/uploads\/2023\/09\/oliver_gehrmann.jpg\" alt=\"\" width=\"300\" height=\"406\" srcset=\"http:\/\/www.literaturtelefon-online.de\/wp-content\/uploads\/2023\/09\/oliver_gehrmann.jpg 300w, http:\/\/www.literaturtelefon-online.de\/wp-content\/uploads\/2023\/09\/oliver_gehrmann-222x300.jpg 222w\" sizes=\"auto, (max-width: 300px) 100vw, 300px\" \/>Im Text geht es um ein etwas \u00e4lteres Paar, das gemeinsam mit seinem Enkelsohn einen Samstag am See verbringt. Es geht um die Hitze, die sich \u00fcber den Tag legt, darum, dass der Pool noch etwas Wasser ben\u00f6tigt, und das Unverst\u00e4ndnis dar\u00fcber. Es geht um die allt\u00e4glichen H\u00fcrden und die Unm\u00f6glichkeit von Kommunikation. Um Rituale, um Einsamkeit und vor allem um die Unm\u00f6glichkeit eines Samstags in einem zu hei\u00dfen Sommer. Oder wie Tocotronic es ausgedr\u00fcckt haben: \u201eSamstag ist Selbstmord.\u201c<\/p>\n<p>Oliver Gehrmann, geboren 1988 in Jena, studierte Deutsche Philologie und Neuere Deutsche Literatur in Berlin. Er schreibt Prosa, arbeitet als freiberuflicher Werbetexter und Sound Designer und ist Teil des audiovisuellen Musikprojekts Random Orchestra.<\/p>\n<p><em>\u201eDer Schnipsel\u201c<\/em> ist ein Magazin f\u00fcr junge Literatur und wurde 2012 in Kiel gegr\u00fcndet. In den ein- bis zweimal pro Jahr erscheinenden Ausgaben finden sich Prosa, Lyrik, Essays sowie experimentelle Textformen von Autor*innen aus dem gesamten deutschsprachigen (und gelegentlich auch internationalen) Raum. Neben der redaktionellen Arbeit veranstaltet das Schnipsel-Kollektiv Lesungen und bietet Schreibworkshops an. Alle weiteren Infos gibt es auf <a href=\"http:\/\/www.derschnipsel.org\" target=\"_blank\" rel=\"noopener\">www.derschnipsel.org<\/a>.<\/p>\n<p>Autor bei Instagram: <a href=\"https:\/\/www.instagram.com\/olivergehrmann\/\" target=\"_blank\" rel=\"noopener\">www.instagram.com\/olivergehrmann\/<\/a><\/p>\n<p><em>\u201eDer Schnipsel\u201c<\/em>: <a href=\"http:\/\/www.derschnipsel.org\" target=\"_blank\" rel=\"noopener\">www.derschnipsel.org<\/a><\/p>\n<p>Foto: privat<\/p>\n<p>literaturtelefon-online.de | Telefon: 0431\/901-8888<\/p>\n<\/div>\n","protected":false},"excerpt":{"rendered":"<p>Am Literaturtelefon unter der Rufnummer 0431\/901-8888 und auf www.literaturtelefon-online.de liest Oliver Gehrmann seinen Text \u201eAm Samstag\u201c \u2013 im Rahmen einer Lesungsreihe von Autor*innen am Literaturtelefon, deren Texte in der aktuell 23. Ausgabe der in Kiel herausgegebenen Literaturzeitschrift \u201eDer Schnipsel\u201c zum Thema \u201eKommunikationen\u201c erschienen sind. Im Text geht es um ein etwas \u00e4lteres Paar, das gemeinsam [&hellip;]<\/p>\n","protected":false},"author":6,"featured_media":0,"parent":4792,"menu_order":3,"comment_status":"closed","ping_status":"closed","template":"","meta":{"footnotes":""},"class_list":["post-4868","page","type-page","status-publish","hentry"],"_links":{"self":[{"href":"http:\/\/www.literaturtelefon-online.de\/index.php?rest_route=\/wp\/v2\/pages\/4868","targetHints":{"allow":["GET"]}}],"collection":[{"href":"http:\/\/www.literaturtelefon-online.de\/index.php?rest_route=\/wp\/v2\/pages"}],"about":[{"href":"http:\/\/www.literaturtelefon-online.de\/index.php?rest_route=\/wp\/v2\/types\/page"}],"author":[{"embeddable":true,"href":"http:\/\/www.literaturtelefon-online.de\/index.php?rest_route=\/wp\/v2\/users\/6"}],"replies":[{"embeddable":true,"href":"http:\/\/www.literaturtelefon-online.de\/index.php?rest_route=%2Fwp%2Fv2%2Fcomments&post=4868"}],"version-history":[{"count":5,"href":"http:\/\/www.literaturtelefon-online.de\/index.php?rest_route=\/wp\/v2\/pages\/4868\/revisions"}],"predecessor-version":[{"id":4875,"href":"http:\/\/www.literaturtelefon-online.de\/index.php?rest_route=\/wp\/v2\/pages\/4868\/revisions\/4875"}],"up":[{"embeddable":true,"href":"http:\/\/www.literaturtelefon-online.de\/index.php?rest_route=\/wp\/v2\/pages\/4792"}],"wp:attachment":[{"href":"http:\/\/www.literaturtelefon-online.de\/index.php?rest_route=%2Fwp%2Fv2%2Fmedia&parent=4868"}],"curies":[{"name":"wp","href":"https:\/\/api.w.org\/{rel}","templated":true}]}}