{"id":4847,"date":"2023-08-26T17:51:28","date_gmt":"2023-08-26T15:51:28","guid":{"rendered":"http:\/\/www.literaturtelefon-online.de\/?page_id=4847"},"modified":"2023-09-11T09:26:18","modified_gmt":"2023-09-11T07:26:18","slug":"sarah-rinderer","status":"publish","type":"page","link":"http:\/\/www.literaturtelefon-online.de\/?page_id=4847","title":{"rendered":"Sarah Rinderer"},"content":{"rendered":"<div style=\"text-align: justify;\">\n<p>Am Literaturtelefon unter der Rufnummer 0431\/901-8888 und auf www.literaturtelefon-online.de liest Sarah Rinderer ihren Text <em>\u201eGanz nah sind wir uns in Fernsignalen\u201c<\/em>. Sie er\u00f6ffnet damit eine Lesungsreihe von Autor*innen am Literaturtelefon, deren Texte in der aktuell 23. Ausgabe der in Kiel herausgegebenen Literaturzeitschrift <em>\u201eDer Schnipsel\u201c<\/em> zum Thema \u201eKommunikationen\u201c erschienen sind.<\/p>\n<p><!--[if lt IE 9]><script>document.createElement('audio');<\/script><![endif]-->\n<audio class=\"wp-audio-shortcode\" id=\"audio-4847-1\" preload=\"none\" style=\"width: 100%;\" controls=\"controls\"><source type=\"audio\/mpeg\" src=\"http:\/\/www.literaturtelefon-online.de\/wp-content\/uploads\/2023\/08\/sarah_rinderer_ganz-nah-sind-wir-uns-in-fernsignalen.mp3?_=1\" \/><a href=\"http:\/\/www.literaturtelefon-online.de\/wp-content\/uploads\/2023\/08\/sarah_rinderer_ganz-nah-sind-wir-uns-in-fernsignalen.mp3\">http:\/\/www.literaturtelefon-online.de\/wp-content\/uploads\/2023\/08\/sarah_rinderer_ganz-nah-sind-wir-uns-in-fernsignalen.mp3<\/a><\/audio><br \/>\n<br \/>\n<img loading=\"lazy\" decoding=\"async\" class=\"alignright size-full wp-image-4851\" style=\"margin-left: 40px;\" src=\"http:\/\/www.literaturtelefon-online.de\/wp-content\/uploads\/2023\/08\/sarah_rinderer.jpg\" alt=\"\" width=\"300\" height=\"377\" srcset=\"http:\/\/www.literaturtelefon-online.de\/wp-content\/uploads\/2023\/08\/sarah_rinderer.jpg 300w, http:\/\/www.literaturtelefon-online.de\/wp-content\/uploads\/2023\/08\/sarah_rinderer-239x300.jpg 239w\" sizes=\"auto, (max-width: 300px) 100vw, 300px\" \/>Eine junge K\u00fcnstlerin bezieht f\u00fcr eine Zeit ein Atelier in einer Hafenstadt, um ihrem Interesse an maritimen Kommunikationssystemen nachzugehen. Doch es ist der zweite Pandemie-Sommer: geschlossene T\u00fcren der Nachbarateliers, kein Tango, in der Stadt nur sie selbst auf ansonsten menschenleeren Flimmerfl\u00e4chen. So wie in dem Video, das sie online findet. Darin steht die Dichterin\/K\u00fcnstlerin <a href=\"https:\/\/en.wikipedia.org\/wiki\/Hannah_Weiner\" target=\"_blank\" rel=\"noopener\">Hannah Weiner<\/a> (1928 &#8211; 1997) weit hinten auf einem Feld am Waldrand und <a href=\"https:\/\/vimeo.com\/235392283\" rel=\"noopener\" target=\"_blank\">signalisiert mit zwei Flaggen eine Nachricht im Winkeralphabet<\/a>. <em>\u201eGanz nah sind wir uns in Fernsignalen\u201c<\/em> erz\u00e4hlt vom Versuch, eine Verbindung herzustellen \u2013 aus 3.326 Seemeilen Ferne, \u00fcber 34 Jahre und zwei Kontinente hinweg.<\/p>\n<p>Sarah Rinderer, geboren 1994 in Bregenz, lebt und arbeitet als Schriftstellerin und K\u00fcnstlerin in Wien. Sie besch\u00e4ftigt sich in Prosa und konzeptbasierten Arbeiten, Lyrik und K\u00fcnstler:innenpublikationen mit Sprache, ihren Zwischenr\u00e4umen \u2013 und immer wieder mit Kommunikationsm\u00f6glichkeiten aus der Schifffahrt. Ver\u00f6ffentlicht hat sie in Literaturzeitschriften und Anthologien. Zuletzt ausgezeichnet wurde sie mit Stipendien f\u00fcr Auslandsateliers, u.a. in Barcelona, Island und Athen, sowie 2021 mit dem 2. Preis beim FM4 Wortlaut und dem 1. Preis beim Feldkircher Lyrikpreis.<\/p>\n<p><em>\u201eDer Schnipsel\u201c<\/em> ist ein Magazin f\u00fcr junge Literatur und wurde 2012 in Kiel gegr\u00fcndet. In den ein- bis zweimal pro Jahr erscheinenden Ausgaben finden sich Prosa, Lyrik, Essays sowie experimentelle Textformen von Autor*innen aus dem gesamten deutschsprachigen (und gelegentlich auch internationalen) Raum. Neben der redaktionellen Arbeit veranstaltet das Schnipsel-Kollektiv Lesungen und bietet Schreibworkshops an. Alle weiteren Infos gibt es auf <a href=\"http:\/\/www.derschnipsel.org\" target=\"_blank\" rel=\"noopener\">www.derschnipsel.org<\/a>.<\/p>\n<p>Eine Release-Lesung der 23. Ausgabe von \u201eDer Schnipsel\u201c findet am <strong><a href=\"https:\/\/tockify.com\/hansa48\/detail\/460\/1694955600000\" target=\"_blank\" rel=\"noopener\">Sonntag, 17. September 2023, 15 Uhr<\/a> im Kieler Kommunikationszentrum <a href=\"http:\/\/www.hansa48.de\" target=\"_blank\" rel=\"noopener\">Hansa48<\/a><\/strong> statt, bei der einige der Autor*innen anwesend sein werden. Sarah Rinderer wird dort aus der Ferne mit ihrem Beitrag am Literaturtelefon zu h\u00f6ren sein.<\/p>\n<p>Autorin: <a href=\"http:\/\/www.sarahrinderer.at\" target=\"_blank\" rel=\"noopener\">www.sarahrinderer.at<\/a><\/p>\n<p><em>\u201eDer Schnipsel\u201c<\/em>: <a href=\"http:\/\/www.derschnipsel.org\" target=\"_blank\" rel=\"noopener\">www.derschnipsel.org<\/a><\/p>\n<p>Foto: Petra Rainer<\/p>\n<p>literaturtelefon-online.de | Telefon: 0431\/901-8888<\/p>\n<\/div>\n","protected":false},"excerpt":{"rendered":"<p>Am Literaturtelefon unter der Rufnummer 0431\/901-8888 und auf www.literaturtelefon-online.de liest Sarah Rinderer ihren Text \u201eGanz nah sind wir uns in Fernsignalen\u201c. Sie er\u00f6ffnet damit eine Lesungsreihe von Autor*innen am Literaturtelefon, deren Texte in der aktuell 23. Ausgabe der in Kiel herausgegebenen Literaturzeitschrift \u201eDer Schnipsel\u201c zum Thema \u201eKommunikationen\u201c erschienen sind. Eine junge K\u00fcnstlerin bezieht f\u00fcr eine [&hellip;]<\/p>\n","protected":false},"author":6,"featured_media":0,"parent":4792,"menu_order":2,"comment_status":"closed","ping_status":"closed","template":"","meta":{"footnotes":""},"class_list":["post-4847","page","type-page","status-publish","hentry"],"_links":{"self":[{"href":"http:\/\/www.literaturtelefon-online.de\/index.php?rest_route=\/wp\/v2\/pages\/4847","targetHints":{"allow":["GET"]}}],"collection":[{"href":"http:\/\/www.literaturtelefon-online.de\/index.php?rest_route=\/wp\/v2\/pages"}],"about":[{"href":"http:\/\/www.literaturtelefon-online.de\/index.php?rest_route=\/wp\/v2\/types\/page"}],"author":[{"embeddable":true,"href":"http:\/\/www.literaturtelefon-online.de\/index.php?rest_route=\/wp\/v2\/users\/6"}],"replies":[{"embeddable":true,"href":"http:\/\/www.literaturtelefon-online.de\/index.php?rest_route=%2Fwp%2Fv2%2Fcomments&post=4847"}],"version-history":[{"count":8,"href":"http:\/\/www.literaturtelefon-online.de\/index.php?rest_route=\/wp\/v2\/pages\/4847\/revisions"}],"predecessor-version":[{"id":4866,"href":"http:\/\/www.literaturtelefon-online.de\/index.php?rest_route=\/wp\/v2\/pages\/4847\/revisions\/4866"}],"up":[{"embeddable":true,"href":"http:\/\/www.literaturtelefon-online.de\/index.php?rest_route=\/wp\/v2\/pages\/4792"}],"wp:attachment":[{"href":"http:\/\/www.literaturtelefon-online.de\/index.php?rest_route=%2Fwp%2Fv2%2Fmedia&parent=4847"}],"curies":[{"name":"wp","href":"https:\/\/api.w.org\/{rel}","templated":true}]}}