{"id":4804,"date":"2023-07-02T16:45:28","date_gmt":"2023-07-02T14:45:28","guid":{"rendered":"http:\/\/www.literaturtelefon-online.de\/?page_id=4804"},"modified":"2023-11-01T21:33:40","modified_gmt":"2023-11-01T19:33:40","slug":"henning-schoettke","status":"publish","type":"page","link":"http:\/\/www.literaturtelefon-online.de\/?page_id=4804","title":{"rendered":"Henning Sch\u00f6ttke"},"content":{"rendered":"<div style=\"text-align: justify;\">\n<p>Am Literaturtelefon unter der Rufnummer 0431\/901-8888 und auf www.literaturtelefon-online.de liest der Kronshagener Autor Henning Sch\u00f6ttke seine Kurzgeschichte <em>\u201eWut und Trauer vor der Flut\u201c<\/em>, die in der Anthologie <em>\u201eMeeresleuchten und frische Brise\u201c<\/em>, herausgegeben vom \u201eF\u00f6rderverein f\u00fcr zeitgen\u00f6ssische Literatur NordBuch e.V.\u201c im Verlag Vitolibro, erschien.<\/p>\n<p><!--[if lt IE 9]><script>document.createElement('audio');<\/script><![endif]-->\n<audio class=\"wp-audio-shortcode\" id=\"audio-4804-1\" preload=\"none\" style=\"width: 100%;\" controls=\"controls\"><source type=\"audio\/mpeg\" src=\"http:\/\/www.literaturtelefon-online.de\/wp-content\/uploads\/2023\/07\/henning_schoettke_wut_und_trauer_vor_der_flut.mp3?_=1\" \/><a href=\"http:\/\/www.literaturtelefon-online.de\/wp-content\/uploads\/2023\/07\/henning_schoettke_wut_und_trauer_vor_der_flut.mp3\">http:\/\/www.literaturtelefon-online.de\/wp-content\/uploads\/2023\/07\/henning_schoettke_wut_und_trauer_vor_der_flut.mp3<\/a><\/audio><br \/>\n<br \/>\n<img loading=\"lazy\" decoding=\"async\" class=\"alignright size-full wp-image-3443\" style=\"margin-left: 40px;\" src=\"http:\/\/www.literaturtelefon-online.de\/wp-content\/uploads\/2019\/11\/henning_schoettke.jpg\" alt=\"\" width=\"300\" height=\"463\" srcset=\"http:\/\/www.literaturtelefon-online.de\/wp-content\/uploads\/2019\/11\/henning_schoettke.jpg 300w, http:\/\/www.literaturtelefon-online.de\/wp-content\/uploads\/2019\/11\/henning_schoettke-194x300.jpg 194w\" sizes=\"auto, (max-width: 300px) 100vw, 300px\" \/>(Nicht nur) eine Krimigeschichte: Der Anwalt Jakob Walden, im Dienst zwielichtiger Unterweltler, findet sich gefesselt an einen Pflock am Meeresstrand wieder. Ein Racheakt, eine eindeutige \u201eBelehrung\u201c? Die Flut naht. Wird sie ihn ertr\u00e4nken oder wird er im letzten Moment gerettet? Und was folgt aus dem Einen wie dem Anderen &#8230;?<\/p>\n<p>Henning Sch\u00f6ttke, Mitglied des <a href=\"https:\/\/www.kielerkrimikartell.de\/\" target=\"_blank\" rel=\"noopener\">\u201eKieler Krimi Kartells\u201c<\/a>, erz\u00e4hlt diese lebensbedrohliche Situation ebenso spannend wie emotional ber\u00fchrend. Nicht nur ein Krimi, sondern auch die Geschichte einer existenziellen Bedrohung: Was bleibt, was wird, wenn der Tod droht?<\/p>\n<p>Henning Sch\u00f6ttke, Jahrgang 1952, studierte zun\u00e4chst Mathematik und Musik auf Lehramt. Seit 1978 ist er freiberuflicher Comiczeichner, hat zahlreiche Comicserien ver\u00f6ffentlicht und \u00fcber hundert Schulb\u00fccher illustriert. 2001 begann er mit dem Schreiben von Romanen und Kurzgeschichten. Sehr erfolgreich ist seine auf eine Heptalogie angelegte Roman-Reihe \u00fcber die Sieben Tods\u00fcnden (zuletzt (2019) der f\u00fcnfte Band <em>\u201eInvidias Gesetze\u201c<\/em>). Er unterrichtet Kreatives Schreiben und ist Kulturvermittler des Landes Schleswig-Holstein.<\/p>\n<p>Am Literaturtelefon war Sch\u00f6ttke mehrfach zu h\u00f6ren, zuletzt mit seiner Kurzgeschichte <a href=\"http:\/\/www.literaturtelefon-online.de\/?page_id=4025\"><em>\u201eKlingelstreiche\u201c<\/em> im Juni 2021<\/a>.<\/p>\n<p>Im Rahmen des Events <a href=\"https:\/\/www.die-holtenauer.de\/events\/spaetschicht-trifftkrimi.html\" rel=\"noopener\" target=\"_blank\"><strong>\u201eSp\u00e4tschicht trifft Krimi\u201c<\/strong><\/a> in der Holtenauer Stra\u00dfe (Kiel) am <strong>Freitag, 3. November 2023<\/strong> liest Henning Sch\u00f6ttke bei Schuh Heinrich (Holtenauer Str. 24, 24105 Kiel) um 18, 19, 20 und 21 Uhr jeweils 30 Minuten ausgew\u00e4hlte Krimi-Texte.<\/p>\n<p>Autor: <a href=\"http:\/\/www.henning-schoettke.de\" target=\"_blank\" rel=\"noopener noreferrer\">www.henning-schoettke.de<\/a><\/p>\n<p>Foto: Gertje K\u00f6nig<\/p>\n<p>literaturtelefon-online.de | Telefon: 0431\/901-8888<\/p>\n<\/div>\n","protected":false},"excerpt":{"rendered":"<p>Am Literaturtelefon unter der Rufnummer 0431\/901-8888 und auf www.literaturtelefon-online.de liest der Kronshagener Autor Henning Sch\u00f6ttke seine Kurzgeschichte \u201eWut und Trauer vor der Flut\u201c, die in der Anthologie \u201eMeeresleuchten und frische Brise\u201c, herausgegeben vom \u201eF\u00f6rderverein f\u00fcr zeitgen\u00f6ssische Literatur NordBuch e.V.\u201c im Verlag Vitolibro, erschien. (Nicht nur) eine Krimigeschichte: Der Anwalt Jakob Walden, im Dienst zwielichtiger Unterweltler, [&hellip;]<\/p>\n","protected":false},"author":6,"featured_media":0,"parent":4794,"menu_order":4,"comment_status":"closed","ping_status":"closed","template":"","meta":{"footnotes":""},"class_list":["post-4804","page","type-page","status-publish","hentry"],"_links":{"self":[{"href":"http:\/\/www.literaturtelefon-online.de\/index.php?rest_route=\/wp\/v2\/pages\/4804","targetHints":{"allow":["GET"]}}],"collection":[{"href":"http:\/\/www.literaturtelefon-online.de\/index.php?rest_route=\/wp\/v2\/pages"}],"about":[{"href":"http:\/\/www.literaturtelefon-online.de\/index.php?rest_route=\/wp\/v2\/types\/page"}],"author":[{"embeddable":true,"href":"http:\/\/www.literaturtelefon-online.de\/index.php?rest_route=\/wp\/v2\/users\/6"}],"replies":[{"embeddable":true,"href":"http:\/\/www.literaturtelefon-online.de\/index.php?rest_route=%2Fwp%2Fv2%2Fcomments&post=4804"}],"version-history":[{"count":8,"href":"http:\/\/www.literaturtelefon-online.de\/index.php?rest_route=\/wp\/v2\/pages\/4804\/revisions"}],"predecessor-version":[{"id":4949,"href":"http:\/\/www.literaturtelefon-online.de\/index.php?rest_route=\/wp\/v2\/pages\/4804\/revisions\/4949"}],"up":[{"embeddable":true,"href":"http:\/\/www.literaturtelefon-online.de\/index.php?rest_route=\/wp\/v2\/pages\/4794"}],"wp:attachment":[{"href":"http:\/\/www.literaturtelefon-online.de\/index.php?rest_route=%2Fwp%2Fv2%2Fmedia&parent=4804"}],"curies":[{"name":"wp","href":"https:\/\/api.w.org\/{rel}","templated":true}]}}