{"id":4800,"date":"2023-07-02T15:31:41","date_gmt":"2023-07-02T13:31:41","guid":{"rendered":"http:\/\/www.literaturtelefon-online.de\/?page_id=4800"},"modified":"2023-08-27T17:22:20","modified_gmt":"2023-08-27T15:22:20","slug":"georg-klein","status":"publish","type":"page","link":"http:\/\/www.literaturtelefon-online.de\/?page_id=4800","title":{"rendered":"Georg Klein"},"content":{"rendered":"<div style=\"text-align: justify;\">\n<p>Am Literaturtelefon unter der Rufnummer 0431\/901-8888 und auf www.literaturtelefon-online.de liest Georg Klein den Text <em>\u201eDer ganze Roman\u201c<\/em> aus seinem Erz\u00e4hlungsband <em>\u201eIm Bienenlicht\u201c<\/em>, der im Februar 2023 bei Rowohlt erschien. Die Aufnahme entstand im Rahmen einer Lesung im Literaturhaus SH am 6.6.2023.<\/p>\n<p><!--[if lt IE 9]><script>document.createElement('audio');<\/script><![endif]-->\n<audio class=\"wp-audio-shortcode\" id=\"audio-4800-1\" preload=\"none\" style=\"width: 100%;\" controls=\"controls\"><source type=\"audio\/mpeg\" src=\"http:\/\/www.literaturtelefon-online.de\/wp-content\/uploads\/2023\/06\/georg_klein_im_bienenlicht.mp3?_=1\" \/><a href=\"http:\/\/www.literaturtelefon-online.de\/wp-content\/uploads\/2023\/06\/georg_klein_im_bienenlicht.mp3\">http:\/\/www.literaturtelefon-online.de\/wp-content\/uploads\/2023\/06\/georg_klein_im_bienenlicht.mp3<\/a><\/audio><br \/>\n<br \/>\n<img loading=\"lazy\" decoding=\"async\" class=\"size-full wp-image-4774 alignright\" style=\"margin-left: 40px;\" src=\"http:\/\/www.literaturtelefon-online.de\/wp-content\/uploads\/2023\/06\/georg_klein.jpg\" alt=\"\" width=\"300\" height=\"372\" srcset=\"http:\/\/www.literaturtelefon-online.de\/wp-content\/uploads\/2023\/06\/georg_klein.jpg 300w, http:\/\/www.literaturtelefon-online.de\/wp-content\/uploads\/2023\/06\/georg_klein-242x300.jpg 242w\" sizes=\"auto, (max-width: 300px) 100vw, 300px\" \/>Georg Klein entf\u00fchrt in seinem Erz\u00e4hlband in fantastische Zwischenwelten voller Zeitschleifen, Kippmomente sowie \u00fcbersensibler K\u00f6rper und stellt dabei die Wirklichkeit virtuos infrage. Seine Geschichten zehren von den Orten, in denen ihr Geschehen wurzelt: Einige beanspruchen Anteil an der Aura der gro\u00dfen Welt, andere w\u00e4hlen als Spielraum die heimelige Enge. Doch hier wie dort \u2013 an einem spektakul\u00e4r sch\u00f6nen Strand Kaliforniens wie in der fensterlosen Nasszelle eines Reihenh\u00e4uschens \u2013 erwartet uns das Abenteuer. Nicht weniger als Heimat bedeutet den Heldinnen und Helden im Erz\u00e4hlungsband <em>\u201eIm Bienenlicht\u201c<\/em> ihre Arbeit. Sie betreiben hochbetagt eine Dorfschmiede, restaurieren versehrte moderne Gem\u00e4lde oder gestalten einen Volksmusikabend im Festsaal eines ostdeutschen Landgasthofs. Die K\u00fcnste, die niedrigen wie die h\u00f6heren, wirken mit an einem anr\u00fchrend heimeligen Zuhause. Aber in der Kunst liegt nicht nur Heimat, sondern auch der Keim des Abenteuers. Und so geraten wir auf Geisterjagd in eine ehemalige Papierfabrik, zwischen die h\u00f6lzernen S\u00e4ulen der ersten Autobahnkirche Deutschlands und unter das Bl\u00e4tterdach eines geheimnisreich fruchtbaren Walnussbaums: ins Zwischenreich von Kunst und belebter Natur.<\/p>\n<p>Georg Klein wurde 1953 in Augsburg geboren. Sein Deb\u00fct, der Agenten-Roman <em>\u201eLibidissi\u201d<\/em>, wurde 1999 mit dem Br\u00fcder-Grimm-Preis der Stadt Hanau ausgezeichnet. Neben weiteren Romanen wie dem <em>\u201eRoman unserer Kindheit\u201c<\/em>, f\u00fcr den er 2010 den Preis der Leipziger Buchmesse erhielt, ver\u00f6ffentlichte Georg Klein mehrere Erz\u00e4hlb\u00e4nde: <em>\u201eAnrufung des Blinden Fisches\u201d<\/em>, <em>\u201eDie Logik der S\u00fc\u00dfe\u201c<\/em> und <em>\u201eVon den Deutschen\u201c<\/em>. F\u00fcr sein Werk wurden ihm der u.a. der Bachmann-Preis (2000), der Nieders\u00e4chsische Staatspreis (2012) und 2022 f\u00fcr <em>\u201eIm Bienenlicht\u201c<\/em> der Gro\u00dfe Preis des Deutschen Literaturfonds verliehen.<\/p>\n<p><a href=\"https:\/\/de.wikipedia.org\/wiki\/Georg_Klein_(Schriftsteller)\" target=\"_blank\" rel=\"noopener\">Wikipedia \u00fcber den Autor<\/a><\/p>\n<p>Verlag: <a href=\"https:\/\/www.rowohlt.de\/buch\/georg-klein-im-bienenlicht-9783498003050\" target=\"_blank\" rel=\"noopener\">Rowohlt Verlag<\/a><\/p>\n<p>Foto: Eva H\u00e4berle<\/p>\n<p>literaturtelefon-online.de | Telefon: 0431\/901-8888<\/p>\n<\/div>\n","protected":false},"excerpt":{"rendered":"<p>Am Literaturtelefon unter der Rufnummer 0431\/901-8888 und auf www.literaturtelefon-online.de liest Georg Klein den Text \u201eDer ganze Roman\u201c aus seinem Erz\u00e4hlungsband \u201eIm Bienenlicht\u201c, der im Februar 2023 bei Rowohlt erschien. Die Aufnahme entstand im Rahmen einer Lesung im Literaturhaus SH am 6.6.2023. Georg Klein entf\u00fchrt in seinem Erz\u00e4hlband in fantastische Zwischenwelten voller Zeitschleifen, Kippmomente sowie \u00fcbersensibler [&hellip;]<\/p>\n","protected":false},"author":6,"featured_media":0,"parent":4792,"menu_order":1,"comment_status":"closed","ping_status":"closed","template":"","meta":{"footnotes":""},"class_list":["post-4800","page","type-page","status-publish","hentry"],"_links":{"self":[{"href":"http:\/\/www.literaturtelefon-online.de\/index.php?rest_route=\/wp\/v2\/pages\/4800","targetHints":{"allow":["GET"]}}],"collection":[{"href":"http:\/\/www.literaturtelefon-online.de\/index.php?rest_route=\/wp\/v2\/pages"}],"about":[{"href":"http:\/\/www.literaturtelefon-online.de\/index.php?rest_route=\/wp\/v2\/types\/page"}],"author":[{"embeddable":true,"href":"http:\/\/www.literaturtelefon-online.de\/index.php?rest_route=\/wp\/v2\/users\/6"}],"replies":[{"embeddable":true,"href":"http:\/\/www.literaturtelefon-online.de\/index.php?rest_route=%2Fwp%2Fv2%2Fcomments&post=4800"}],"version-history":[{"count":3,"href":"http:\/\/www.literaturtelefon-online.de\/index.php?rest_route=\/wp\/v2\/pages\/4800\/revisions"}],"predecessor-version":[{"id":4803,"href":"http:\/\/www.literaturtelefon-online.de\/index.php?rest_route=\/wp\/v2\/pages\/4800\/revisions\/4803"}],"up":[{"embeddable":true,"href":"http:\/\/www.literaturtelefon-online.de\/index.php?rest_route=\/wp\/v2\/pages\/4792"}],"wp:attachment":[{"href":"http:\/\/www.literaturtelefon-online.de\/index.php?rest_route=%2Fwp%2Fv2%2Fmedia&parent=4800"}],"curies":[{"name":"wp","href":"https:\/\/api.w.org\/{rel}","templated":true}]}}