{"id":4776,"date":"2023-06-06T22:36:20","date_gmt":"2023-06-06T20:36:20","guid":{"rendered":"http:\/\/www.literaturtelefon-online.de\/?page_id=4776"},"modified":"2023-07-02T22:43:25","modified_gmt":"2023-07-02T20:43:25","slug":"mona-harry","status":"publish","type":"page","link":"http:\/\/www.literaturtelefon-online.de\/?page_id=4776","title":{"rendered":"Mona Harry"},"content":{"rendered":"<div style=\"text-align: justify;\">\n<p>Am Literaturtelefon unter der Rufnummer 0431\/901-8888 und auf www.literaturtelefon-online.de liest die Kieler Slam-Poetin Mona Harry aus ihrem im Fr\u00fchjahr 2023 im KJM Buchverlag erschienenen literarischen Reisef\u00fchrer <em>\u201eIns Blaue \u2013 20 Radtouren im Land zwischen den Meeren\u201c<\/em>.<\/p>\n<p><!--[if lt IE 9]><script>document.createElement('audio');<\/script><![endif]-->\n<audio class=\"wp-audio-shortcode\" id=\"audio-4776-1\" preload=\"none\" style=\"width: 100%;\" controls=\"controls\"><source type=\"audio\/mpeg\" src=\"http:\/\/www.literaturtelefon-online.de\/wp-content\/uploads\/2023\/06\/mona_harry_ins_blaue.mp3?_=1\" \/><a href=\"http:\/\/www.literaturtelefon-online.de\/wp-content\/uploads\/2023\/06\/mona_harry_ins_blaue.mp3\">http:\/\/www.literaturtelefon-online.de\/wp-content\/uploads\/2023\/06\/mona_harry_ins_blaue.mp3<\/a><\/audio><br \/>\n<br \/>\nMona Harry hat sich auf ihr Rad geschwungen und 20 Routen dokumentiert und beschrieben. 20-mal Schleswig-Holstein: Sylt, Amrum, F\u00f6hr, St. Peter-Ording, Nordstrand, Friedrichstadt, Eider, Brunsb\u00fcttel, Nord-Ostsee-Kanal, Schlei, Aukrug, Westensee, Kiel, Preetz, Selent, Fehmarn, Eutin, Scharbeutz, Bargteheide, Wedel, Storman, Ratzeburg \u2026 So praktisch und pragmatisch wie poetisch. Die ganze Vielfalt Schleswig-Holsteins auf 20 von ihr erprobten Routen <em>\u201eIns Blaue\u201c<\/em>. Um eigene Touren zu planen und zu machen. Oder einfach zum Lesen, Schauen, Schm\u00f6kern und Bl\u00e4ttern. Anekdoten der Touren: \u00dcber die Liebe zum Radfahren. \u00dcber Schmerzen und was einem das Radfahren verleidet. Von Gegenwind und Lichtblicken. Eine ganz neue \u201eLiebeserkl\u00e4rung an den Norden\u201c.<\/p>\n<p><img loading=\"lazy\" decoding=\"async\" class=\"alignright size-full wp-image-4768\" style=\"margin-left: 40px;\" src=\"http:\/\/www.literaturtelefon-online.de\/wp-content\/uploads\/2023\/06\/mona_harry.jpg\" alt=\"\" width=\"400\" height=\"497\" srcset=\"http:\/\/www.literaturtelefon-online.de\/wp-content\/uploads\/2023\/06\/mona_harry.jpg 400w, http:\/\/www.literaturtelefon-online.de\/wp-content\/uploads\/2023\/06\/mona_harry-241x300.jpg 241w\" sizes=\"auto, (max-width: 400px) 100vw, 400px\" \/>Die Kunst- und Philosophiestudentin Mona Harry ist seit Ende 2011 auf Poetry Slam-B\u00fchnen im gesamten deutschsprachigen Raum aktiv. Sie veranstaltet und moderiert den monatlich stattfindenden \u201eSlam the Pony\u201c Poetry Slam sowie die Veranstaltungsreihe \u201eKunst gegen Bares\u201c in Hamburg. Als Moderatorin leitet sie bei verschiedensten Veranstaltungen durch den Abend. 2014 erreichte sie das Halbfinale der deutschsprachigen Meisterschaften im Poetry Slam. 2015 stand sie im Finale.<\/b><\/b>Seit 2015 ist Mona Harry feste Stammautorin der Kieler Leseb\u00fchne \u201eIrgendwas mit M\u00f6wen\u201c. 2013 erzielte sie den zweiten Platz bei den Landesmeisterschaften Schleswig-Holstein. Mehrmalig war sie Vertreterin der Hansestadt beim \u201ePoetry Slam St\u00e4dte-Battle Hamburg vs. Berlin\u201c und gewann 2015 den \u201eBuchmesse-Slam\u201c im Schauspielhaus Leipzig. Im September 2020 erhielt sie den F\u00f6rderpreis des Kunstpreises des Landes Schleswig-Holstein.<\/p>\n<p>Mona Harry gilt als eine der erfolgreichsten Slam-Poetinnen Deutschlands. Videos ihres Textes <a href=\"https:\/\/www.ndr.de\/fernsehen\/Ein-Gedicht,meinnorden218.html\" target=\"_blank\" rel=\"noopener\"><em>\u201eLiebeserkl\u00e4rung an den Norden\u201c<\/em><\/a>\u00a0entwickelten sich viral zu einem Internet-Hit mit \u00fcber 300.000 Aufrufen innerhalb von zwei Wochen.<\/p>\n<p>Im KJM Buchverlag erschienen neben dem aktuellen Band ihre Textsammlungen <em>\u201eNorden und andere Richtungen\u201c<\/em> (2018) und <em>\u201eHamburg und andere Gelegenheiten\u201c<\/em> (2019) sowie ihr selbst illustriertes Kinderbuch <em>\u201eMutproben und Die Dinge &amp; wir\u201c<\/em> (2018).<\/p>\n<p>Am Literaturtelefon war Mona Harry schon mehrfach zu h\u00f6ren, zuletzt <a href=\"http:\/\/www.literaturtelefon-online.de\/?page_id=3791\">im Oktober 2020 mit dem Text <em>\u201eAuf ein Wort\u201c<\/em><\/a> aus ihrem Band <em>\u201eNorden und andere Richtungen\u201c<\/em>.<\/p>\n<p>Autorin: <a href=\"http:\/\/www.monaharry.de\" target=\"_blank\" rel=\"noopener noreferrer\">www.monaharry.de<\/a><\/p>\n<p><a href=\"https:\/\/de.wikipedia.org\/wiki\/Mona_Harry\" target=\"_blank\" rel=\"noopener\">Wikipedia \u00fcber die Autorin<\/a><\/p>\n<p>Verlag: <a href=\"https:\/\/www.kjm-buchverlag.de\/produkt\/ins-blaue-20-radtouren-im-land-zwischen-den-meeren\/\" target=\"_blank\" rel=\"noopener\">KJM Buchverlag<\/a><\/p>\n<p>Foto: Daniel Dittus<\/p>\n<p>literaturtelefon-online.de | Telefon: 0431\/901-8888<\/p>\n<\/div>\n","protected":false},"excerpt":{"rendered":"<p>Am Literaturtelefon unter der Rufnummer 0431\/901-8888 und auf www.literaturtelefon-online.de liest die Kieler Slam-Poetin Mona Harry aus ihrem im Fr\u00fchjahr 2023 im KJM Buchverlag erschienenen literarischen Reisef\u00fchrer \u201eIns Blaue \u2013 20 Radtouren im Land zwischen den Meeren\u201c. Mona Harry hat sich auf ihr Rad geschwungen und 20 Routen dokumentiert und beschrieben. 20-mal Schleswig-Holstein: Sylt, Amrum, F\u00f6hr, [&hellip;]<\/p>\n","protected":false},"author":6,"featured_media":0,"parent":4747,"menu_order":1,"comment_status":"closed","ping_status":"closed","template":"","meta":{"footnotes":""},"class_list":["post-4776","page","type-page","status-publish","hentry"],"_links":{"self":[{"href":"http:\/\/www.literaturtelefon-online.de\/index.php?rest_route=\/wp\/v2\/pages\/4776","targetHints":{"allow":["GET"]}}],"collection":[{"href":"http:\/\/www.literaturtelefon-online.de\/index.php?rest_route=\/wp\/v2\/pages"}],"about":[{"href":"http:\/\/www.literaturtelefon-online.de\/index.php?rest_route=\/wp\/v2\/types\/page"}],"author":[{"embeddable":true,"href":"http:\/\/www.literaturtelefon-online.de\/index.php?rest_route=\/wp\/v2\/users\/6"}],"replies":[{"embeddable":true,"href":"http:\/\/www.literaturtelefon-online.de\/index.php?rest_route=%2Fwp%2Fv2%2Fcomments&post=4776"}],"version-history":[{"count":8,"href":"http:\/\/www.literaturtelefon-online.de\/index.php?rest_route=\/wp\/v2\/pages\/4776\/revisions"}],"predecessor-version":[{"id":4813,"href":"http:\/\/www.literaturtelefon-online.de\/index.php?rest_route=\/wp\/v2\/pages\/4776\/revisions\/4813"}],"up":[{"embeddable":true,"href":"http:\/\/www.literaturtelefon-online.de\/index.php?rest_route=\/wp\/v2\/pages\/4747"}],"wp:attachment":[{"href":"http:\/\/www.literaturtelefon-online.de\/index.php?rest_route=%2Fwp%2Fv2%2Fmedia&parent=4776"}],"curies":[{"name":"wp","href":"https:\/\/api.w.org\/{rel}","templated":true}]}}