{"id":4749,"date":"2023-05-08T22:57:14","date_gmt":"2023-05-08T20:57:14","guid":{"rendered":"http:\/\/www.literaturtelefon-online.de\/?page_id=4749"},"modified":"2023-07-03T23:01:30","modified_gmt":"2023-07-03T21:01:30","slug":"junger-literaturpreis-s-h-2023-kim-klement","status":"publish","type":"page","link":"http:\/\/www.literaturtelefon-online.de\/?page_id=4749","title":{"rendered":"Junger Literaturpreis S.-H. 2023: Kim Klement"},"content":{"rendered":"<div style=\"text-align: justify;\">\n<p>Am Literaturtelefon unter der Rufnummer 0431\/901-8888 und auf www.literaturtelefon-online.de waren in den vergangenen Wochen die Preistr\u00e4ger*innen des vom Freundeskreis des Literaturhauses Schleswig-Holstein e.V. ausgeschriebenen Jungen Literaturpreises S.-H. 2023 zu h\u00f6ren. Den Abschluss der kleinen Reihe bildet Kim Klement aus Sankt Peter-Ording, die mit ihrem Text <em>\u201eDreimal im Leben\u201c<\/em> den 3. Preis gewann. Die Aufnahme entstand im Rahmen der Preisverleihung am 25. April 2023 im Literaturhaus SH.<\/p>\n<p>[<em>Kim Klements Audio-Beitrag lief vom 19. Juni bis zum 2. Juli 2023 am Literaturtelefon. Die Autorin entschied sich f\u00fcr die Zeit danach zu einer L\u00f6schung des Audio-Beitrags aus dem Archiv.<\/em>]<\/p>\n<p><img loading=\"lazy\" decoding=\"async\" style=\"margin-left: 40px;\" src=\"http:\/\/www.literaturtelefon-online.de\/wp-content\/uploads\/2023\/05\/Kim_Klement.jpg\" alt=\"\" width=\"300\" height=\"427\" class=\"alignright size-full wp-image-4755\" srcset=\"http:\/\/www.literaturtelefon-online.de\/wp-content\/uploads\/2023\/05\/Kim_Klement.jpg 300w, http:\/\/www.literaturtelefon-online.de\/wp-content\/uploads\/2023\/05\/Kim_Klement-211x300.jpg 211w\" sizes=\"auto, (max-width: 300px) 100vw, 300px\" \/>Aus der Begr\u00fcndung der Jury: \u201eDie schicksalhafte Begegnung zweier Liebender, die sich sp\u00e4ter immer wieder fragen, wie er denn war, der erste magische Moment. Der Text jongliert gekonnt zwischen allt\u00e4glicher Liebesgeschichte und pers\u00f6nlichem, ganz individuellen Erfahrungsbericht der Erz\u00e4hlerin und deren Gegen\u00fcber.<\/p>\n<p>Wir fragen uns als Leser*innen, was \u00fcber den Text hinausweist, warum Paare immer wieder gefragt werden, wie sie sich denn kennengelernt h\u00e4tten. Warum erscheint das erste Treffen f\u00fcr andere so interessant? Gibt es eine Vorbestimmung? H\u00e4tte die erste Begegnung nicht auch ganz anders aussehen k\u00f6nnen, h\u00e4tte sich die Beziehung dann auch ganz anders entwickelt? Was hat es mit dem Spruch ,Man sieht sich immer zweimal im Leben\u2019 auf sich? Und was ist, wenn man sich dreimal sieht &#8230;?<\/p>\n<p>Die Geschichte bietet einige Antworten, l\u00e4sst aber auch viele Fragen offen. Die Autorin behandelt das alte Thema ,Zwei kriegen sich\u2019 humorvoll und fesselnd zugleich.\u201c<\/p>\n<p>Die Texte aller diesj\u00e4hrigen Preistr\u00e4ger*innen sind nachzulesen unter: <a href=\"https:\/\/flsh-kiel.de\/2023\/04\/26\/preistraegerinnentexte-junger-literaturpreis-schleswig-holstein-2023\/\" target=\"_blank\" rel=\"noopener\">www.flsh-kiel.de<\/a>.<\/p>\n<p>Foto: Nicola Paustian<\/p>\n<p>literaturtelefon-online.de | Telefon: 0431\/901-8888<\/p>\n<\/div>\n","protected":false},"excerpt":{"rendered":"<p>Am Literaturtelefon unter der Rufnummer 0431\/901-8888 und auf www.literaturtelefon-online.de waren in den vergangenen Wochen die Preistr\u00e4ger*innen des vom Freundeskreis des Literaturhauses Schleswig-Holstein e.V. ausgeschriebenen Jungen Literaturpreises S.-H. 2023 zu h\u00f6ren. Den Abschluss der kleinen Reihe bildet Kim Klement aus Sankt Peter-Ording, die mit ihrem Text \u201eDreimal im Leben\u201c den 3. Preis gewann. Die Aufnahme entstand [&hellip;]<\/p>\n","protected":false},"author":6,"featured_media":0,"parent":4745,"menu_order":2,"comment_status":"closed","ping_status":"closed","template":"","meta":{"footnotes":""},"class_list":["post-4749","page","type-page","status-publish","hentry"],"_links":{"self":[{"href":"http:\/\/www.literaturtelefon-online.de\/index.php?rest_route=\/wp\/v2\/pages\/4749","targetHints":{"allow":["GET"]}}],"collection":[{"href":"http:\/\/www.literaturtelefon-online.de\/index.php?rest_route=\/wp\/v2\/pages"}],"about":[{"href":"http:\/\/www.literaturtelefon-online.de\/index.php?rest_route=\/wp\/v2\/types\/page"}],"author":[{"embeddable":true,"href":"http:\/\/www.literaturtelefon-online.de\/index.php?rest_route=\/wp\/v2\/users\/6"}],"replies":[{"embeddable":true,"href":"http:\/\/www.literaturtelefon-online.de\/index.php?rest_route=%2Fwp%2Fv2%2Fcomments&post=4749"}],"version-history":[{"count":6,"href":"http:\/\/www.literaturtelefon-online.de\/index.php?rest_route=\/wp\/v2\/pages\/4749\/revisions"}],"predecessor-version":[{"id":4816,"href":"http:\/\/www.literaturtelefon-online.de\/index.php?rest_route=\/wp\/v2\/pages\/4749\/revisions\/4816"}],"up":[{"embeddable":true,"href":"http:\/\/www.literaturtelefon-online.de\/index.php?rest_route=\/wp\/v2\/pages\/4745"}],"wp:attachment":[{"href":"http:\/\/www.literaturtelefon-online.de\/index.php?rest_route=%2Fwp%2Fv2%2Fmedia&parent=4749"}],"curies":[{"name":"wp","href":"https:\/\/api.w.org\/{rel}","templated":true}]}}