{"id":4739,"date":"2023-05-08T22:40:10","date_gmt":"2023-05-08T20:40:10","guid":{"rendered":"http:\/\/www.literaturtelefon-online.de\/?page_id=4739"},"modified":"2024-05-05T20:26:52","modified_gmt":"2024-05-05T18:26:52","slug":"junger-literaturpreis-s-h-2023-tim-von-patay","status":"publish","type":"page","link":"http:\/\/www.literaturtelefon-online.de\/?page_id=4739","title":{"rendered":"Junger Literaturpreis S.-H. 2023: Tim von Patay"},"content":{"rendered":"<div style=\"text-align: justify;\">\n<p>Am Literaturtelefon unter der Rufnummer 0431\/901-8888 und auf www.literaturtelefon-online.de sind in diesen und den n\u00e4chsten Wochen die Preistr\u00e4ger*innen des vom Freundeskreis des Literaturhauses Schleswig-Holstein e.V. ausgeschriebenen Jungen Literaturpreises S.-H. 2023 zu h\u00f6ren. Tim von Patay aus Schulensee gewann mit seinem Text <em>\u201e\u00dcber Grenzen hinweg \u2013 Eine Geschichte aus dem Ersten Weltkrieg\u201c<\/em> den 2. Preis. Die Aufnahme entstand im Rahmen der Preisverleihung am 25. April 2023 im Literaturhaus SH.<\/p>\n<p><!--[if lt IE 9]><script>document.createElement('audio');<\/script><![endif]-->\n<audio class=\"wp-audio-shortcode\" id=\"audio-4739-1\" preload=\"none\" style=\"width: 100%;\" controls=\"controls\"><source type=\"audio\/mpeg\" src=\"http:\/\/www.literaturtelefon-online.de\/wp-content\/uploads\/2023\/05\/tim_von_patay_ueber_grenzen_hinweg_jlpsh_2_lang.mp3?_=1\" \/><a href=\"http:\/\/www.literaturtelefon-online.de\/wp-content\/uploads\/2023\/05\/tim_von_patay_ueber_grenzen_hinweg_jlpsh_2_lang.mp3\">http:\/\/www.literaturtelefon-online.de\/wp-content\/uploads\/2023\/05\/tim_von_patay_ueber_grenzen_hinweg_jlpsh_2_lang.mp3<\/a><\/audio><br \/>\n<br \/>\n<img loading=\"lazy\" decoding=\"async\" class=\"alignright size-full wp-image-4743\" style=\"margin-left: 40px;\" src=\"http:\/\/www.literaturtelefon-online.de\/wp-content\/uploads\/2023\/05\/Tim_von_Patay.jpg\" alt=\"\" width=\"300\" height=\"454\" srcset=\"http:\/\/www.literaturtelefon-online.de\/wp-content\/uploads\/2023\/05\/Tim_von_Patay.jpg 300w, http:\/\/www.literaturtelefon-online.de\/wp-content\/uploads\/2023\/05\/Tim_von_Patay-198x300.jpg 198w\" sizes=\"auto, (max-width: 300px) 100vw, 300px\" \/>Aus der Begr\u00fcndung der Jury: \u201eDer Text f\u00fchrt uns in die Vergangenheit. Er schildert den Beginn einer Freundschaft in einer Umgebung, die eigentlich keine Freundschaft zul\u00e4sst. Ohne gro\u00dfen Pathos wird die pers\u00f6nliche Erfahrung des Protagonisten innerhalb des gro\u00dfen Weltgeschehens erz\u00e4hlt. Es ist ein pers\u00f6nlicher Blick, eine pers\u00f6nliche Haltung, die nicht unbedingt versucht, das gro\u00dfe Ganze einzuordnen, sondern sich auf eben dieses eine, pers\u00f6nliche Schicksal, auf den Protagonisten innerhalb einer spezifischen Situation konzentriert.In empathischer Sprache erinnert der Autor daran, einen Menschen prim\u00e4r als einen anderen Menschen zu betrachten, unabh\u00e4ngig von \u00c4u\u00dferlichkeiten. So k\u00f6nnen Freundschaften entstehen \u2013 auch \u00fcber Grenzen hinweg.\u201c<\/p>\n<p>Die Texte aller diesj\u00e4hrigen Preistr\u00e4ger*innen sind nachzulesen unter: <a href=\"https:\/\/flsh-kiel.de\/2023\/04\/26\/preistraegerinnentexte-junger-literaturpreis-schleswig-holstein-2023\/\" target=\"_blank\" rel=\"noopener\">www.flsh-kiel.de<\/a>.<\/p>\n<p>Foto: Nicola Paustian<\/p>\n<p>literaturtelefon-online.de | Telefon: 0431\/901-8888<\/p>\n<\/div>\n","protected":false},"excerpt":{"rendered":"<p>Am Literaturtelefon unter der Rufnummer 0431\/901-8888 und auf www.literaturtelefon-online.de sind in diesen und den n\u00e4chsten Wochen die Preistr\u00e4ger*innen des vom Freundeskreis des Literaturhauses Schleswig-Holstein e.V. ausgeschriebenen Jungen Literaturpreises S.-H. 2023 zu h\u00f6ren. Tim von Patay aus Schulensee gewann mit seinem Text \u201e\u00dcber Grenzen hinweg \u2013 Eine Geschichte aus dem Ersten Weltkrieg\u201c den 2. Preis. Die [&hellip;]<\/p>\n","protected":false},"author":6,"featured_media":0,"parent":4745,"menu_order":1,"comment_status":"closed","ping_status":"closed","template":"","meta":{"footnotes":""},"class_list":["post-4739","page","type-page","status-publish","hentry"],"_links":{"self":[{"href":"http:\/\/www.literaturtelefon-online.de\/index.php?rest_route=\/wp\/v2\/pages\/4739","targetHints":{"allow":["GET"]}}],"collection":[{"href":"http:\/\/www.literaturtelefon-online.de\/index.php?rest_route=\/wp\/v2\/pages"}],"about":[{"href":"http:\/\/www.literaturtelefon-online.de\/index.php?rest_route=\/wp\/v2\/types\/page"}],"author":[{"embeddable":true,"href":"http:\/\/www.literaturtelefon-online.de\/index.php?rest_route=\/wp\/v2\/users\/6"}],"replies":[{"embeddable":true,"href":"http:\/\/www.literaturtelefon-online.de\/index.php?rest_route=%2Fwp%2Fv2%2Fcomments&post=4739"}],"version-history":[{"count":6,"href":"http:\/\/www.literaturtelefon-online.de\/index.php?rest_route=\/wp\/v2\/pages\/4739\/revisions"}],"predecessor-version":[{"id":5112,"href":"http:\/\/www.literaturtelefon-online.de\/index.php?rest_route=\/wp\/v2\/pages\/4739\/revisions\/5112"}],"up":[{"embeddable":true,"href":"http:\/\/www.literaturtelefon-online.de\/index.php?rest_route=\/wp\/v2\/pages\/4745"}],"wp:attachment":[{"href":"http:\/\/www.literaturtelefon-online.de\/index.php?rest_route=%2Fwp%2Fv2%2Fmedia&parent=4739"}],"curies":[{"name":"wp","href":"https:\/\/api.w.org\/{rel}","templated":true}]}}