{"id":4677,"date":"2023-03-06T16:41:36","date_gmt":"2023-03-06T14:41:36","guid":{"rendered":"http:\/\/www.literaturtelefon-online.de\/?page_id=4677"},"modified":"2023-04-09T17:10:47","modified_gmt":"2023-04-09T15:10:47","slug":"ulrike-draesner","status":"publish","type":"page","link":"http:\/\/www.literaturtelefon-online.de\/?page_id=4677","title":{"rendered":"Ulrike Draesner"},"content":{"rendered":"<div style=\"text-align: justify;\">Am Literaturtelefon unter der Rufnummer 0431\/901-8888 und auf www.literaturtelefon-online.de liest Ulrike Draesner aus ihrem im Februar 2023 im Penguin Verlag erschienenen Roman <em>\u201eDie Verwandelten\u201c<\/em>. Die Aufnahme entstand im Rahmen einer Lesung im Literaturhaus Schleswig-Holstein am 6.3.2023.<\/p>\n<p><!--[if lt IE 9]><script>document.createElement('audio');<\/script><![endif]-->\n<audio class=\"wp-audio-shortcode\" id=\"audio-4677-1\" preload=\"none\" style=\"width: 100%;\" controls=\"controls\"><source type=\"audio\/mpeg\" src=\"http:\/\/www.literaturtelefon-online.de\/wp-content\/uploads\/2023\/03\/ulrike_draesner_die_verwandelten.mp3?_=1\" \/><a href=\"http:\/\/www.literaturtelefon-online.de\/wp-content\/uploads\/2023\/03\/ulrike_draesner_die_verwandelten.mp3\">http:\/\/www.literaturtelefon-online.de\/wp-content\/uploads\/2023\/03\/ulrike_draesner_die_verwandelten.mp3<\/a><\/audio><br \/>\n<br \/>\nUlrike Draesner erz\u00e4hlt hundert Jahre europ\u00e4ischer Geschichte in einem bewegenden M\u00fctter-T\u00f6chter Roman. Ihre Protagonistinnen: eine nationalsozialistische Vorzeigemutter, die anderen beibringt, wie Kinder zu erziehen sind, doch \u00fcber das Wichtigste, was sie verloren hat, niemals spricht; eine K\u00f6chin, die lieber Frauen geliebt h\u00e4tte als den Dienstherrn, unterwegs durch das zerst\u00f6rte Deutschland im Sommer 1945; ein M\u00e4dchen in M\u00fcnchen Solln, geboren in einem Lebensbornheim der SS; eine alleinerziehende Anw\u00e4ltin von heute, die nach dem Tod ihrer Mutter unverhofft eine Wohnung in Wroc\u0142aw erbt \u2013 und einen polnischen Zweig der Familie entdeckt.<\/p>\n<p><img loading=\"lazy\" decoding=\"async\" class=\"alignright size-full wp-image-4680\" style=\"margin-left: 40px;\" src=\"http:\/\/www.literaturtelefon-online.de\/wp-content\/uploads\/2023\/03\/ulrike_draesner.jpg\" alt=\"\" width=\"300\" height=\"451\" srcset=\"http:\/\/www.literaturtelefon-online.de\/wp-content\/uploads\/2023\/03\/ulrike_draesner.jpg 300w, http:\/\/www.literaturtelefon-online.de\/wp-content\/uploads\/2023\/03\/ulrike_draesner-200x300.jpg 200w\" sizes=\"auto, (max-width: 300px) 100vw, 300px\" \/>Alle Figuren verbindet ein Jahrhundert von Krieg und Nachkrieg, Flucht und Vertreibung, von Gewalt. Was bedeutet es, in einem Staat zu leben, der Menschenzucht betreibt? Und wie dar\u00fcber schreiben, was den Frauen im Krieg geschieht? Was ihnen die Sprache nimmt. Was sie f\u00fcr immer verwandelt. Und wie \u00fcber die unsichtbare Kraft, die verhindert, dass sie daran zerbrechen?<\/p>\n<p>Ulrike Draesner gibt den Verwandelten ihre Stimmen zur\u00fcck. Sie erfinden sich neu, wechseln Sprache und Land, \u00fcberraschen sich selbst mit ihrem Mut, ihrem Humor, ihrer Kraft. Die Bedeutung von Familie ver\u00e4ndert sich, Freir\u00e4ume entstehen.<\/p>\n<p>Ulrike Draesner, 1962 in M\u00fcnchen geboren, wurde f\u00fcr ihre Romane und Gedichte vielfach ausgezeichnet. Zuletzt erhielt sie den Preis der LiteraTour Nord, den Bayerischen Buchpreis, den Deutschen Preis f\u00fcr Nature Writing, den Ida-Dehmel-Literaturpreis (alle 2020) sowie den Gro\u00dfen Preis des Deutschen Literaturfonds (2021). Von 2015 bis 2017 lehrte sie an der Universit\u00e4t Oxford, seit April 2018 ist sie Professorin am Deutschen Literaturinstitut Leipzig. Draesner lebt in Berlin und Leipzig.<\/p>\n<p>Mit ihrem Roman <a href=\"http:\/\/www.literaturtelefon-online.de\/?page_id=1458\"><em>\u201eSieben Spr\u00fcnge vom Rand der Welt\u201c<\/em> war Ulrike Draesner im Dezember 2014 schon einmal am Literaturtelefon<\/a> zu h\u00f6ren.<\/p>\n<p>Autorin: <a href=\"http:\/\/www.draesner.de\" target=\"_blank\" rel=\"noopener\">www.draesner.de<\/a><\/p>\n<p>Verlag: <a href=\"https:\/\/www.penguinrandomhouse.de\/Buch\/Die-Verwandelten\/Ulrike-Draesner\/Penguin\/e583278.rhd\" target=\"_blank\" rel=\"noopener\">Penguin Verlag<\/a><\/p>\n<p>Foto: Dominik Butzmann<\/p>\n<p>literaturtelefon-online.de | Telefon: 0431\/901-8888<\/p>\n<\/div>\n","protected":false},"excerpt":{"rendered":"<p>Am Literaturtelefon unter der Rufnummer 0431\/901-8888 und auf www.literaturtelefon-online.de liest Ulrike Draesner aus ihrem im Februar 2023 im Penguin Verlag erschienenen Roman \u201eDie Verwandelten\u201c. Die Aufnahme entstand im Rahmen einer Lesung im Literaturhaus Schleswig-Holstein am 6.3.2023. Ulrike Draesner erz\u00e4hlt hundert Jahre europ\u00e4ischer Geschichte in einem bewegenden M\u00fctter-T\u00f6chter Roman. Ihre Protagonistinnen: eine nationalsozialistische Vorzeigemutter, die anderen [&hellip;]<\/p>\n","protected":false},"author":6,"featured_media":0,"parent":4667,"menu_order":2,"comment_status":"closed","ping_status":"closed","template":"","meta":{"footnotes":""},"class_list":["post-4677","page","type-page","status-publish","hentry"],"_links":{"self":[{"href":"http:\/\/www.literaturtelefon-online.de\/index.php?rest_route=\/wp\/v2\/pages\/4677","targetHints":{"allow":["GET"]}}],"collection":[{"href":"http:\/\/www.literaturtelefon-online.de\/index.php?rest_route=\/wp\/v2\/pages"}],"about":[{"href":"http:\/\/www.literaturtelefon-online.de\/index.php?rest_route=\/wp\/v2\/types\/page"}],"author":[{"embeddable":true,"href":"http:\/\/www.literaturtelefon-online.de\/index.php?rest_route=\/wp\/v2\/users\/6"}],"replies":[{"embeddable":true,"href":"http:\/\/www.literaturtelefon-online.de\/index.php?rest_route=%2Fwp%2Fv2%2Fcomments&post=4677"}],"version-history":[{"count":6,"href":"http:\/\/www.literaturtelefon-online.de\/index.php?rest_route=\/wp\/v2\/pages\/4677\/revisions"}],"predecessor-version":[{"id":4687,"href":"http:\/\/www.literaturtelefon-online.de\/index.php?rest_route=\/wp\/v2\/pages\/4677\/revisions\/4687"}],"up":[{"embeddable":true,"href":"http:\/\/www.literaturtelefon-online.de\/index.php?rest_route=\/wp\/v2\/pages\/4667"}],"wp:attachment":[{"href":"http:\/\/www.literaturtelefon-online.de\/index.php?rest_route=%2Fwp%2Fv2%2Fmedia&parent=4677"}],"curies":[{"name":"wp","href":"https:\/\/api.w.org\/{rel}","templated":true}]}}