{"id":4665,"date":"2023-02-23T20:56:49","date_gmt":"2023-02-23T18:56:49","guid":{"rendered":"http:\/\/www.literaturtelefon-online.de\/?page_id=4665"},"modified":"2023-03-27T07:00:22","modified_gmt":"2023-03-27T05:00:22","slug":"thies-john","status":"publish","type":"page","link":"http:\/\/www.literaturtelefon-online.de\/?page_id=4665","title":{"rendered":"Thies John"},"content":{"rendered":"<div style=\"text-align: justify;\">\n<p>Am Literaturtelefon unter der Rufnummer 0431\/901-8888 und auf www.literaturtelefon-online.de liest der Kieler Autor, Schauspieler und Filmemacher Thies John aus <em>\u201eNachruf\u201c<\/em>, seinem sechsten Kiel-Krimi um die LKA-Kommissarin Kathrin Zorn, der im Februar 2023 im Selbstverlag erschienen ist.<\/p>\n<p><!--[if lt IE 9]><script>document.createElement('audio');<\/script><![endif]-->\n<audio class=\"wp-audio-shortcode\" id=\"audio-4665-1\" preload=\"none\" style=\"width: 100%;\" controls=\"controls\"><source type=\"audio\/mpeg\" src=\"http:\/\/www.literaturtelefon-online.de\/wp-content\/uploads\/2023\/02\/thies_john_nachruf.mp3?_=1\" \/><a href=\"http:\/\/www.literaturtelefon-online.de\/wp-content\/uploads\/2023\/02\/thies_john_nachruf.mp3\">http:\/\/www.literaturtelefon-online.de\/wp-content\/uploads\/2023\/02\/thies_john_nachruf.mp3<\/a><\/audio><br \/>\n<br \/>\nAm letzten Tag vor den gro\u00dfen Ferien wird ein kleiner Junge gekidnappt. Schnell bef\u00fcrchtet die Polizei das Schlimmste, und wenig sp\u00e4ter wird tats\u00e4chlich die Leiche eines Kindes gefunden. Sie liegt in einem Kindersarg und wurde in einer noch offenen Grabst\u00e4tte hinterlassen, deren Grabstein besagt, dass es sich um das Grab der Kommissarin handelt, auf die j\u00fcngst t\u00f6dliche Sch\u00fcsse abgegeben wurden: Kathrin Zorn. Polizeimeister Christoph Dremel wittert einen Zusammenhang, und zusammen mit der aus dem Polizeidienst ausgeschiedenen und nun fl\u00fcchtigen Julia Himmler macht er sich auf die Jagd nach dem Kinderm\u00f6rder.<\/p>\n<p><img loading=\"lazy\" decoding=\"async\" class=\"alignright size-full wp-image-4443\" style=\"margin-left: 40px;\" src=\"http:\/\/www.literaturtelefon-online.de\/wp-content\/uploads\/2022\/07\/thies_john.jpg\" alt=\"\" width=\"400\" height=\"363\" srcset=\"http:\/\/www.literaturtelefon-online.de\/wp-content\/uploads\/2022\/07\/thies_john.jpg 400w, http:\/\/www.literaturtelefon-online.de\/wp-content\/uploads\/2022\/07\/thies_john-300x272.jpg 300w\" sizes=\"auto, (max-width: 400px) 100vw, 400px\" \/>Thies John, geb\u00fcrtig in Elmshorn, aber seit \u00fcber drei\u00dfig Jahren Wahlkieler, ist eigentlich Schauspieler und Filmemacher. Doch als die Corona-Pandemie die Kulturszene sehr einzuschr\u00e4nken drohte, begann er mit seiner Krimi-Reihe um die unorthodoxe Kommissarin Kathrin Zorn. Schon der erste Roman schlug ein, und die Leserschaft verlangte nach mehr. Auf <em>\u201eSophie\u201c<\/em> folgten die Krimis <em>\u201eKragen aus Stahl\u201c<\/em>, <em>\u201eLasagne des Todes\u201c<\/em>, <em>\u201eSchnitzeljagd\u201c<\/em> und <em>\u201eWei\u00dfer Kreis\u201c<\/em>.<\/p>\n<p><em>\u201eNachruf\u201c<\/em> ist der mittlerweile sechste und damit abschlie\u00dfende Teil der Hexalogie, in dem sich noch einmal menschliche Abgr\u00fcnde auftun, die nichts f\u00fcr schwache Nerven sind. John-Leser*innen wissen aber inzwischen, was sie erwartet.<\/p>\n<p>Zu bestellen sind die B\u00fccher \u00fcber <a href=\"http:\/\/www.thiesjohn.de\" target=\"_blank\" rel=\"noopener\">www.thiesjohn.de<\/a> oder <a href=\"mailto:thies@thiesjohn.de\" target=\"_blank\" rel=\"noopener\">thies@thiesjohn.de<\/a>.<\/p>\n<p>Zuletzt war Thies John im August 2022 mit einer Lesung aus seinem f\u00fcnften Kiel-Krimi <a href=\"http:\/\/www.literaturtelefon-online.de\/?page_id=4439\"><em>\u201eWei\u00dfer Kreis\u201c<\/em> am Literaturtelefon<\/a> zu h\u00f6ren.<\/p>\n<p>Autor: <a href=\"http:\/\/www.thiesjohn.de\" target=\"_blank\" rel=\"noopener\">www.thiesjohn.de<\/a><\/p>\n<p>Foto: Stina Pupiina<\/p>\n<p>literaturtelefon-online.de | Telefon: 0431\/901-8888<\/p>\n<\/div>\n","protected":false},"excerpt":{"rendered":"<p>Am Literaturtelefon unter der Rufnummer 0431\/901-8888 und auf www.literaturtelefon-online.de liest der Kieler Autor, Schauspieler und Filmemacher Thies John aus \u201eNachruf\u201c, seinem sechsten Kiel-Krimi um die LKA-Kommissarin Kathrin Zorn, der im Februar 2023 im Selbstverlag erschienen ist. Am letzten Tag vor den gro\u00dfen Ferien wird ein kleiner Junge gekidnappt. Schnell bef\u00fcrchtet die Polizei das Schlimmste, und [&hellip;]<\/p>\n","protected":false},"author":6,"featured_media":0,"parent":4667,"menu_order":1,"comment_status":"closed","ping_status":"closed","template":"","meta":{"footnotes":""},"class_list":["post-4665","page","type-page","status-publish","hentry"],"_links":{"self":[{"href":"http:\/\/www.literaturtelefon-online.de\/index.php?rest_route=\/wp\/v2\/pages\/4665","targetHints":{"allow":["GET"]}}],"collection":[{"href":"http:\/\/www.literaturtelefon-online.de\/index.php?rest_route=\/wp\/v2\/pages"}],"about":[{"href":"http:\/\/www.literaturtelefon-online.de\/index.php?rest_route=\/wp\/v2\/types\/page"}],"author":[{"embeddable":true,"href":"http:\/\/www.literaturtelefon-online.de\/index.php?rest_route=\/wp\/v2\/users\/6"}],"replies":[{"embeddable":true,"href":"http:\/\/www.literaturtelefon-online.de\/index.php?rest_route=%2Fwp%2Fv2%2Fcomments&post=4665"}],"version-history":[{"count":5,"href":"http:\/\/www.literaturtelefon-online.de\/index.php?rest_route=\/wp\/v2\/pages\/4665\/revisions"}],"predecessor-version":[{"id":4685,"href":"http:\/\/www.literaturtelefon-online.de\/index.php?rest_route=\/wp\/v2\/pages\/4665\/revisions\/4685"}],"up":[{"embeddable":true,"href":"http:\/\/www.literaturtelefon-online.de\/index.php?rest_route=\/wp\/v2\/pages\/4667"}],"wp:attachment":[{"href":"http:\/\/www.literaturtelefon-online.de\/index.php?rest_route=%2Fwp%2Fv2%2Fmedia&parent=4665"}],"curies":[{"name":"wp","href":"https:\/\/api.w.org\/{rel}","templated":true}]}}