{"id":4660,"date":"2023-02-22T19:03:46","date_gmt":"2023-02-22T17:03:46","guid":{"rendered":"http:\/\/www.literaturtelefon-online.de\/?page_id=4660"},"modified":"2023-03-12T14:24:54","modified_gmt":"2023-03-12T12:24:54","slug":"christopher-ecker","status":"publish","type":"page","link":"http:\/\/www.literaturtelefon-online.de\/?page_id=4660","title":{"rendered":"Christopher Ecker"},"content":{"rendered":"<div style=\"text-align: justify;\">\n<p>Am Literaturtelefon unter der Rufnummer 0431\/901-8888 und auf www.literaturtelefon-online.de liest Christopher Ecker die Erz\u00e4hlung <em>\u201eAls die Handwerker blieben\u201c<\/em> aus dem 2023 im Mitteldeutschen Verlag erschienenen Erz\u00e4hlungsband <em>\u201eDie beste Hummelgeschichte der Welt und andere Geschichten\u201c<\/em>.<\/p>\n<p><!--[if lt IE 9]><script>document.createElement('audio');<\/script><![endif]-->\n<audio class=\"wp-audio-shortcode\" id=\"audio-4660-1\" preload=\"none\" style=\"width: 100%;\" controls=\"controls\"><source type=\"audio\/mpeg\" src=\"http:\/\/www.literaturtelefon-online.de\/wp-content\/uploads\/2023\/02\/christopher_ecker_hummelgeschichte.mp3?_=1\" \/><a href=\"http:\/\/www.literaturtelefon-online.de\/wp-content\/uploads\/2023\/02\/christopher_ecker_hummelgeschichte.mp3\">http:\/\/www.literaturtelefon-online.de\/wp-content\/uploads\/2023\/02\/christopher_ecker_hummelgeschichte.mp3<\/a><\/audio><br \/>\n<br \/>\nChristopher Eckers Literatur wird noch lustiger! Nach dem gewohnt d\u00fcsteren, aber dennoch boshaft-heiteren Roman <em>\u201eHerr Oluf in Hunsum\u201c<\/em> (2021), f\u00fcr den er 2022 mit dem Kay-Hoff-Preis ausgezeichnet wurde und mit dem er im September 2021 auch <a href=\"http:\/\/www.literaturtelefon-online.de\/?page_id=4114\">am Literaturtelefon zu h\u00f6ren<\/a> war, legt Ecker nun einen Band mit befremdlichen, jedoch stets komischen Geschichten vor, in denen er einmal mehr die Konventionen des realistischen Erz\u00e4hlens hinter sich l\u00e4sst.<\/p>\n<p><img loading=\"lazy\" decoding=\"async\" class=\"alignright size-full wp-image-4119\" style=\"margin-left: 40px;\" src=\"http:\/\/www.literaturtelefon-online.de\/wp-content\/uploads\/2021\/08\/christopher_ecker.jpg\" alt=\"\" width=\"300\" height=\"402\" srcset=\"http:\/\/www.literaturtelefon-online.de\/wp-content\/uploads\/2021\/08\/christopher_ecker.jpg 300w, http:\/\/www.literaturtelefon-online.de\/wp-content\/uploads\/2021\/08\/christopher_ecker-224x300.jpg 224w\" sizes=\"auto, (max-width: 300px) 100vw, 300px\" \/><\/p>\n<p>Die Erz\u00e4hlungen erinnern an Kindergeschichten (und Kinder m\u00f6gen die eine oder andere mit Freude lesen), doch man darf sich vom Tonfall nicht t\u00e4uschen lassen. Die Geschichten \u2013 bev\u00f6lkert von tapferen Hummelliteraten, aufdringlichen Handwerkern und schlechten Zauberern \u2013 haben es in sich, springen munter von Ebene zu Ebene und schlagen immer dann einen Haken, wenn man glaubt, ihnen auf die Schliche gekommen zu sein.<\/p>\n<p>Illustriert sind die doppelb\u00f6digen Geschichten kongenial von Jens Rassmus, dessen Illustrationen zur Buchpremiere (<strong>16. M\u00e4rz 2023, 19 Uhr<\/strong>, Moderation: Dr. Kai U. J\u00fcrgens) und dar\u00fcber hinaus in einer Ausstellung im Literaturhaus SH zu sehen sind.<\/p>\n<p>Christopher Ecker (geb. 1967 in Saarbr\u00fccken) studierte in Kiel Germanistik und Philosophie und ist heute neben seiner Arbeit als Schriftsteller, \u00dcbersetzer und Literaturkritiker Lehrer an der Heinrich-Heine-Schule Heikendorf. Sein bisher erfolgreichstes Buch ist der 2012 erschienene Roman <a href=\"http:\/\/www.literaturtelefon-online.de\/?page_id=328\"><em>\u201eFahlmann\u201c<\/em><\/a>, den der Kritiker Denis Scheck als \u201eeines der gro\u00dfen Leseabenteuer der deutschen Gegenwartsliteratur\u201c bezeichnete und f\u00fcr den Ecker 2015 den Friedrich-Hebbel-Preis erhielt.<\/p>\n<p><a href=\"https:\/\/de.wikipedia.org\/wiki\/Christopher_Ecker\" target=\"_blank\" rel=\"noopener\">Autor bei Wikipedia<\/a><\/p>\n<p>Verlag: <a href=\"https:\/\/www.mitteldeutscherverlag.de\/literatur\/alle-titel-literatur\/ecker,-christopher-die-beste-hummelgeschichte-der-welt-und-andere-geschichten-detail\" target=\"_blank\" rel=\"noopener\">Mitteldeutscher Verlag<\/a><\/p>\n<p>Foto: Arne Rautenberg<\/p>\n<p>literaturtelefon-online.de | Telefon: 0431\/901-8888<\/p>\n<\/div>\n","protected":false},"excerpt":{"rendered":"<p>Am Literaturtelefon unter der Rufnummer 0431\/901-8888 und auf www.literaturtelefon-online.de liest Christopher Ecker die Erz\u00e4hlung \u201eAls die Handwerker blieben\u201c aus dem 2023 im Mitteldeutschen Verlag erschienenen Erz\u00e4hlungsband \u201eDie beste Hummelgeschichte der Welt und andere Geschichten\u201c. Christopher Eckers Literatur wird noch lustiger! Nach dem gewohnt d\u00fcsteren, aber dennoch boshaft-heiteren Roman \u201eHerr Oluf in Hunsum\u201c (2021), f\u00fcr den [&hellip;]<\/p>\n","protected":false},"author":6,"featured_media":0,"parent":4647,"menu_order":2,"comment_status":"closed","ping_status":"closed","template":"","meta":{"footnotes":""},"class_list":["post-4660","page","type-page","status-publish","hentry"],"_links":{"self":[{"href":"http:\/\/www.literaturtelefon-online.de\/index.php?rest_route=\/wp\/v2\/pages\/4660","targetHints":{"allow":["GET"]}}],"collection":[{"href":"http:\/\/www.literaturtelefon-online.de\/index.php?rest_route=\/wp\/v2\/pages"}],"about":[{"href":"http:\/\/www.literaturtelefon-online.de\/index.php?rest_route=\/wp\/v2\/types\/page"}],"author":[{"embeddable":true,"href":"http:\/\/www.literaturtelefon-online.de\/index.php?rest_route=\/wp\/v2\/users\/6"}],"replies":[{"embeddable":true,"href":"http:\/\/www.literaturtelefon-online.de\/index.php?rest_route=%2Fwp%2Fv2%2Fcomments&post=4660"}],"version-history":[{"count":3,"href":"http:\/\/www.literaturtelefon-online.de\/index.php?rest_route=\/wp\/v2\/pages\/4660\/revisions"}],"predecessor-version":[{"id":4664,"href":"http:\/\/www.literaturtelefon-online.de\/index.php?rest_route=\/wp\/v2\/pages\/4660\/revisions\/4664"}],"up":[{"embeddable":true,"href":"http:\/\/www.literaturtelefon-online.de\/index.php?rest_route=\/wp\/v2\/pages\/4647"}],"wp:attachment":[{"href":"http:\/\/www.literaturtelefon-online.de\/index.php?rest_route=%2Fwp%2Fv2%2Fmedia&parent=4660"}],"curies":[{"name":"wp","href":"https:\/\/api.w.org\/{rel}","templated":true}]}}