{"id":4633,"date":"2023-02-04T16:12:38","date_gmt":"2023-02-04T14:12:38","guid":{"rendered":"http:\/\/www.literaturtelefon-online.de\/?page_id=4633"},"modified":"2023-02-12T21:26:53","modified_gmt":"2023-02-12T19:26:53","slug":"gudrun-kolbe","status":"publish","type":"page","link":"http:\/\/www.literaturtelefon-online.de\/?page_id=4633","title":{"rendered":"Gudrun Kolbe"},"content":{"rendered":"<div style=\"text-align: justify;\">\n<p>Am Literaturtelefon unter 0431\/901-8888 und www.literaturtelefon-online.de liest Gudrun Kolbe aus ihrem vom LiS e.V. (Locked-in-Syndrom) und der Christine K\u00fchn Stiftung, Berlin herausgegebenen Buch <em>\u201eDer sprechende Daumen \u2013 mit Locked-in-Syndrom zur\u00fcck ins Leben\u201c<\/em>.<\/p>\n<p><!--[if lt IE 9]><script>document.createElement('audio');<\/script><![endif]-->\n<audio class=\"wp-audio-shortcode\" id=\"audio-4633-1\" preload=\"none\" style=\"width: 100%;\" controls=\"controls\"><source type=\"audio\/mpeg\" src=\"http:\/\/www.literaturtelefon-online.de\/wp-content\/uploads\/2023\/02\/gudrun_kolbe_der_sprechende_daumen.mp3?_=1\" \/><a href=\"http:\/\/www.literaturtelefon-online.de\/wp-content\/uploads\/2023\/02\/gudrun_kolbe_der_sprechende_daumen.mp3\">http:\/\/www.literaturtelefon-online.de\/wp-content\/uploads\/2023\/02\/gudrun_kolbe_der_sprechende_daumen.mp3<\/a><\/audio><br \/>\n<br \/>\n<img loading=\"lazy\" decoding=\"async\" class=\"alignright size-full wp-image-4638\" style=\"margin-left: 40px;\" src=\"http:\/\/www.literaturtelefon-online.de\/wp-content\/uploads\/2023\/02\/gudrun_kolbe.jpg\" alt=\"\" width=\"300\" height=\"419\" srcset=\"http:\/\/www.literaturtelefon-online.de\/wp-content\/uploads\/2023\/02\/gudrun_kolbe.jpg 300w, http:\/\/www.literaturtelefon-online.de\/wp-content\/uploads\/2023\/02\/gudrun_kolbe-215x300.jpg 215w\" sizes=\"auto, (max-width: 300px) 100vw, 300px\" \/>Locked-in \u2013 in seinem vollst\u00e4ndig gel\u00e4hmten K\u00f6rper bei vollem Bewusstsein eingeschlossen, sprachlos \u2013 erh\u00e4lt Marco \u00fcber seinen Daumen eine Stimme. Gudrun Kolbe, die ihn begleitende Sprachheilp\u00e4dagogin, schrieb auf, was sie zuvor in unerm\u00fcdlicher Forschung auf verschiedensten Kommunikationswegen von ihm erfahren hatte. Durch die einzig m\u00f6gliche Bewegung \u2013 das Aufrichten seines Daumens \u2013 bestand die M\u00f6glichkeit, mit Marco den Inhalt seiner Geschichte Satz f\u00fcr Satz abzustimmen. Wie h\u00e4lt er es aus mit der d\u00fcsteren Prognose, sich nicht bewegen, nicht sprechen, nicht weinen und nicht lachen zu k\u00f6nnen? Lohnt es sich weiter zu leben?Marco wollte, dass diese, seine Geschichte erz\u00e4hlt wird. Entstanden ist so ein Buch \u00fcber die Kraft der Liebe, die einem Leben mit unbarmherzigen Schicksal Zuversicht und Sinn gibt. Getragen von der schier unersch\u00f6pflichen F\u00fcrsorge von Marcos Frau D\u00f6rte und unabl\u00e4ssig angetrieben vom Wunsch nach Normalit\u00e4t und Teilhabe wird der Familie ein wunderbares Geschenk zuteil: Zeit, zusammen zu leben.<\/p>\n<p>Gudrun Kolbe, Jahrgang 1943, aufgewachsen in Kiel, begann schon als Sch\u00fclerin mit dem Schreiben von kleinen Geschichten und Gedichten. Ein Gedichtband <em>\u201eGelebte Momente\u201c<\/em> erschien 2014. Ihre biografische Darstellung <em>\u201eDas Dunkle \u00fcberwinden. Kriege hinterlassen Spuren\u201c<\/em> ver\u00f6ffentlichte sie 2020 im Rediroma Verlag und las daraus <a href=\"http:\/\/www.literaturtelefon-online.de\/?page_id=3906\">im Februar 2021 auch am Literaturtelefon<\/a>.<\/p>\n<p>Nach dem Studium an der Christian-Albrechts-Universit\u00e4t er\u00f6ffnete Gudrun Kolbe 1983 eine Praxis f\u00fcr Sprachtherapie. Die stete Verbindung zu Forschung und Lehre durch Lehrauftr\u00e4ge an der Fachhochschule und Universit\u00e4t in Kiel bereicherte ihre Freude an der Berufst\u00e4tigkeit. Bis 2008 begleitete sie mit einem engagierten Team Menschen jeden Alters, die von Sprach- und Kommunikationsst\u00f6rungen betroffen waren. Auch nach \u00dcbergabe der Praxis blieb sie therapeutisch f\u00fcr Patient*innen mit neurologischen Erkrankungen t\u00e4tig. Dabei entstand durch langj\u00e4hrige Betreuung ein freundschaftlicher Kontakt zu dem Klienten Marco und seiner Ehefrau D\u00f6rte.<\/p>\n<p>Bestelladresse f\u00fcr das Buch: LiS e.V., <a href=\"mailto:service@locked-in-syndrom.org\" target=\"_blank\" rel=\"noopener\">service@locked-in-syndrom.org<\/a><\/p>\n<p>Foto: privat<\/p>\n<p>literaturtelefon-online.de | Telefon: 0431\/901-8888<\/p>\n<\/div>\n","protected":false},"excerpt":{"rendered":"<p>Am Literaturtelefon unter 0431\/901-8888 und www.literaturtelefon-online.de liest Gudrun Kolbe aus ihrem vom LiS e.V. (Locked-in-Syndrom) und der Christine K\u00fchn Stiftung, Berlin herausgegebenen Buch \u201eDer sprechende Daumen \u2013 mit Locked-in-Syndrom zur\u00fcck ins Leben\u201c. Locked-in \u2013 in seinem vollst\u00e4ndig gel\u00e4hmten K\u00f6rper bei vollem Bewusstsein eingeschlossen, sprachlos \u2013 erh\u00e4lt Marco \u00fcber seinen Daumen eine Stimme. Gudrun Kolbe, die [&hellip;]<\/p>\n","protected":false},"author":6,"featured_media":0,"parent":4612,"menu_order":2,"comment_status":"closed","ping_status":"closed","template":"","meta":{"footnotes":""},"class_list":["post-4633","page","type-page","status-publish","hentry"],"_links":{"self":[{"href":"http:\/\/www.literaturtelefon-online.de\/index.php?rest_route=\/wp\/v2\/pages\/4633","targetHints":{"allow":["GET"]}}],"collection":[{"href":"http:\/\/www.literaturtelefon-online.de\/index.php?rest_route=\/wp\/v2\/pages"}],"about":[{"href":"http:\/\/www.literaturtelefon-online.de\/index.php?rest_route=\/wp\/v2\/types\/page"}],"author":[{"embeddable":true,"href":"http:\/\/www.literaturtelefon-online.de\/index.php?rest_route=\/wp\/v2\/users\/6"}],"replies":[{"embeddable":true,"href":"http:\/\/www.literaturtelefon-online.de\/index.php?rest_route=%2Fwp%2Fv2%2Fcomments&post=4633"}],"version-history":[{"count":7,"href":"http:\/\/www.literaturtelefon-online.de\/index.php?rest_route=\/wp\/v2\/pages\/4633\/revisions"}],"predecessor-version":[{"id":4653,"href":"http:\/\/www.literaturtelefon-online.de\/index.php?rest_route=\/wp\/v2\/pages\/4633\/revisions\/4653"}],"up":[{"embeddable":true,"href":"http:\/\/www.literaturtelefon-online.de\/index.php?rest_route=\/wp\/v2\/pages\/4612"}],"wp:attachment":[{"href":"http:\/\/www.literaturtelefon-online.de\/index.php?rest_route=%2Fwp%2Fv2%2Fmedia&parent=4633"}],"curies":[{"name":"wp","href":"https:\/\/api.w.org\/{rel}","templated":true}]}}