{"id":4599,"date":"2022-12-07T14:19:31","date_gmt":"2022-12-07T12:19:31","guid":{"rendered":"http:\/\/www.literaturtelefon-online.de\/?page_id=4599"},"modified":"2023-01-29T22:35:01","modified_gmt":"2023-01-29T20:35:01","slug":"marcus-hammerschmitt","status":"publish","type":"page","link":"http:\/\/www.literaturtelefon-online.de\/?page_id=4599","title":{"rendered":"Marcus Hammerschmitt"},"content":{"rendered":"<div style=\"text-align: justify;\">\n<p>Am Literaturtelefon unter der Rufnummer 0431\/901-8888 und auf www.literaturtelefon-online.de liest Marcus Hammerschmitt aus seinem 2022 bei Schiler &amp; M\u00fccke, Berlin\/T\u00fcbingen erschienenen Gedichtband <em>\u201eHalbdunkles Licht\u201c<\/em>.<\/p>\n<p><!--[if lt IE 9]><script>document.createElement('audio');<\/script><![endif]-->\n<audio class=\"wp-audio-shortcode\" id=\"audio-4599-1\" preload=\"none\" style=\"width: 100%;\" controls=\"controls\"><source type=\"audio\/mpeg\" src=\"http:\/\/www.literaturtelefon-online.de\/wp-content\/uploads\/2023\/01\/marcus_hammerschmitt_halbdunkles_licht_archiv.mp3?_=1\" \/><a href=\"http:\/\/www.literaturtelefon-online.de\/wp-content\/uploads\/2023\/01\/marcus_hammerschmitt_halbdunkles_licht_archiv.mp3\">http:\/\/www.literaturtelefon-online.de\/wp-content\/uploads\/2023\/01\/marcus_hammerschmitt_halbdunkles_licht_archiv.mp3<\/a><\/audio><br \/>\n<br \/>\n<img loading=\"lazy\" decoding=\"async\" class=\"alignright size-full wp-image-4602\" style=\"margin-left: 40px;\" src=\"http:\/\/www.literaturtelefon-online.de\/wp-content\/uploads\/2022\/12\/marcus_hammerschmitt.jpg\" alt=\"\" width=\"300\" height=\"375\" srcset=\"http:\/\/www.literaturtelefon-online.de\/wp-content\/uploads\/2022\/12\/marcus_hammerschmitt.jpg 300w, http:\/\/www.literaturtelefon-online.de\/wp-content\/uploads\/2022\/12\/marcus_hammerschmitt-240x300.jpg 240w\" sizes=\"auto, (max-width: 300px) 100vw, 300px\" \/>Was werden wir sehen im halbdunklen Licht? Das ist die Frage, der sich die Gedichte in diesem Band stellen. Die Lichtverh\u00e4ltnisse sind nicht g\u00fcnstig f\u00fcr gro\u00dfe aufkl\u00e4rerische Projekte, daher erfordern sie eine poetische Forschung \u2013 andere Wellenl\u00e4ngen, andere Konstellationen. Seh- und Sprechakte, die einander bedingen, ergeben Eintr\u00e4ge im Logbuch der Expedition. Der Literaturkritiker Michael Braun schrieb: \u201eMarcus Hammerschmitt ist ein Dichter, der in ruhiger Skepsis auf Wasser sieht und noch ein paar Bilder sammelt, bevor es zu sp\u00e4t ist.\u201c<\/p>\n<p>Marcus Hammerschmitt, geboren 1967 in Saarbr\u00fccken, ist Schriftsteller, Journalist und Fotograf. Seit 1982 schreibt er Gedichte. \u201eMarcus Hammerschmitt, der neben Lyrik auch verspiegelte Science-Fiction-Romane und vexierbildhafte Prosa ver\u00f6ffentlicht hat, ist ein poetischer Wahlverwandter von Aichingers \u2019Poetik der Finalit\u00e4t\u2019.\u201c (Michael Braun, <a href=\"https:\/\/volltext.net\/nachrichten\/volltext-3-2021\/\" target=\"_blank\" rel=\"noopener\">\u201eVolltext\u201c 3\/2021<\/a>) <em>\u201eHalbdunkles Licht\u201c<\/em> ist nach <em>\u201eDer Brief des Nachtportiers<\/em><em>\u201c<\/em> (Edition Monhardt, Berlin, 2019) Hammerschmitts zweiter Gedichtband. Marcus Hammerschmitt lebt und arbeitet seit Ende 2022 in Schleswig-Holstein.<\/p>\n<p>Autor: <a href=\"https:\/\/marcus-hammerschmitt.de\" target=\"_blank\" rel=\"noopener\">marcus-hammerschmitt.de<\/a><\/p>\n<p><a href=\"https:\/\/de.wikipedia.org\/wiki\/Marcus_Hammerschmitt\" target=\"_blank\" rel=\"noopener\">Wikipedia \u00fcber den Autor<\/a><\/p>\n<p>Verlag: <a href=\"https:\/\/www.schiler-muecke.de\/index.php?title=Marcus+Hammerschmitt%3A+Halbdunkles+Licht&amp;art_no=B0448&amp;language=de\" target=\"_blank\" rel=\"noopener\">Schiler &amp; M\u00fccke<\/a><\/p>\n<p>Foto:  C. Einsele<\/p>\n<p>literaturtelefon-online.de | Telefon: 0431\/901-8888<\/p>\n<\/div>\n","protected":false},"excerpt":{"rendered":"<p>Am Literaturtelefon unter der Rufnummer 0431\/901-8888 und auf www.literaturtelefon-online.de liest Marcus Hammerschmitt aus seinem 2022 bei Schiler &amp; M\u00fccke, Berlin\/T\u00fcbingen erschienenen Gedichtband \u201eHalbdunkles Licht\u201c. Was werden wir sehen im halbdunklen Licht? Das ist die Frage, der sich die Gedichte in diesem Band stellen. Die Lichtverh\u00e4ltnisse sind nicht g\u00fcnstig f\u00fcr gro\u00dfe aufkl\u00e4rerische Projekte, daher erfordern sie [&hellip;]<\/p>\n","protected":false},"author":6,"featured_media":0,"parent":4595,"menu_order":2,"comment_status":"closed","ping_status":"closed","template":"","meta":{"footnotes":""},"class_list":["post-4599","page","type-page","status-publish","hentry"],"_links":{"self":[{"href":"http:\/\/www.literaturtelefon-online.de\/index.php?rest_route=\/wp\/v2\/pages\/4599","targetHints":{"allow":["GET"]}}],"collection":[{"href":"http:\/\/www.literaturtelefon-online.de\/index.php?rest_route=\/wp\/v2\/pages"}],"about":[{"href":"http:\/\/www.literaturtelefon-online.de\/index.php?rest_route=\/wp\/v2\/types\/page"}],"author":[{"embeddable":true,"href":"http:\/\/www.literaturtelefon-online.de\/index.php?rest_route=\/wp\/v2\/users\/6"}],"replies":[{"embeddable":true,"href":"http:\/\/www.literaturtelefon-online.de\/index.php?rest_route=%2Fwp%2Fv2%2Fcomments&post=4599"}],"version-history":[{"count":8,"href":"http:\/\/www.literaturtelefon-online.de\/index.php?rest_route=\/wp\/v2\/pages\/4599\/revisions"}],"predecessor-version":[{"id":4632,"href":"http:\/\/www.literaturtelefon-online.de\/index.php?rest_route=\/wp\/v2\/pages\/4599\/revisions\/4632"}],"up":[{"embeddable":true,"href":"http:\/\/www.literaturtelefon-online.de\/index.php?rest_route=\/wp\/v2\/pages\/4595"}],"wp:attachment":[{"href":"http:\/\/www.literaturtelefon-online.de\/index.php?rest_route=%2Fwp%2Fv2%2Fmedia&parent=4599"}],"curies":[{"name":"wp","href":"https:\/\/api.w.org\/{rel}","templated":true}]}}