{"id":4511,"date":"2022-09-17T00:54:56","date_gmt":"2022-09-16T22:54:56","guid":{"rendered":"http:\/\/www.literaturtelefon-online.de\/?page_id=4511"},"modified":"2022-09-26T10:50:38","modified_gmt":"2022-09-26T08:50:38","slug":"amelie-befeldt","status":"publish","type":"page","link":"http:\/\/www.literaturtelefon-online.de\/?page_id=4511","title":{"rendered":"Amelie Befeldt"},"content":{"rendered":"<div style=\"text-align: justify;\">\n<p>Am Literaturtelefon unter der Rufnummer 0431\/901-8888 und auf www.literaturtelefon-online.de liest Amelie Befeldt ihren Text <em>\u201e<\/em><em>How to deadlift\u201c<\/em>. Sie f\u00fchrt damit eine Lesungsreihe von Autor*innen fort, deren Texte in der aktuell 22. Ausgabe der in Kiel herausgegebenen Literaturzeitschrift <em>\u201eDer Schnipsel\u201c<\/em> erschienen sind.<\/p>\n<p><!--[if lt IE 9]><script>document.createElement('audio');<\/script><![endif]-->\n<audio class=\"wp-audio-shortcode\" id=\"audio-4511-1\" preload=\"none\" style=\"width: 100%;\" controls=\"controls\"><source type=\"audio\/mpeg\" src=\"http:\/\/www.literaturtelefon-online.de\/wp-content\/uploads\/2022\/09\/amelie_befeldt_how-to-deadlift.mp3?_=1\" \/><a href=\"http:\/\/www.literaturtelefon-online.de\/wp-content\/uploads\/2022\/09\/amelie_befeldt_how-to-deadlift.mp3\">http:\/\/www.literaturtelefon-online.de\/wp-content\/uploads\/2022\/09\/amelie_befeldt_how-to-deadlift.mp3<\/a><\/audio><br \/>\n<br \/>\n<img loading=\"lazy\" decoding=\"async\" style=\"margin-left: 40px;\" src=\"http:\/\/www.literaturtelefon-online.de\/wp-content\/uploads\/2022\/09\/amelie_befeldt.jpg\" alt=\"\" width=\"300\" height=\"414\" class=\"alignright size-full wp-image-4515\" srcset=\"http:\/\/www.literaturtelefon-online.de\/wp-content\/uploads\/2022\/09\/amelie_befeldt.jpg 300w, http:\/\/www.literaturtelefon-online.de\/wp-content\/uploads\/2022\/09\/amelie_befeldt-217x300.jpg 217w\" sizes=\"auto, (max-width: 300px) 100vw, 300px\" \/>Im Text geht es um eine junge Frau, die sich eine Freundschaft zu einer Youtuberin imaginiert und beginnt, dieser Youtuberin pers\u00f6nliche Nachrichten zu schreiben. Doch die antwortet nicht, und so wird aus dem Dialog im Netz ein Monolog um nichts Geringeres als Leben und Tod \u2013 oder auch die Fragen: Was ist real, was ist virtuell? Wer sind wir als Redende im Netz?<\/p>\n<p>Amelie Befeldt ist Autorin und Regisseurin f\u00fcr Dokumentarfilm. Nach einem Fotografie- und Medienkunststudium arbeitet sie freiberuflich in Leipzig. Der 2020 fertiggestellte Dokumentarfilm <em>\u201eDie Allgemeinen Gesch\u00e4ftsbedingungen\u201c<\/em> ist ihr Kurzfilmdeb\u00fct und feierte im April 2021 seine internationale Premiere auf den Hot Docs in Toronto. Neben ihrer T\u00e4tigkeit als Filmemacherin schreibt sie Erz\u00e4hlungen und Kurzgeschichten. Zuletzt erschien im April 2022 <em>\u201eCrush. Erz\u00e4hlung.\u201c<\/em> im Re:sonar Verlag.<\/p>\n<p><em>\u201eDer Schnipsel\u201c<\/em> ist ein Magazin f\u00fcr junge Literatur und wurde 2012 in Kiel gegr\u00fcndet. In den ein- bis zweimal pro Jahr erscheinenden Ausgaben finden sich Prosa, Lyrik, Essays sowie experimentelle Textformen von Autor*innen aus dem gesamten deutschsprachigen (und gelegentlich auch internationalen) Raum. Neben der redaktionellen Arbeit veranstaltet das Schnipsel-Kollektiv Lesungen und bietet Schreibworkshops an. Alle weiteren Infos gibt es auf <a href=\"http:\/\/www.der-schnipsel.de\" target=\"_blank\" rel=\"noopener\">www.der-schnipsel.de<\/a>.<\/p>\n<p>Autorin: <a href=\"http:\/\/www.ameliebefeldt.de\" target=\"_blank\" rel=\"noopener\">www.ameliebefeldt.de<\/a><\/p>\n<p>Foto: Charlotte Hennrich<\/p>\n<p>literaturtelefon-online.de | Telefon: 0431\/901-8888<\/p>\n<\/div>\n","protected":false},"excerpt":{"rendered":"<p>Am Literaturtelefon unter der Rufnummer 0431\/901-8888 und auf www.literaturtelefon-online.de liest Amelie Befeldt ihren Text \u201eHow to deadlift\u201c. Sie f\u00fchrt damit eine Lesungsreihe von Autor*innen fort, deren Texte in der aktuell 22. Ausgabe der in Kiel herausgegebenen Literaturzeitschrift \u201eDer Schnipsel\u201c erschienen sind. Im Text geht es um eine junge Frau, die sich eine Freundschaft zu einer [&hellip;]<\/p>\n","protected":false},"author":6,"featured_media":0,"parent":4507,"menu_order":1,"comment_status":"closed","ping_status":"closed","template":"","meta":{"footnotes":""},"class_list":["post-4511","page","type-page","status-publish","hentry"],"_links":{"self":[{"href":"http:\/\/www.literaturtelefon-online.de\/index.php?rest_route=\/wp\/v2\/pages\/4511","targetHints":{"allow":["GET"]}}],"collection":[{"href":"http:\/\/www.literaturtelefon-online.de\/index.php?rest_route=\/wp\/v2\/pages"}],"about":[{"href":"http:\/\/www.literaturtelefon-online.de\/index.php?rest_route=\/wp\/v2\/types\/page"}],"author":[{"embeddable":true,"href":"http:\/\/www.literaturtelefon-online.de\/index.php?rest_route=\/wp\/v2\/users\/6"}],"replies":[{"embeddable":true,"href":"http:\/\/www.literaturtelefon-online.de\/index.php?rest_route=%2Fwp%2Fv2%2Fcomments&post=4511"}],"version-history":[{"count":4,"href":"http:\/\/www.literaturtelefon-online.de\/index.php?rest_route=\/wp\/v2\/pages\/4511\/revisions"}],"predecessor-version":[{"id":4517,"href":"http:\/\/www.literaturtelefon-online.de\/index.php?rest_route=\/wp\/v2\/pages\/4511\/revisions\/4517"}],"up":[{"embeddable":true,"href":"http:\/\/www.literaturtelefon-online.de\/index.php?rest_route=\/wp\/v2\/pages\/4507"}],"wp:attachment":[{"href":"http:\/\/www.literaturtelefon-online.de\/index.php?rest_route=%2Fwp%2Fv2%2Fmedia&parent=4511"}],"curies":[{"name":"wp","href":"https:\/\/api.w.org\/{rel}","templated":true}]}}