{"id":4486,"date":"2022-09-05T20:20:40","date_gmt":"2022-09-05T18:20:40","guid":{"rendered":"http:\/\/www.literaturtelefon-online.de\/?page_id=4486"},"modified":"2022-09-11T21:01:26","modified_gmt":"2022-09-11T19:01:26","slug":"anna-sophie-felser","status":"publish","type":"page","link":"http:\/\/www.literaturtelefon-online.de\/?page_id=4486","title":{"rendered":"Anna Sophie Felser"},"content":{"rendered":"<div style=\"text-align: justify;\">\n<p>Am Literaturtelefon unter der Rufnummer 0431\/901-8888 und auf www.literaturtelefon-online.de liest Anna Sophie Felser ihren Text <em>\u201eWas ist \/ Wie es scheint\u201c<\/em>. Sie er\u00f6ffnet damit eine Lesungsreihe von Autor*innen, deren Texte in der aktuell 22. Ausgabe der seit zehn Jahren in Kiel herausgegebenen Literaturzeitschrift <em>\u201eDer Schnipsel\u201c<\/em> erschienen sind.<\/p>\n<p><!--[if lt IE 9]><script>document.createElement('audio');<\/script><![endif]-->\n<audio class=\"wp-audio-shortcode\" id=\"audio-4486-1\" preload=\"none\" style=\"width: 100%;\" controls=\"controls\"><source type=\"audio\/mpeg\" src=\"http:\/\/www.literaturtelefon-online.de\/wp-content\/uploads\/2022\/09\/anna_sophie_felser_was_ist_wie_es_scheint.mp3?_=1\" \/><a href=\"http:\/\/www.literaturtelefon-online.de\/wp-content\/uploads\/2022\/09\/anna_sophie_felser_was_ist_wie_es_scheint.mp3\">http:\/\/www.literaturtelefon-online.de\/wp-content\/uploads\/2022\/09\/anna_sophie_felser_was_ist_wie_es_scheint.mp3<\/a><\/audio><br \/>\n<br \/>\nAlles, was wir \u00fcber Persephone, die K\u00f6nigin der Unterwelt, wissen, ist uns nur durch den Blickwinkel ihrer m\u00e4nnlichen Mitstreiter bekannt und wird als neutrale griechische Mythologie deklariert. Hier kommt sie selbst zu Wort, erkl\u00e4rt, wer sie ist, wo sie herkommt, erz\u00e4hlt Geschichten \u2013 aus ihrer Perspektive.<\/p>\n<p><img loading=\"lazy\" decoding=\"async\" class=\"alignright size-full wp-image-4489\" style=\"margin-left: 40px;\" src=\"http:\/\/www.literaturtelefon-online.de\/wp-content\/uploads\/2022\/09\/anna_sophie_felser.jpg\" alt=\"\" width=\"300\" height=\"420\" srcset=\"http:\/\/www.literaturtelefon-online.de\/wp-content\/uploads\/2022\/09\/anna_sophie_felser.jpg 300w, http:\/\/www.literaturtelefon-online.de\/wp-content\/uploads\/2022\/09\/anna_sophie_felser-214x300.jpg 214w\" sizes=\"auto, (max-width: 300px) 100vw, 300px\" \/>Anna Sophie Felser ist 1994 in \u00d6sterreich geboren und absolvierte ihr Studium der Germanistik in Salzburg, Canterbury und Hamburg.<br \/>\nDurch ihre Mitarbeit in verschiedenen Kulturinstitutionen fordert sie gerne vermeintlich neutrale Blickwinkel auf etablierte Standpunkte heraus. Mit ihrem Schreiben m\u00f6chte sie in eigenen Gedanken r\u00fchren und gleichzeitig die Welt um sich mitdenken, reflektieren und kritisch hinterfragen. Dabei interessieren sie vor allem Sprechpositionen, die marginalisiert oder ausgel\u00f6scht in Geschichte(n) versteckt werden. Durch Worte k\u00f6nnen sie \u2013 zumindest imaginiert \u2013 wieder auftreten, dabei sowohl einen Perspektivenwechsel als auch unsichtbare Machtpositionen aufzeigen.<br \/>\nInterdisziplin\u00e4res Denken ist Grundstein jedes Textes. Dabei geht es besonders um die Aussprechbarkeit und den Rhythmus von Worten. Sie spielt gerne mit Zusammenschlie\u00dfungen von sich bedingenden, aber gleichzeitig widerspr\u00fcchlichen Komponenten wie Wissenschaft und Kunst, Politik und \u00c4sthetik oder Norm und Ausnahme.<\/p>\n<p>Sie kooperiert mit anderen Autor*innen und arbeitet eng mit der Komponistin Katrin Klose zusammen, mit der schon mehrere Projekte entstanden sind. Anna Sophie Felser lohnarbeitet im Theater und ist als freischaffende Autorin t\u00e4tig.<\/p>\n<p>Der Text <em>\u201eWas ist \/ Wie es scheint\u201c<\/em> ist in der 22. Ausgabe von <em>\u201eDer Schnipsel\u201c<\/em> erschienen. Weitere Ver\u00f6ffentlichungen anderer Texte im Goldegg Verlag und Laurentius Verlag.<\/p>\n<p><em>\u201eDer Schnipsel\u201c<\/em> ist ein Magazin f\u00fcr junge Literatur und wurde 2012 in Kiel gegr\u00fcndet. In den ein- bis zweimal pro Jahr erscheinenden Ausgaben finden sich Prosa, Lyrik, Essays sowie experimentelle Textformen von Autor*innen aus dem gesamten deutschsprachigen (und gelegentlich auch internationalen) Raum. Neben der redaktionellen Arbeit veranstaltet das Schnipsel-Kollektiv Lesungen und bietet Schreibworkshops an. Alle weiteren Infos gibt es auf <a href=\"http:\/\/www.der-schnipsel.de\" target=\"_blank\" rel=\"noopener\">www.der-schnipsel.de<\/a>.<\/p>\n<p>Foto: Isabella Hager<\/p>\n<p>literaturtelefon-online.de | Telefon: 0431\/901-8888<\/p>\n<\/div>\n","protected":false},"excerpt":{"rendered":"<p>Am Literaturtelefon unter der Rufnummer 0431\/901-8888 und auf www.literaturtelefon-online.de liest Anna Sophie Felser ihren Text \u201eWas ist \/ Wie es scheint\u201c. Sie er\u00f6ffnet damit eine Lesungsreihe von Autor*innen, deren Texte in der aktuell 22. Ausgabe der seit zehn Jahren in Kiel herausgegebenen Literaturzeitschrift \u201eDer Schnipsel\u201c erschienen sind. Alles, was wir \u00fcber Persephone, die K\u00f6nigin der [&hellip;]<\/p>\n","protected":false},"author":6,"featured_media":0,"parent":4471,"menu_order":2,"comment_status":"closed","ping_status":"closed","template":"","meta":{"footnotes":""},"class_list":["post-4486","page","type-page","status-publish","hentry"],"_links":{"self":[{"href":"http:\/\/www.literaturtelefon-online.de\/index.php?rest_route=\/wp\/v2\/pages\/4486","targetHints":{"allow":["GET"]}}],"collection":[{"href":"http:\/\/www.literaturtelefon-online.de\/index.php?rest_route=\/wp\/v2\/pages"}],"about":[{"href":"http:\/\/www.literaturtelefon-online.de\/index.php?rest_route=\/wp\/v2\/types\/page"}],"author":[{"embeddable":true,"href":"http:\/\/www.literaturtelefon-online.de\/index.php?rest_route=\/wp\/v2\/users\/6"}],"replies":[{"embeddable":true,"href":"http:\/\/www.literaturtelefon-online.de\/index.php?rest_route=%2Fwp%2Fv2%2Fcomments&post=4486"}],"version-history":[{"count":12,"href":"http:\/\/www.literaturtelefon-online.de\/index.php?rest_route=\/wp\/v2\/pages\/4486\/revisions"}],"predecessor-version":[{"id":4506,"href":"http:\/\/www.literaturtelefon-online.de\/index.php?rest_route=\/wp\/v2\/pages\/4486\/revisions\/4506"}],"up":[{"embeddable":true,"href":"http:\/\/www.literaturtelefon-online.de\/index.php?rest_route=\/wp\/v2\/pages\/4471"}],"wp:attachment":[{"href":"http:\/\/www.literaturtelefon-online.de\/index.php?rest_route=%2Fwp%2Fv2%2Fmedia&parent=4486"}],"curies":[{"name":"wp","href":"https:\/\/api.w.org\/{rel}","templated":true}]}}