{"id":4473,"date":"2022-08-22T20:50:28","date_gmt":"2022-08-22T18:50:28","guid":{"rendered":"http:\/\/www.literaturtelefon-online.de\/?page_id=4473"},"modified":"2022-08-28T19:10:36","modified_gmt":"2022-08-28T17:10:36","slug":"leo-hansen","status":"publish","type":"page","link":"http:\/\/www.literaturtelefon-online.de\/?page_id=4473","title":{"rendered":"Leo Hansen"},"content":{"rendered":"<div style=\"text-align: justify;\">\n<p>Am Literaturtelefon unter der Rufnummer 0431\/901-8888 und auf www.literaturtelefon-online.de liest Leo Hansen aus dem 7. Kapitel seines im August 2022 im K\u00f6lner Emons Verlag erschienenen Krimis <em>\u201eAlsternacht\u201c<\/em>.<\/p>\n<p><!--[if lt IE 9]><script>document.createElement('audio');<\/script><![endif]-->\n<audio class=\"wp-audio-shortcode\" id=\"audio-4473-1\" preload=\"none\" style=\"width: 100%;\" controls=\"controls\"><source type=\"audio\/mpeg\" src=\"http:\/\/www.literaturtelefon-online.de\/wp-content\/uploads\/2022\/08\/leo_hansen_alsternacht.mp3?_=1\" \/><a href=\"http:\/\/www.literaturtelefon-online.de\/wp-content\/uploads\/2022\/08\/leo_hansen_alsternacht.mp3\">http:\/\/www.literaturtelefon-online.de\/wp-content\/uploads\/2022\/08\/leo_hansen_alsternacht.mp3<\/a><\/audio><br \/>\n<br \/>\nDie Morde an vier angesehenen M\u00e4nnern, nackt und entstellt an \u00f6ffentlichen Orten pr\u00e4sentiert, ersch\u00fcttern Hamburg. Privatermittler Dr. Elias Hopp und Ex-Soldatin Janne Bakken suchen gemeinsam mit einem LKA-Profiler fieberhaft nach dem T\u00e4ter und den Motiven f\u00fcr die bizarre Mordserie. Die Spur f\u00fchrt zu einer Kaufmannsgilde mit dubiosen Gesch\u00e4ftsbeziehungen ins Ausland, doch irgendetwas scheint noch im Verborgenen zu liegen &#8230;<\/p>\n<p><img loading=\"lazy\" decoding=\"async\" class=\"alignright size-full wp-image-4477\" style=\"margin-left: 40px;\" src=\"http:\/\/www.literaturtelefon-online.de\/wp-content\/uploads\/2022\/08\/leo_hansen.jpg\" alt=\"\" width=\"300\" height=\"300\" srcset=\"http:\/\/www.literaturtelefon-online.de\/wp-content\/uploads\/2022\/08\/leo_hansen.jpg 300w, http:\/\/www.literaturtelefon-online.de\/wp-content\/uploads\/2022\/08\/leo_hansen-150x150.jpg 150w\" sizes=\"auto, (max-width: 300px) 100vw, 300px\" \/>Leo Hansens Deb\u00fctroman ist ein dramatischer und tiefgr\u00fcndiger Krimi, trotz ernster Themen mit einer Prise schwarzem Humor. Der packende Fall um eine au\u00dfergew\u00f6hnliche Ritualmordserie wird dabei aus verschiedenen Perspektiven beleuchtet und gew\u00e4hrt einen Blick in die Abgr\u00fcnde der verletzlichen menschlichen Seele. Hansen zeichnet mit wenigen Strichen authentische Charaktere, von denen jeder mit seinen eigenen D\u00e4monen der Vergangenheit zu k\u00e4mpfen hat.<\/p>\n<p>Leo Hansen, Jahrgang 1954, arbeitete 15 Jahre bei den Landesmedienanstalten in Hamburg und Th\u00fcringen und war dort f\u00fcr den nicht-kommerziellen Rundfunk sowie den Lokalfunk zust\u00e4ndig. Anschlie\u00dfend unterrichtete er Medienp\u00e4dagogik, Psychologie \/ P\u00e4dagogik und Politik am Berufskolleg. Er ver\u00f6ffentlichte zahlreiche medienp\u00e4dagogische Fachartikel. Seit 2021 ist Hansen Festivalleiter des Ostsee-Krimifestivals und bereitet gerade das 2. Krimifestival vor, das vom 20. bis 24. September 2022 in Neustadt i.H. stattfindet \u2013 Infos und Tickets unter <a href=\"http:\/\/www.ostsee-krimifestival.de\" target=\"_blank\" rel=\"noopener\">www.ostsee-krimifestival.de<\/a>. Hansen hat drei erwachsene Kinder und lebt mit seiner zweiten Frau in Neustadt i.H. an der Ostsee.<\/p>\n<p>Autor: <a href=\"http:\/\/www.leohansen.de\" target=\"_blank\" rel=\"noopener\">www.leohansen.de<\/a><\/p>\n<p>Verlag: <a href=\"https:\/\/emons-verlag.de\/p\/alsternacht-6493\" target=\"_blank\" rel=\"noopener\">Emons Verlag<\/a><\/p>\n<p>Foto: Ines M\u00fcller-Hansen<\/p>\n<p>literaturtelefon-online.de | Telefon: 0431\/901-8888<\/p>\n<\/div>\n","protected":false},"excerpt":{"rendered":"<p>Am Literaturtelefon unter der Rufnummer 0431\/901-8888 und auf www.literaturtelefon-online.de liest Leo Hansen aus dem 7. Kapitel seines im August 2022 im K\u00f6lner Emons Verlag erschienenen Krimis \u201eAlsternacht\u201c. Die Morde an vier angesehenen M\u00e4nnern, nackt und entstellt an \u00f6ffentlichen Orten pr\u00e4sentiert, ersch\u00fcttern Hamburg. Privatermittler Dr. Elias Hopp und Ex-Soldatin Janne Bakken suchen gemeinsam mit einem LKA-Profiler [&hellip;]<\/p>\n","protected":false},"author":6,"featured_media":0,"parent":4471,"menu_order":1,"comment_status":"closed","ping_status":"closed","template":"","meta":{"footnotes":""},"class_list":["post-4473","page","type-page","status-publish","hentry"],"_links":{"self":[{"href":"http:\/\/www.literaturtelefon-online.de\/index.php?rest_route=\/wp\/v2\/pages\/4473","targetHints":{"allow":["GET"]}}],"collection":[{"href":"http:\/\/www.literaturtelefon-online.de\/index.php?rest_route=\/wp\/v2\/pages"}],"about":[{"href":"http:\/\/www.literaturtelefon-online.de\/index.php?rest_route=\/wp\/v2\/types\/page"}],"author":[{"embeddable":true,"href":"http:\/\/www.literaturtelefon-online.de\/index.php?rest_route=\/wp\/v2\/users\/6"}],"replies":[{"embeddable":true,"href":"http:\/\/www.literaturtelefon-online.de\/index.php?rest_route=%2Fwp%2Fv2%2Fcomments&post=4473"}],"version-history":[{"count":6,"href":"http:\/\/www.literaturtelefon-online.de\/index.php?rest_route=\/wp\/v2\/pages\/4473\/revisions"}],"predecessor-version":[{"id":4481,"href":"http:\/\/www.literaturtelefon-online.de\/index.php?rest_route=\/wp\/v2\/pages\/4473\/revisions\/4481"}],"up":[{"embeddable":true,"href":"http:\/\/www.literaturtelefon-online.de\/index.php?rest_route=\/wp\/v2\/pages\/4471"}],"wp:attachment":[{"href":"http:\/\/www.literaturtelefon-online.de\/index.php?rest_route=%2Fwp%2Fv2%2Fmedia&parent=4473"}],"curies":[{"name":"wp","href":"https:\/\/api.w.org\/{rel}","templated":true}]}}