{"id":4368,"date":"2022-04-19T14:19:52","date_gmt":"2022-04-19T12:19:52","guid":{"rendered":"http:\/\/www.literaturtelefon-online.de\/?page_id=4368"},"modified":"2022-06-19T20:22:48","modified_gmt":"2022-06-19T18:22:48","slug":"junger-literaturpreis-s-h-2022-johann-elias-prothmann","status":"publish","type":"page","link":"http:\/\/www.literaturtelefon-online.de\/?page_id=4368","title":{"rendered":"Junger Literaturpreis S.-H. 2022: Johann-Elias Prothmann"},"content":{"rendered":"<div style=\"text-align: justify;\">\n<p>Am Literaturtelefon unter der Rufnummer 0431\/901-8888 und auf www.literaturtelefon-online.de waren in den letzten Wochen die Preistr\u00e4ger*innen des vom Freundeskreis des Literaturhauses Schleswig-Holstein e.V. ausgeschriebenen Jungen Literaturpreises S.-H. 2022 zu h\u00f6ren. Johann-Elias Prothmann beendet den Reigen mit einer f\u00fcr die Lesung gek\u00fcrzten Version seines Texts <em>\u201eIm Fluss der Zeit\u201c<\/em>, mit dem er den 3. Platz belegte.<\/p>\n<p><!--[if lt IE 9]><script>document.createElement('audio');<\/script><![endif]-->\n<audio class=\"wp-audio-shortcode\" id=\"audio-4368-1\" preload=\"none\" style=\"width: 100%;\" controls=\"controls\"><source type=\"audio\/mpeg\" src=\"http:\/\/www.literaturtelefon-online.de\/wp-content\/uploads\/2022\/04\/johann-elias_prothmann_im_fluss_der_zeit.mp3?_=1\" \/><a href=\"http:\/\/www.literaturtelefon-online.de\/wp-content\/uploads\/2022\/04\/johann-elias_prothmann_im_fluss_der_zeit.mp3\">http:\/\/www.literaturtelefon-online.de\/wp-content\/uploads\/2022\/04\/johann-elias_prothmann_im_fluss_der_zeit.mp3<\/a><\/audio><br \/>\n<br \/>\n<img loading=\"lazy\" decoding=\"async\" class=\"alignright size-full wp-image-4383\" style=\"margin-left: 40px;\" src=\"http:\/\/www.literaturtelefon-online.de\/wp-content\/uploads\/2022\/04\/johann-elias_prothmann.jpg\" alt=\"\" width=\"300\" height=\"435\" srcset=\"http:\/\/www.literaturtelefon-online.de\/wp-content\/uploads\/2022\/04\/johann-elias_prothmann.jpg 300w, http:\/\/www.literaturtelefon-online.de\/wp-content\/uploads\/2022\/04\/johann-elias_prothmann-207x300.jpg 207w\" sizes=\"auto, (max-width: 300px) 100vw, 300px\" \/>Die Kurzgeschichte handelt von den \u00c4ngsten und Sorgen eines Jugendlichen, die sich, wie der Titel bereits andeutet, im Laufe der Jahre immer wieder ver\u00e4ndern. Im Mittelpunkt steht dabei der Klimawandel, der dystopische Ausma\u00dfe annimmt, bis sich der Protagonist in einer kargen und lebensfeindlichen Welt wiederfindet.<\/p>\n<p>Die Jury urteilte: Der Text besch\u00e4ftigt \u201esich mit einem der wohl gr\u00f6\u00dften und dr\u00e4ngendsten Probleme unserer Zeit. [&#8230;] W\u00e4hrend die Zeit zu rennen scheint, bilden die einzelnen Szenen einen ruhigen, beinahe schon stillstehenden Kontrast. Dieser Gegensatz von rasender Zeit und Stillstand ist dabei symptomatisch f\u00fcr die geschilderte \u2013 unsere \u2013 Welt. Der Protagonist erscheint uns in verschiedenen Generationen. Als Jugendlicher, Erwachsener und Greis durchl\u00e4uft er verschiedene Stadien der Hoffnungslosigkeit, aber auch der Unschl\u00fcssigkeit dar\u00fcber, was er konkret ver\u00e4ndern k\u00f6nnte. So reist er quasi durch die Zeit und bildet zugleich die verschiedenen Generationen unserer Gegenwart ab. Die Hoffnung bleibt dabei immer erhalten \u2013 in Form der kindlichen Zuversicht.\u201c<\/p>\n<p>Johann-Elias Prothmann wurde 2004 in Eutin geboren, zog allerdings mit seiner Familie wenige Jahre sp\u00e4ter in ein einsam gelegenes Haus mitten im Naturpark Lauenburgerische Seen. Da in seiner Familie schon immer ein ausgepr\u00e4gtes Interesse an Literatur bestand, wurde ihm diese Eigenschaft quasi in die Wiege gelegt. Bevor er seine Kurzgeschichte <em>\u201eIm Fluss der Zeit\u201c<\/em> beim Jungen Literaturpreis SH einreichte, verlie\u00dfen seine Geschichten nie den engeren Freundeskreis.<\/p>\n<p>Die Texte aller Preistr\u00e4ger*innen sind nachzulesen unter: <a href=\"https:\/\/flsh-kiel.de\/2022\/04\/20\/hurra-die-texte-der-preistraeger-innen-2022\/\" target=\"_blank\" rel=\"noopener noreferrer\">www.flsh-kiel.de<\/a>.<\/p>\n<p>Foto: Marco Ehrhardt<\/p>\n<p>literaturtelefon-online.de | Telefon: 0431\/901-8888<\/p>\n<\/div>\n","protected":false},"excerpt":{"rendered":"<p>Am Literaturtelefon unter der Rufnummer 0431\/901-8888 und auf www.literaturtelefon-online.de waren in den letzten Wochen die Preistr\u00e4ger*innen des vom Freundeskreis des Literaturhauses Schleswig-Holstein e.V. ausgeschriebenen Jungen Literaturpreises S.-H. 2022 zu h\u00f6ren. Johann-Elias Prothmann beendet den Reigen mit einer f\u00fcr die Lesung gek\u00fcrzten Version seines Texts \u201eIm Fluss der Zeit\u201c, mit dem er den 3. Platz belegte. [&hellip;]<\/p>\n","protected":false},"author":6,"featured_media":0,"parent":4360,"menu_order":2,"comment_status":"closed","ping_status":"closed","template":"","meta":{"footnotes":""},"class_list":["post-4368","page","type-page","status-publish","hentry"],"_links":{"self":[{"href":"http:\/\/www.literaturtelefon-online.de\/index.php?rest_route=\/wp\/v2\/pages\/4368","targetHints":{"allow":["GET"]}}],"collection":[{"href":"http:\/\/www.literaturtelefon-online.de\/index.php?rest_route=\/wp\/v2\/pages"}],"about":[{"href":"http:\/\/www.literaturtelefon-online.de\/index.php?rest_route=\/wp\/v2\/types\/page"}],"author":[{"embeddable":true,"href":"http:\/\/www.literaturtelefon-online.de\/index.php?rest_route=\/wp\/v2\/users\/6"}],"replies":[{"embeddable":true,"href":"http:\/\/www.literaturtelefon-online.de\/index.php?rest_route=%2Fwp%2Fv2%2Fcomments&post=4368"}],"version-history":[{"count":9,"href":"http:\/\/www.literaturtelefon-online.de\/index.php?rest_route=\/wp\/v2\/pages\/4368\/revisions"}],"predecessor-version":[{"id":4408,"href":"http:\/\/www.literaturtelefon-online.de\/index.php?rest_route=\/wp\/v2\/pages\/4368\/revisions\/4408"}],"up":[{"embeddable":true,"href":"http:\/\/www.literaturtelefon-online.de\/index.php?rest_route=\/wp\/v2\/pages\/4360"}],"wp:attachment":[{"href":"http:\/\/www.literaturtelefon-online.de\/index.php?rest_route=%2Fwp%2Fv2%2Fmedia&parent=4368"}],"curies":[{"name":"wp","href":"https:\/\/api.w.org\/{rel}","templated":true}]}}