{"id":4364,"date":"2022-04-19T14:01:02","date_gmt":"2022-04-19T12:01:02","guid":{"rendered":"http:\/\/www.literaturtelefon-online.de\/?page_id=4364"},"modified":"2022-06-05T23:18:01","modified_gmt":"2022-06-05T21:18:01","slug":"junger-literaturpreis-s-h-2022-anouk-schaefer","status":"publish","type":"page","link":"http:\/\/www.literaturtelefon-online.de\/?page_id=4364","title":{"rendered":"Junger Literaturpreis S.-H. 2022: Anouk Schaefer"},"content":{"rendered":"<div style=\"text-align: justify;\">\n<p>Am Literaturtelefon unter der Rufnummer 0431\/901-8888 und auf www.literaturtelefon-online.de sind in den n\u00e4chsten Wochen die Preistr\u00e4ger*innen des vom Freundeskreis des Literaturhauses Schleswig-Holstein e.V. ausgeschriebenen Jungen Literaturpreises S.-H. 2022 zu h\u00f6ren. Anouk Schaefer gewann mit ihrem Text <em>\u201eMorgens zu zweit\u201c<\/em> den 2. Preis.<\/p>\n<p><!--[if lt IE 9]><script>document.createElement('audio');<\/script><![endif]-->\n<audio class=\"wp-audio-shortcode\" id=\"audio-4364-1\" preload=\"none\" style=\"width: 100%;\" controls=\"controls\"><source type=\"audio\/mpeg\" src=\"http:\/\/www.literaturtelefon-online.de\/wp-content\/uploads\/2022\/04\/anouk_schaefer_morgens_zu_zweit.mp3?_=1\" \/><a href=\"http:\/\/www.literaturtelefon-online.de\/wp-content\/uploads\/2022\/04\/anouk_schaefer_morgens_zu_zweit.mp3\">http:\/\/www.literaturtelefon-online.de\/wp-content\/uploads\/2022\/04\/anouk_schaefer_morgens_zu_zweit.mp3<\/a><\/audio><br \/>\n<br \/>\n<img loading=\"lazy\" decoding=\"async\" class=\"alignright size-full wp-image-4375\" style=\"margin-left: 40px;\" src=\"http:\/\/www.literaturtelefon-online.de\/wp-content\/uploads\/2022\/04\/anouk_schaefer.jpg\" alt=\"\" width=\"300\" height=\"442\" srcset=\"http:\/\/www.literaturtelefon-online.de\/wp-content\/uploads\/2022\/04\/anouk_schaefer.jpg 300w, http:\/\/www.literaturtelefon-online.de\/wp-content\/uploads\/2022\/04\/anouk_schaefer-204x300.jpg 204w\" sizes=\"auto, (max-width: 300px) 100vw, 300px\" \/><em>\u201eMorgens zu zweit\u201c<\/em> ist eine Liebesgeschichte \u00fcber zwei Personen, die sich t\u00e4glich morgens auf dem Weg zur Arbeit in der Bahn treffen. Die 16-j\u00e4hrige Autorin erz\u00e4hlt die Geschichte aus der Sicht der beiden Figuren in wechselnden, inneren Monologen, in denen sie vor allem \u00fcber den jeweils anderen nachdenken.<\/p>\n<p>Das Urteil der Jury: \u201e\u2019Manchmal sagt gerade Schweigen mehr aus als alle Worte der Welt.\u2019 Damit sind wir bei dem Besonderen dieser Liebesgeschichte. Ein halbes Jahr fahren eine junge Frau und ein junger Mann zusammen in dem gleichen Zug, dem gleichen Waggon und sitzen einander gegen\u00fcber. Punkt, nichts passiert. Man h\u00f6rt die Fahrger\u00e4usche und sonst nichts.<br \/>\nSehr filigran entwickelt die Autorin in unaufgeregten, zarten, auf einander bezogenen, inneren Monologen die Beziehung zweier junger Menschen, die aufeinander zu driften. Sie treffen sich, quasseln aber nicht los, sondern denken sich zu einander hin und lernen sich erstaunlich gut kennen.<br \/>\nDieser Perspektivwechsel zwischen ihr und ihm, typografisch gekennzeichnet, gibt der Geschichte Spannung. Er entdeckt ihre Gr\u00fcbchen, ihre Sch\u00f6nheit. Sie spricht das erste Wort der ungesagten Gedanken der beiden. \u2013 Ein toller Abschluss der Erz\u00e4hlung mit dem mutigen Beginn eines Gespr\u00e4chs.\u201c<\/p>\n<p>Anouk Schaefer (geb. 2006) kommt aus Reinbek bei Hamburg. Sie besucht die 10. Klasse des Gymnasiums Wentorf im Geschichtsprofil.<\/p>\n<p>Die Texte aller Preistr\u00e4ger*innen sind nachzulesen unter: <a href=\"https:\/\/flsh-kiel.de\/2022\/04\/20\/hurra-die-texte-der-preistraeger-innen-2022\/\" target=\"_blank\" rel=\"noopener noreferrer\">www.flsh-kiel.de<\/a>.<\/p>\n<p>Foto: Marco Ehrhardt<\/p>\n<p>literaturtelefon-online.de | Telefon: 0431\/901-8888<\/p>\n<\/div>\n","protected":false},"excerpt":{"rendered":"<p>Am Literaturtelefon unter der Rufnummer 0431\/901-8888 und auf www.literaturtelefon-online.de sind in den n\u00e4chsten Wochen die Preistr\u00e4ger*innen des vom Freundeskreis des Literaturhauses Schleswig-Holstein e.V. ausgeschriebenen Jungen Literaturpreises S.-H. 2022 zu h\u00f6ren. Anouk Schaefer gewann mit ihrem Text \u201eMorgens zu zweit\u201c den 2. Preis. \u201eMorgens zu zweit\u201c ist eine Liebesgeschichte \u00fcber zwei Personen, die sich t\u00e4glich morgens [&hellip;]<\/p>\n","protected":false},"author":6,"featured_media":0,"parent":4360,"menu_order":1,"comment_status":"closed","ping_status":"closed","template":"","meta":{"footnotes":""},"class_list":["post-4364","page","type-page","status-publish","hentry"],"_links":{"self":[{"href":"http:\/\/www.literaturtelefon-online.de\/index.php?rest_route=\/wp\/v2\/pages\/4364","targetHints":{"allow":["GET"]}}],"collection":[{"href":"http:\/\/www.literaturtelefon-online.de\/index.php?rest_route=\/wp\/v2\/pages"}],"about":[{"href":"http:\/\/www.literaturtelefon-online.de\/index.php?rest_route=\/wp\/v2\/types\/page"}],"author":[{"embeddable":true,"href":"http:\/\/www.literaturtelefon-online.de\/index.php?rest_route=\/wp\/v2\/users\/6"}],"replies":[{"embeddable":true,"href":"http:\/\/www.literaturtelefon-online.de\/index.php?rest_route=%2Fwp%2Fv2%2Fcomments&post=4364"}],"version-history":[{"count":12,"href":"http:\/\/www.literaturtelefon-online.de\/index.php?rest_route=\/wp\/v2\/pages\/4364\/revisions"}],"predecessor-version":[{"id":4407,"href":"http:\/\/www.literaturtelefon-online.de\/index.php?rest_route=\/wp\/v2\/pages\/4364\/revisions\/4407"}],"up":[{"embeddable":true,"href":"http:\/\/www.literaturtelefon-online.de\/index.php?rest_route=\/wp\/v2\/pages\/4360"}],"wp:attachment":[{"href":"http:\/\/www.literaturtelefon-online.de\/index.php?rest_route=%2Fwp%2Fv2%2Fmedia&parent=4364"}],"curies":[{"name":"wp","href":"https:\/\/api.w.org\/{rel}","templated":true}]}}