{"id":4356,"date":"2022-04-19T13:51:11","date_gmt":"2022-04-19T11:51:11","guid":{"rendered":"http:\/\/www.literaturtelefon-online.de\/?page_id=4356"},"modified":"2022-05-22T22:33:15","modified_gmt":"2022-05-22T20:33:15","slug":"junger-literaturpreis-s-h-2022-laurin-j-lenschow","status":"publish","type":"page","link":"http:\/\/www.literaturtelefon-online.de\/?page_id=4356","title":{"rendered":"Junger Literaturpreis S.-H: 2022: Laurin J. Lenschow"},"content":{"rendered":"<div style=\"text-align: justify;\">\n<p>Am Literaturtelefon unter der Rufnummer 0431\/901-8888 und auf www.literaturtelefon-online.de sind in den n\u00e4chsten Wochen die Preistr\u00e4ger*innen des vom Freundeskreis des Literaturhauses Schleswig-Holstein e.V. ausgeschriebenen Jungen Literaturpreises S.-H. 2022 zu h\u00f6ren. Laurin Lenschow gewann mit seinem Text <em>\u201eDer verlorene Drachen\u201c<\/em> den 1. Preis.<\/p>\n<p><!--[if lt IE 9]><script>document.createElement('audio');<\/script><![endif]-->\n<audio class=\"wp-audio-shortcode\" id=\"audio-4356-1\" preload=\"none\" style=\"width: 100%;\" controls=\"controls\"><source type=\"audio\/mpeg\" src=\"http:\/\/www.literaturtelefon-online.de\/wp-content\/uploads\/2022\/04\/laurin_lenschow_der_verlorene_drachen.mp3?_=1\" \/><a href=\"http:\/\/www.literaturtelefon-online.de\/wp-content\/uploads\/2022\/04\/laurin_lenschow_der_verlorene_drachen.mp3\">http:\/\/www.literaturtelefon-online.de\/wp-content\/uploads\/2022\/04\/laurin_lenschow_der_verlorene_drachen.mp3<\/a><\/audio><br \/>\n<br \/>\n<img loading=\"lazy\" decoding=\"async\" class=\"alignright size-full wp-image-4380\" style=\"margin-left: 40px;\" src=\"http:\/\/www.literaturtelefon-online.de\/wp-content\/uploads\/2022\/04\/laurin_lenschow.jpg\" alt=\"\" width=\"300\" height=\"434\" srcset=\"http:\/\/www.literaturtelefon-online.de\/wp-content\/uploads\/2022\/04\/laurin_lenschow.jpg 300w, http:\/\/www.literaturtelefon-online.de\/wp-content\/uploads\/2022\/04\/laurin_lenschow-207x300.jpg 207w\" sizes=\"auto, (max-width: 300px) 100vw, 300px\" \/>Aus der Begr\u00fcndung der Jury: \u201eEin Mann besucht [w\u00e4hrend der Pandemie] seinen dementen Vater im Altenheim. Weder erkennt der seine Schwiegertochter, noch wei\u00df er, dass der Sohn ihn regelm\u00e4\u00dfig besucht.\u201c Aber ihn plagt das schlechte Gewissen, ein schlechter Vater gewesen zu sein. Um seinen Vater aufzuheitern, \u201eerz\u00e4hlt der Sohn eine r\u00fchrende Geschichte aus seiner Kindheit: Wie der Vater im Urlaub mit ihm zusammen einen Drachen steigen lie\u00df, wie der Drachen wegflog und der Vater mit ihm danach suchte. Wie sie beide gemeinsam ein nicht ganz ungef\u00e4hrliches Abenteuer bestanden und wie der Vater aufopferungsvoll f\u00fcr ihn, seinen Sohn sorgte, kurz: dass er doch ein guter Vater war. Der Vater ist dankbar f\u00fcr diese Geschichte, er glaubt sie nur zu gerne.\u201c<\/p>\n<p>Sp\u00e4ter \u201eerf\u00e4hrt die Ehefrau des Mannes, dass er das Abenteuer um den verlorenen Drachen nur erfunden hat, um seinen dementen Vater zu erfreuen. Tats\u00e4chlich hatte der Mann keine sch\u00f6ne Kindheit, sein Vater war \u00fcberhaupt kein guter Vater. Und doch wird der Sohn die Geschichte dem alten Mann immer wieder erz\u00e4hlen [&#8230;]\u201c, auch wenn es nur sein Traum von einem intakten Vater-Sohn-Verh\u00e4ltnis ist.<\/p>\n<p>\u201eDer Autor hat eine au\u00dferordentlich ber\u00fchrende Kurzgeschichte geschrieben. Er bedient sich zahlreicher Stilmittel, darunter Farbsymbolik bis hin zu Wortspielen [\u00fcber das L\u00e4cheln hinter der Maske]. Die Schlussfrage \u2013 auch an die Leser*innen bzw. Zuh\u00f6rer*innen &#8211; ist so direkt, dass man nicht umhin kommt, dar\u00fcber nachzudenken. G\u00e4nsehaut!\u201c<\/p>\n<p>Laurin J. Lenschow (geb. 2001) aus Kronshagen gewann schon vor 2022 dreimal einen Preis beim Jungen Literaturpreis S.-H.: 2017 den (nur in dem Jahr verliehenen) 4. Preis mit <em>\u201eErinnerung\u201c<\/em>. 2018 gewann er mit <a href=\"http:\/\/www.literaturtelefon-online.de\/?page_id=2866\"><em>\u201eFreiheit\u201c<\/em><\/a> den 3. Platz und war damit <a href=\"http:\/\/www.literaturtelefon-online.de\/?page_id=2866\">im Mai 2018 am Literaturtelefon<\/a> zu h\u00f6ren. 2020 errang er mit <a href=\"http:\/\/www.literaturtelefon-online.de\/?page_id=3641\"><em>\u201eWir sanieren auch Ihr Gewissen\u201c<\/em><\/a> den 1. Platz, <a href=\"http:\/\/www.literaturtelefon-online.de\/?page_id=3641\">am Literaturtelefon im Mai 2020<\/a> zu h\u00f6ren.<\/p>\n<p>Die Texte aller Preistr\u00e4ger*innen sind nachzulesen unter: <a href=\"https:\/\/flsh-kiel.de\/2022\/04\/20\/hurra-die-texte-der-preistraeger-innen-2022\/\" target=\"_blank\" rel=\"noopener noreferrer\">www.flsh-kiel.de<\/a>.<\/p>\n<p>Foto: Marco Ehrhardt<\/p>\n<p>literaturtelefon-online.de | Telefon: 0431\/901-8888<\/p>\n<\/div>\n","protected":false},"excerpt":{"rendered":"<p>Am Literaturtelefon unter der Rufnummer 0431\/901-8888 und auf www.literaturtelefon-online.de sind in den n\u00e4chsten Wochen die Preistr\u00e4ger*innen des vom Freundeskreis des Literaturhauses Schleswig-Holstein e.V. ausgeschriebenen Jungen Literaturpreises S.-H. 2022 zu h\u00f6ren. Laurin Lenschow gewann mit seinem Text \u201eDer verlorene Drachen\u201c den 1. Preis. Aus der Begr\u00fcndung der Jury: \u201eEin Mann besucht [w\u00e4hrend der Pandemie] seinen dementen [&hellip;]<\/p>\n","protected":false},"author":6,"featured_media":0,"parent":4326,"menu_order":3,"comment_status":"closed","ping_status":"closed","template":"","meta":{"footnotes":""},"class_list":["post-4356","page","type-page","status-publish","hentry"],"_links":{"self":[{"href":"http:\/\/www.literaturtelefon-online.de\/index.php?rest_route=\/wp\/v2\/pages\/4356","targetHints":{"allow":["GET"]}}],"collection":[{"href":"http:\/\/www.literaturtelefon-online.de\/index.php?rest_route=\/wp\/v2\/pages"}],"about":[{"href":"http:\/\/www.literaturtelefon-online.de\/index.php?rest_route=\/wp\/v2\/types\/page"}],"author":[{"embeddable":true,"href":"http:\/\/www.literaturtelefon-online.de\/index.php?rest_route=\/wp\/v2\/users\/6"}],"replies":[{"embeddable":true,"href":"http:\/\/www.literaturtelefon-online.de\/index.php?rest_route=%2Fwp%2Fv2%2Fcomments&post=4356"}],"version-history":[{"count":10,"href":"http:\/\/www.literaturtelefon-online.de\/index.php?rest_route=\/wp\/v2\/pages\/4356\/revisions"}],"predecessor-version":[{"id":4412,"href":"http:\/\/www.literaturtelefon-online.de\/index.php?rest_route=\/wp\/v2\/pages\/4356\/revisions\/4412"}],"up":[{"embeddable":true,"href":"http:\/\/www.literaturtelefon-online.de\/index.php?rest_route=\/wp\/v2\/pages\/4326"}],"wp:attachment":[{"href":"http:\/\/www.literaturtelefon-online.de\/index.php?rest_route=%2Fwp%2Fv2%2Fmedia&parent=4356"}],"curies":[{"name":"wp","href":"https:\/\/api.w.org\/{rel}","templated":true}]}}