{"id":4337,"date":"2022-04-17T16:04:14","date_gmt":"2022-04-17T14:04:14","guid":{"rendered":"http:\/\/www.literaturtelefon-online.de\/?page_id=4337"},"modified":"2022-05-08T23:08:44","modified_gmt":"2022-05-08T21:08:44","slug":"arezu-weitholz","status":"publish","type":"page","link":"http:\/\/www.literaturtelefon-online.de\/?page_id=4337","title":{"rendered":"Arezu Weitholz"},"content":{"rendered":"<div style=\"text-align: justify;\">\n<p>Am Literaturtelefon unter der Rufnummer 0431\/901-8888 und auf www.literaturtelefon-online.de liest die diesj\u00e4hrige Fallada-Preistr\u00e4gerin Arezu Weitholz aus ihrem im mareverlag erschienenen Roman <em>\u201eBeinahe Alaska\u201c<\/em>. Die Aufnahme entstand im Rahmen einer Lesung am 31.3.2022 im Literaturhaus Schleswig-Holstein.<\/p>\n<p><!--[if lt IE 9]><script>document.createElement('audio');<\/script><![endif]-->\n<audio class=\"wp-audio-shortcode\" id=\"audio-4337-1\" preload=\"none\" style=\"width: 100%;\" controls=\"controls\"><source type=\"audio\/mpeg\" src=\"http:\/\/www.literaturtelefon-online.de\/wp-content\/uploads\/2022\/04\/arezu_weitholz_beinahe_alaska.mp3?_=1\" \/><a href=\"http:\/\/www.literaturtelefon-online.de\/wp-content\/uploads\/2022\/04\/arezu_weitholz_beinahe_alaska.mp3\">http:\/\/www.literaturtelefon-online.de\/wp-content\/uploads\/2022\/04\/arezu_weitholz_beinahe_alaska.mp3<\/a><\/audio><br \/>\n<br \/>\n<img loading=\"lazy\" decoding=\"async\" class=\"alignright size-full wp-image-4340\" style=\"margin-left: 40px;\" src=\"http:\/\/www.literaturtelefon-online.de\/wp-content\/uploads\/2022\/04\/arezu_weitholz.jpg\" alt=\"\" width=\"300\" height=\"403\" srcset=\"http:\/\/www.literaturtelefon-online.de\/wp-content\/uploads\/2022\/04\/arezu_weitholz.jpg 300w, http:\/\/www.literaturtelefon-online.de\/wp-content\/uploads\/2022\/04\/arezu_weitholz-223x300.jpg 223w\" sizes=\"auto, (max-width: 300px) 100vw, 300px\" \/>Eine Fotografin begibt sich auf eine ber\u00fcckend sch\u00f6ne, an faszinierenden Bildern reiche Expeditionskreuzfahrt durch die Nordwestpassage und freut sich bereits auf die beeindruckenden Fotos, die sie ihrem Auftraggeber pr\u00e4sentieren wird. Doch kann man in der heutigen Zeit sachlich, neutral die Freuden einer Kreuzfahrt ohne Beigeschmack genie\u00dfen? Je n\u00e4her sie Alaska kommt, desto mehr zweifelt sie daran, zumal ihre Mitfahrer nicht zum Umdenken und Anderssein zu bewegen sind. Ihr Blick auf die anderen, die Natur und sich selbst ist so hintergr\u00fcndig-witzig wie warmherzig entlarvend und als das Schiff letztlich einen neuen Kurs einschlagen muss, begreift sie nach und nach, dass der Trick manchmal gerade im Beinahe-Ankommen besteht, auf Reisen wie im Leben.<\/p>\n<p>Arezu Weitholz (*1968), die seit den 1990er Jahren als Journalistin f\u00fcr verschiedene Magazine und \u00fcberregionale Tageszeitungen arbeitet und daneben zahlreiche Songtexte f\u00fcr erfolgreiche deutschsprachige Musiker schrieb und redigierte, deb\u00fctierte literarisch mit dem Lyrikband <em>\u201eMein lieber Fisch: vierundvierzig Fischgedichte\u201c<\/em> (2010). Ihr erster Roman, <em>\u201eWenn die Nacht am stillsten ist\u201c<\/em>, erschien 2012. F\u00fcr <em>\u201eBeinahe Alaska\u201c<\/em> erhielt Arezu Weitholz 2022 den Hans-Fallada-Preis.<\/p>\n<p>Autorin: <a href=\"http:\/\/www.arezu.net\" target=\"_blank\" rel=\"noopener\">www.arezu.net<\/a><\/p>\n<p><a href=\"https:\/\/de.wikipedia.org\/wiki\/Arezu_Weitholz\" target=\"_blank\" rel=\"noopener\">Wikipedia \u00fcber die Autorin<\/a><\/p>\n<p>Verlag: <a href=\"https:\/\/www.mare.de\/beinahe-alaska-8640\" target=\"_blank\" rel=\"noopener\">mareverlag<\/a><\/p>\n<p>Foto: Anne Hufnagl<\/p>\n<p>literaturtelefon-online.de | Telefon: 0431\/901-8888<\/p>\n<\/div>\n","protected":false},"excerpt":{"rendered":"<p>Am Literaturtelefon unter der Rufnummer 0431\/901-8888 und auf www.literaturtelefon-online.de liest die diesj\u00e4hrige Fallada-Preistr\u00e4gerin Arezu Weitholz aus ihrem im mareverlag erschienenen Roman \u201eBeinahe Alaska\u201c. Die Aufnahme entstand im Rahmen einer Lesung am 31.3.2022 im Literaturhaus Schleswig-Holstein. Eine Fotografin begibt sich auf eine ber\u00fcckend sch\u00f6ne, an faszinierenden Bildern reiche Expeditionskreuzfahrt durch die Nordwestpassage und freut sich bereits [&hellip;]<\/p>\n","protected":false},"author":6,"featured_media":0,"parent":4326,"menu_order":2,"comment_status":"closed","ping_status":"closed","template":"","meta":{"footnotes":""},"class_list":["post-4337","page","type-page","status-publish","hentry"],"_links":{"self":[{"href":"http:\/\/www.literaturtelefon-online.de\/index.php?rest_route=\/wp\/v2\/pages\/4337","targetHints":{"allow":["GET"]}}],"collection":[{"href":"http:\/\/www.literaturtelefon-online.de\/index.php?rest_route=\/wp\/v2\/pages"}],"about":[{"href":"http:\/\/www.literaturtelefon-online.de\/index.php?rest_route=\/wp\/v2\/types\/page"}],"author":[{"embeddable":true,"href":"http:\/\/www.literaturtelefon-online.de\/index.php?rest_route=\/wp\/v2\/users\/6"}],"replies":[{"embeddable":true,"href":"http:\/\/www.literaturtelefon-online.de\/index.php?rest_route=%2Fwp%2Fv2%2Fcomments&post=4337"}],"version-history":[{"count":6,"href":"http:\/\/www.literaturtelefon-online.de\/index.php?rest_route=\/wp\/v2\/pages\/4337\/revisions"}],"predecessor-version":[{"id":4354,"href":"http:\/\/www.literaturtelefon-online.de\/index.php?rest_route=\/wp\/v2\/pages\/4337\/revisions\/4354"}],"up":[{"embeddable":true,"href":"http:\/\/www.literaturtelefon-online.de\/index.php?rest_route=\/wp\/v2\/pages\/4326"}],"wp:attachment":[{"href":"http:\/\/www.literaturtelefon-online.de\/index.php?rest_route=%2Fwp%2Fv2%2Fmedia&parent=4337"}],"curies":[{"name":"wp","href":"https:\/\/api.w.org\/{rel}","templated":true}]}}