{"id":430,"date":"2012-12-05T11:34:52","date_gmt":"2012-12-05T09:34:52","guid":{"rendered":"http:\/\/www.literaturtelefon-online.de\/?page_id=430"},"modified":"2017-12-05T02:08:09","modified_gmt":"2017-12-05T00:08:09","slug":"finn-ole-heinrich","status":"publish","type":"page","link":"http:\/\/www.literaturtelefon-online.de\/?page_id=430","title":{"rendered":"Finn-Ole Heinrich"},"content":{"rendered":"<div style=\"text-align: justify;\">\n<p>Am Literaturtelefon unter 0431\/901-1156 und www.literaturtelefon-online.de liest Finn-Ole Heinrich aus seinem gemeinsam mit dem Musiker Spaceman Spiff performten Programm \u201eDu drehst den Kopf, ich dreh den Kopf\u201c den Text \u201eHelm auf\u201c. Die Aufnahme f\u00fcrs Literaturtelefon entstand bei der Leselounge im Kieler Literaturhaus S.-H. am 6.6.2012.<\/p>\n<p><iframe loading=\"lazy\" title=\"Finn-Ole Heinrich - &quot;Helm auf&quot;\" width=\"500\" height=\"375\" src=\"https:\/\/www.youtube.com\/embed\/2rzH3dp5jtk?feature=oembed\" frameborder=\"0\" allow=\"accelerometer; autoplay; clipboard-write; encrypted-media; gyroscope; picture-in-picture; web-share\" referrerpolicy=\"strict-origin-when-cross-origin\" allowfullscreen><\/iframe><\/p>\n<p>Der Autor Finn-Ole Heinrich und der Musiker Spaceman Spiff sind zwei ganz besondere Geschichtenerz\u00e4hler: Zwei Wortk\u00fcnstler, jeder f\u00fcr seine Ausdrucksform gefeiert, die seit einiger Zeit gemeinsame Sache machen. <\/p>\n<p><img loading=\"lazy\" decoding=\"async\" style=\"margin-left:40px;\" src=\"http:\/\/www.literaturtelefon-online.de\/wp-content\/uploads\/2012\/12\/finn-ole_heinrich_c_dylan_e_thompson.jpg\" alt=\"Finn-Ole Heinrich\" title=\"Finn-Ole Heinrich\" width=\"140\" height=\"183\" class=\"alignright size-full wp-image-431\" \/><\/p>\n<p>Bei ihren ersten Live-Auftritten schufen sie eine fast schon magische Atmosph\u00e4re, mit einfachen Songs und Texten, die ungew\u00f6hnlich nahe gehen und im richtigen Moment laut knallen.<\/p>\n<p>Kennengelernt haben sie sich in der LeseLounge des Literaturhauses S.-H., und nun kehren sie mit dem gemeinsamen Programm \u201eDu drehst den Kopf, ich dreh den Kopf\u201c zur\u00fcck. Ein Revival der besonderen Art.<\/p>\n<p>Autor:  <a href=\"http:\/\/www.finnoleheinrich.de\/\" target=\"_blank\">www.finnoleheinrich.de<\/a><\/p>\n<p>Foto: Dylan E. Thompson<\/p>\n<p>literaturtelefon-online.de | Telefon: 0431\/901-1156\n<\/p><\/div>\n","protected":false},"excerpt":{"rendered":"<p>Am Literaturtelefon unter 0431\/901-1156 und www.literaturtelefon-online.de liest Finn-Ole Heinrich aus seinem gemeinsam mit dem Musiker Spaceman Spiff performten Programm \u201eDu drehst den Kopf, ich dreh den Kopf\u201c den Text \u201eHelm auf\u201c. Die Aufnahme f\u00fcrs Literaturtelefon entstand bei der Leselounge im Kieler Literaturhaus S.-H. am 6.6.2012. Der Autor Finn-Ole Heinrich und der Musiker Spaceman Spiff sind [&hellip;]<\/p>\n","protected":false},"author":6,"featured_media":0,"parent":192,"menu_order":2,"comment_status":"open","ping_status":"open","template":"","meta":{"footnotes":""},"class_list":["post-430","page","type-page","status-publish","hentry"],"_links":{"self":[{"href":"http:\/\/www.literaturtelefon-online.de\/index.php?rest_route=\/wp\/v2\/pages\/430","targetHints":{"allow":["GET"]}}],"collection":[{"href":"http:\/\/www.literaturtelefon-online.de\/index.php?rest_route=\/wp\/v2\/pages"}],"about":[{"href":"http:\/\/www.literaturtelefon-online.de\/index.php?rest_route=\/wp\/v2\/types\/page"}],"author":[{"embeddable":true,"href":"http:\/\/www.literaturtelefon-online.de\/index.php?rest_route=\/wp\/v2\/users\/6"}],"replies":[{"embeddable":true,"href":"http:\/\/www.literaturtelefon-online.de\/index.php?rest_route=%2Fwp%2Fv2%2Fcomments&post=430"}],"version-history":[{"count":7,"href":"http:\/\/www.literaturtelefon-online.de\/index.php?rest_route=\/wp\/v2\/pages\/430\/revisions"}],"predecessor-version":[{"id":2697,"href":"http:\/\/www.literaturtelefon-online.de\/index.php?rest_route=\/wp\/v2\/pages\/430\/revisions\/2697"}],"up":[{"embeddable":true,"href":"http:\/\/www.literaturtelefon-online.de\/index.php?rest_route=\/wp\/v2\/pages\/192"}],"wp:attachment":[{"href":"http:\/\/www.literaturtelefon-online.de\/index.php?rest_route=%2Fwp%2Fv2%2Fmedia&parent=430"}],"curies":[{"name":"wp","href":"https:\/\/api.w.org\/{rel}","templated":true}]}}