{"id":4297,"date":"2022-02-13T19:50:54","date_gmt":"2022-02-13T17:50:54","guid":{"rendered":"http:\/\/www.literaturtelefon-online.de\/?page_id=4297"},"modified":"2022-04-17T18:59:47","modified_gmt":"2022-04-17T16:59:47","slug":"antje-ravik-strubel","status":"publish","type":"page","link":"http:\/\/www.literaturtelefon-online.de\/?page_id=4297","title":{"rendered":"Antje R\u00e1vik Strubel"},"content":{"rendered":"<div style=\"text-align: justify;\">\n<p>Am Literaturtelefon unter der Rufnummer 0431\/901-8888 und auf www.literaturtelefon-online.de liest Antje R\u00e1vik Strubel aus ihrem 2021 bei S. Fischer erschienenen Roman <em>\u201eBlaue Frau\u201c<\/em>. Die Aufnahme entstand im Rahmen einer Lesung am 18.2.2022 im Literaturhaus Schleswig-Holstein.<\/p>\n<p><!--[if lt IE 9]><script>document.createElement('audio');<\/script><![endif]-->\n<audio class=\"wp-audio-shortcode\" id=\"audio-4297-1\" preload=\"none\" style=\"width: 100%;\" controls=\"controls\"><source type=\"audio\/mpeg\" src=\"http:\/\/www.literaturtelefon-online.de\/wp-content\/uploads\/2022\/02\/antje_ravik_strubel_blaue_frau.mp3?_=1\" \/><a href=\"http:\/\/www.literaturtelefon-online.de\/wp-content\/uploads\/2022\/02\/antje_ravik_strubel_blaue_frau.mp3\">http:\/\/www.literaturtelefon-online.de\/wp-content\/uploads\/2022\/02\/antje_ravik_strubel_blaue_frau.mp3<\/a><\/audio><br \/>\n<br \/>\n<img loading=\"lazy\" decoding=\"async\" class=\"alignright size-full wp-image-4299\" style=\"margin-left: 40px;\" src=\"http:\/\/www.literaturtelefon-online.de\/wp-content\/uploads\/2022\/02\/antje_ravic_strubel.jpg\" alt=\"\" width=\"300\" height=\"399\" srcset=\"http:\/\/www.literaturtelefon-online.de\/wp-content\/uploads\/2022\/02\/antje_ravic_strubel.jpg 300w, http:\/\/www.literaturtelefon-online.de\/wp-content\/uploads\/2022\/02\/antje_ravic_strubel-226x300.jpg 226w\" sizes=\"auto, (max-width: 300px) 100vw, 300px\" \/>Adina wuchs als letzter Teenager ihres Dorfs im tschechischen Riesengebirge auf und sehnte sich schon als Kind in die Ferne. Mit ihr greift Antje R\u00e1vik Strubel eine Figur aus ihrem fr\u00fchen Roman <em>\u201eUnter Schnee\u201c<\/em> (2001) wieder auf. Nun ist Adina 20 Jahre alt und lernt bei einem Sprachkurs in Berlin die Fotografin Rickie kennen, die ihr ein Praktikum in einem neu entstehenden Kulturhaus in der Uckermark vermittelt. Unsichtbar gemacht von einem sexuellen \u00dcbergriff, den keiner ernst nimmt, strandet Adina nach einer Irrfahrt in Helsinki. Im Hotel, in dem sie schwarzarbeitet, begegnet sie dem estnischen Professor Leonides, Abgeordneter der EU, der sich in sie verliebt. W\u00e4hrend er sich f\u00fcr die Menschenrechte stark macht, sucht Adina einen Ausweg aus dem inneren Exil.<em>\u201eBlaue Frau\u201c<\/em> ist eine Geschichte \u00fcber Macht und Machtmissbrauch um eine junge Frau aus Osteuropa, die an verschiedenen Orten ihr Gl\u00fcck sucht, aber nur dunkle Ohnmacht und scheiternde Kommunikation findet.<\/p>\n<p>F\u00fcr ihre Prosaarbeiten und H\u00f6rspiele seit 2000 wurde Antje R\u00e1vik Strubel mit zahlreichen Preisen geehrt. Ihr Roman <em>\u201eK\u00e4ltere Schichten der Luft\u201c<\/em> (2007) war f\u00fcr den Preis der Leipziger Buchmesse nominiert und wurde mit dem Rheingau-Literatur-Preis sowie dem Hermann-Hesse-Preis ausgezeichnet, der Roman <em>\u201eSturz der Tage in die Nacht\u201c<\/em> (2011) stand auf der Longlist des Deutschen Buchpreises. Ihr j\u00fcngster Roman <em>\u201eBlaue Frau\u201c<\/em> wurde mit dem Deutschen Buchpreis 2021 ausgezeichnet.<\/p>\n<p>Antje R\u00e1vik Strubel wurde mit einem Stipendium in die Villa Aurora in Los Angeles eingeladen sowie als Writer in residence 2012 an das Helsinki Collegium for Advanced Studies. 2019 erhielt sie den Preis der Literaturh\u00e4user. Sie \u00fcbersetzt aus dem Englischen und Schwedischen u.a. Joan Didion, Lena Andersson, Lucia Berlin und Virginia Woolf. Antje R\u00e1vik Strubel lebt und arbeitet in Potsdam.<\/p>\n<p>Autorin: <a href=\"http:\/\/www.antjestrubel.de\" target=\"_blank\" rel=\"noopener\">www.antjestrubel.de<\/a><\/p>\n<p><a href=\"https:\/\/de.wikipedia.org\/wiki\/Antje_R%C3%A1vik_Strubel\" target=\"_blank\" rel=\"noopener\">Wikipedia \u00fcber die Autorin<\/a><\/p>\n<p>Verlag: <a href=\"https:\/\/www.fischerverlage.de\/buch\/antje-ravik-strubel-blaue-frau-9783103971019\" target=\"_blank\" rel=\"noopener\">S. Fischer Verlage<\/a><\/p>\n<p>Foto: Philipp von der Heydt<\/p>\n<p>literaturtelefon-online.de | Telefon: 0431\/901-8888<\/p>\n<\/div>\n","protected":false},"excerpt":{"rendered":"<p>Am Literaturtelefon unter der Rufnummer 0431\/901-8888 und auf www.literaturtelefon-online.de liest Antje R\u00e1vik Strubel aus ihrem 2021 bei S. Fischer erschienenen Roman \u201eBlaue Frau\u201c. Die Aufnahme entstand im Rahmen einer Lesung am 18.2.2022 im Literaturhaus Schleswig-Holstein. Adina wuchs als letzter Teenager ihres Dorfs im tschechischen Riesengebirge auf und sehnte sich schon als Kind in die Ferne. [&hellip;]<\/p>\n","protected":false},"author":6,"featured_media":0,"parent":4281,"menu_order":2,"comment_status":"closed","ping_status":"closed","template":"","meta":{"footnotes":""},"class_list":["post-4297","page","type-page","status-publish","hentry"],"_links":{"self":[{"href":"http:\/\/www.literaturtelefon-online.de\/index.php?rest_route=\/wp\/v2\/pages\/4297","targetHints":{"allow":["GET"]}}],"collection":[{"href":"http:\/\/www.literaturtelefon-online.de\/index.php?rest_route=\/wp\/v2\/pages"}],"about":[{"href":"http:\/\/www.literaturtelefon-online.de\/index.php?rest_route=\/wp\/v2\/types\/page"}],"author":[{"embeddable":true,"href":"http:\/\/www.literaturtelefon-online.de\/index.php?rest_route=\/wp\/v2\/users\/6"}],"replies":[{"embeddable":true,"href":"http:\/\/www.literaturtelefon-online.de\/index.php?rest_route=%2Fwp%2Fv2%2Fcomments&post=4297"}],"version-history":[{"count":7,"href":"http:\/\/www.literaturtelefon-online.de\/index.php?rest_route=\/wp\/v2\/pages\/4297\/revisions"}],"predecessor-version":[{"id":4348,"href":"http:\/\/www.literaturtelefon-online.de\/index.php?rest_route=\/wp\/v2\/pages\/4297\/revisions\/4348"}],"up":[{"embeddable":true,"href":"http:\/\/www.literaturtelefon-online.de\/index.php?rest_route=\/wp\/v2\/pages\/4281"}],"wp:attachment":[{"href":"http:\/\/www.literaturtelefon-online.de\/index.php?rest_route=%2Fwp%2Fv2%2Fmedia&parent=4297"}],"curies":[{"name":"wp","href":"https:\/\/api.w.org\/{rel}","templated":true}]}}