{"id":4283,"date":"2022-02-13T17:04:11","date_gmt":"2022-02-13T15:04:11","guid":{"rendered":"http:\/\/www.literaturtelefon-online.de\/?page_id=4283"},"modified":"2022-03-27T22:35:19","modified_gmt":"2022-03-27T20:35:19","slug":"joerg-roennau","status":"publish","type":"page","link":"http:\/\/www.literaturtelefon-online.de\/?page_id=4283","title":{"rendered":"J\u00f6rg R\u00f6nnau"},"content":{"rendered":"<div style=\"text-align: justify;\">\n<p>Am Literaturtelefon unter 0431\/901-8888 und www.literaturtelefon-online.de liest J\u00f6rg R\u00f6nnau aus seinem ersten plattdeutschen Krimi <em>\u201eGrulich Fund\u201c<\/em>, der am 22. M\u00e4rz 2022 im Quickborn Verlag erschienenen ist.<\/p>\n<p><!--[if lt IE 9]><script>document.createElement('audio');<\/script><![endif]-->\n<audio class=\"wp-audio-shortcode\" id=\"audio-4283-1\" preload=\"none\" style=\"width: 100%;\" controls=\"controls\"><source type=\"audio\/mpeg\" src=\"http:\/\/www.literaturtelefon-online.de\/wp-content\/uploads\/2022\/02\/joerg_roennau_grulich_fund.mp3?_=1\" \/><a href=\"http:\/\/www.literaturtelefon-online.de\/wp-content\/uploads\/2022\/02\/joerg_roennau_grulich_fund.mp3\">http:\/\/www.literaturtelefon-online.de\/wp-content\/uploads\/2022\/02\/joerg_roennau_grulich_fund.mp3<\/a><\/audio><br \/>\n<br \/>\nDie Heimatdichter Theodor Storm und Klaus Groth geraten im Sommer 1869 zuf\u00e4llig in die Geschehnisse zweier Morde, die an Edelprostituierten begangen wurden, und sie beginnen damit, den Beh\u00f6rden ins Handwerk zu pfuschen und eigene Ermittlungen anzustellen. Zudem m\u00f6chte Theodor Storm die sozialen und famili\u00e4ren Hintergr\u00fcnde der Frauen kennenlernen, um zu verstehen, warum sie in die Situation kamen, diesem Gewerbe nachzugehen.<\/p>\n<p>Die beiden dichtenden Amateurdetektive suchen die Familienangeh\u00f6rigen der Mordopfer auf. Dazu reisen sie mehrere Tage lang quer durch Schleswig-Holstein. Als sie einen guten Freund der beiden Ermordeten ausfindig gemacht haben, reden Storm und Groth auch mit ihm. W\u00e4hrend er ihnen mitteilen will, warum die Frauen wahrscheinlich get\u00f6tet wurden, wird er vor ihren Augen aus dem Hinterhalt erschossen &#8230;<\/p>\n<p><img loading=\"lazy\" decoding=\"async\" class=\"alignright size-full wp-image-4286\" style=\"margin-left: 40px;\" src=\"http:\/\/www.literaturtelefon-online.de\/wp-content\/uploads\/2022\/02\/joerg_roennau.jpg\" alt=\"\" width=\"300\" height=\"385\" srcset=\"http:\/\/www.literaturtelefon-online.de\/wp-content\/uploads\/2022\/02\/joerg_roennau.jpg 300w, http:\/\/www.literaturtelefon-online.de\/wp-content\/uploads\/2022\/02\/joerg_roennau-234x300.jpg 234w\" sizes=\"auto, (max-width: 300px) 100vw, 300px\" \/>J\u00f6rg R\u00f6nnau wurde 1961 in Pl\u00f6n geboren und ist dort aufgewachsen. Nach seiner Ausbildung zum staatlich examinierten Krankenpfleger war er mehr als 30 Jahre an verschiedenen Krankenh\u00e4usern in ganz Schleswig-Holstein t\u00e4tig. R\u00f6nnau ist gl\u00fccklicher Ehemann und Vater von zwei inzwischen erwachsenen Kindern. Er lebt zusammen mit seiner Frau und zwei \u201ev\u00f6llig durchgeknallten\u201c Katzen in einem kleinen Haus am Rande der Holsteinischen Schweiz in der N\u00e4he von Kiel.<\/p>\n<p>R\u00f6nnau ist Mitglied im <a href=\"http:\/\/www.kielerkrimikartell.de\" target=\"_blank\" rel=\"noopener noreferrer\">\u201eKieler Krimi Kartell\u201c<\/a> und im Verband Schriftsteller in Schleswig-Holstein e.V. Auf seiner Webseite charakterisiert er sich stichwortartig so: gl\u00fccklicher Ehemann und Vater, Holsteiner Sturkopp, Gern-Schleswig-Holsteiner, Plattsnacker, l\u00fctt b\u00fcschen spleenig, Nord- und Ostsee-verliebt, Meermensch, norddeutsches Urgestein, Espresso-Junkie, Gourmet, Vielleser und schreibbesessen, Fotofreak (siehe Instagram), TV-Muffel, Felis silvestris f. catus-Liebhaber.<\/p>\n<p>Bisherige Ver\u00f6ffentlichungen:<\/p>\n<ul>\n<li>2015: Regionalkrimi <em>\u201eKillerfrosch \u2013 Hetzjagd \u00fcber die Ostsee\u201c<\/em>, Waldhardt Verlag<\/li>\n<li>2016: Regionalkrimi <em>\u201eSlawenbrut \u2013 Die Kinder des Fluchs\u201c<\/em>, Waldhardt Verlag<\/li>\n<li>Fr\u00fchjahr 2019: Plattdeutsches Gedicht im Kalender \u201eVo\u00df un Haas\u201c, Hinstorff Verlag<\/li>\n<li>2019: Spionage-Krimi <em>\u201eDer K\u00e4pt\u2019n \u2013 Jenseits der See\u201c<\/em>, Maximum Verlag<\/li>\n<li>2020: Regionalkrimi <em>\u201eKriegsgold\u201c<\/em>, Maximum Verlag<\/li>\n<\/ul>\n<p>Zuletzt las J\u00f6rg R\u00f6nnau am Literaturtelefon im <a href=\"http:\/\/www.literaturtelefon-online.de\/?page_id=3993\">Mai 2021 aus seinem Regionalkrimi <em>\u201eKriegsgold\u201c<\/em><\/a>.<\/p>\n<p>Autor: <a href=\"http:\/\/www.j\u00f6rgr\u00f6nnau.de\" target=\"_blank\" rel=\"noopener noreferrer\">www.j\u00f6rgr\u00f6nnau.de<\/a>, <a href=\"http:\/\/www.instagram.com\/joerg.roennau\/\" target=\"_blank\" rel=\"noopener noreferrer\">www.instagram.com\/joerg.roennau\/<\/a><\/p>\n<p>Verlag: <a href=\"https:\/\/www.quickborn-verlag.de\/titel.php?ISBN=978-3-87651-487-1\" target=\"_blank\" rel=\"noopener\">Quickborn Verlag<\/a><\/p>\n<p>Foto: J\u00f6rg R\u00f6nnau<\/p>\n<p>literaturtelefon-online.de | Telefon: 0431\/901-8888<\/p>\n<\/div>\n","protected":false},"excerpt":{"rendered":"<p>Am Literaturtelefon unter 0431\/901-8888 und www.literaturtelefon-online.de liest J\u00f6rg R\u00f6nnau aus seinem ersten plattdeutschen Krimi \u201eGrulich Fund\u201c, der am 22. M\u00e4rz 2022 im Quickborn Verlag erschienenen ist. Die Heimatdichter Theodor Storm und Klaus Groth geraten im Sommer 1869 zuf\u00e4llig in die Geschehnisse zweier Morde, die an Edelprostituierten begangen wurden, und sie beginnen damit, den Beh\u00f6rden ins [&hellip;]<\/p>\n","protected":false},"author":6,"featured_media":0,"parent":4281,"menu_order":1,"comment_status":"closed","ping_status":"closed","template":"","meta":{"footnotes":""},"class_list":["post-4283","page","type-page","status-publish","hentry"],"_links":{"self":[{"href":"http:\/\/www.literaturtelefon-online.de\/index.php?rest_route=\/wp\/v2\/pages\/4283","targetHints":{"allow":["GET"]}}],"collection":[{"href":"http:\/\/www.literaturtelefon-online.de\/index.php?rest_route=\/wp\/v2\/pages"}],"about":[{"href":"http:\/\/www.literaturtelefon-online.de\/index.php?rest_route=\/wp\/v2\/types\/page"}],"author":[{"embeddable":true,"href":"http:\/\/www.literaturtelefon-online.de\/index.php?rest_route=\/wp\/v2\/users\/6"}],"replies":[{"embeddable":true,"href":"http:\/\/www.literaturtelefon-online.de\/index.php?rest_route=%2Fwp%2Fv2%2Fcomments&post=4283"}],"version-history":[{"count":11,"href":"http:\/\/www.literaturtelefon-online.de\/index.php?rest_route=\/wp\/v2\/pages\/4283\/revisions"}],"predecessor-version":[{"id":4296,"href":"http:\/\/www.literaturtelefon-online.de\/index.php?rest_route=\/wp\/v2\/pages\/4283\/revisions\/4296"}],"up":[{"embeddable":true,"href":"http:\/\/www.literaturtelefon-online.de\/index.php?rest_route=\/wp\/v2\/pages\/4281"}],"wp:attachment":[{"href":"http:\/\/www.literaturtelefon-online.de\/index.php?rest_route=%2Fwp%2Fv2%2Fmedia&parent=4283"}],"curies":[{"name":"wp","href":"https:\/\/api.w.org\/{rel}","templated":true}]}}