{"id":4274,"date":"2022-02-13T15:01:51","date_gmt":"2022-02-13T13:01:51","guid":{"rendered":"http:\/\/www.literaturtelefon-online.de\/?page_id=4274"},"modified":"2022-06-28T23:25:44","modified_gmt":"2022-06-28T21:25:44","slug":"lisa-krusche","status":"publish","type":"page","link":"http:\/\/www.literaturtelefon-online.de\/?page_id=4274","title":{"rendered":"Lisa Krusche"},"content":{"rendered":"<div style=\"text-align: justify;\">\n<p>Am Literaturtelefon unter der Rufnummer 0431\/901-8888 und auf www.literaturtelefon-online.de liest Lisa Krusche aus ihrem im April 2021 bei S. Fischer erschienenen Roman <em>\u201eUnsere anarchistischen Herzen\u201c<\/em>. Die Aufnahme entstand im Rahmen der LeseLounge am 9.2.2022 im Literaturhaus Schleswig-Holstein.<\/p>\n<p>(<em>Der Audio-Beitrag wurde auf Wunsch des Verlages nach drei Monaten Laufzeit gel\u00f6scht.<\/em>)<\/p>\n<p><img loading=\"lazy\" decoding=\"async\" class=\"alignright size-full wp-image-4278\" style=\"margin-left: 40px;\" src=\"http:\/\/www.literaturtelefon-online.de\/wp-content\/uploads\/2022\/02\/lisa_krusche.jpg\" alt=\"\" width=\"300\" height=\"407\" srcset=\"http:\/\/www.literaturtelefon-online.de\/wp-content\/uploads\/2022\/02\/lisa_krusche.jpg 300w, http:\/\/www.literaturtelefon-online.de\/wp-content\/uploads\/2022\/02\/lisa_krusche-221x300.jpg 221w\" sizes=\"auto, (max-width: 300px) 100vw, 300px\" \/>Zwei junge Frauen, Charles und Gwen: Charles muss mit ihren Post-Hippie-Eltern aufs Land ziehen und will da unter keinen Umst\u00e4nden hin. Auf einen Kiosk, eine Palme und das Internet ist zum Gl\u00fcck noch Verlass. Und Gwen? Sie wohnt ganz in der N\u00e4he und f\u00fchrt dort unbemerkt ein wildes, schmutziges Leben, um dem Wohlstand ihrer Eltern zu entkommen. Das Geld, das sie den Jungs aus der Tasche zieht, w\u00e4hrend sie mit ihnen schl\u00e4ft, spendet sie. Dass die beiden sich kennenlernen, ist definitiv \u00fcberf\u00e4llig.Lisa Krusche erz\u00e4hlt in ihrem Deb\u00fctroman von den Zumutungen des gegenw\u00e4rtigen Lebens. Wie soll man eigentlich rebellieren, wenn sich alles schon verloren anf\u00fchlt? Was einem bleibt, ist die Freundschaft. Und die entwickelt eine explosive Kraft.<\/p>\n<p>Lisa Krusche, geboren 1990 in Hildesheim, lebt und arbeitet in Braunschweig. Sie studierte Germanistik und Kunstwissenschaften an der Hochschule f\u00fcr Bildende K\u00fcnste in Braunschweig (HBK) und ver\u00f6ffentlichte u.a. Essays in Zeitschriften und Anthologien, etwa in <em>\u201eMindstate Malibu. Kritik ist auch nur eine Form des Eskapismus\u201c<\/em>. 2019 erhielt sie den Edit Radio Essaypreis, 2020 den Hans-im-Gl\u00fcck-Preis f\u00fcr Nachwuchsautor*innen und den Deutschlandfunk-Preis bei den 44. Tagen der deutschsprachigen Literatur in Klagenfurt. <em>\u201eUnsere anarchistischen Herzen\u201c<\/em> stand 2021 auf der Shortlist des 42. aspekte-Literaturpreises. 2021 erhielt sie auch das LCB-Aufenthaltsstipendium des Berliner Senats.<\/p>\n<\/div>\n<div>Autorin: <a href=\"http:\/\/www.lisakrusche.com\" target=\"_blank\" rel=\"noopener\">www.lisakrusche.com<\/a><\/div>\n<div style=\"text-align: justify;\">\n<p><a href=\"https:\/\/de.wikipedia.org\/wiki\/Lisa_Krusche\" target=\"_blank\" rel=\"noopener\">Wikipedia \u00fcber die Autorin<\/a><\/p>\n<p>Verlag: <a href=\"https:\/\/www.fischerverlage.de\/buch\/lisa-krusche-unsere-anarchistischen-herzen-9783103970517\" target=\"_blank\" rel=\"noopener\">S. Fischer Verlage<\/a><\/p>\n<p>Foto: Charlotte Krusche<\/p>\n<p>literaturtelefon-online.de | Telefon: 0431\/901-8888<\/p>\n<\/div>\n","protected":false},"excerpt":{"rendered":"<p>Am Literaturtelefon unter der Rufnummer 0431\/901-8888 und auf www.literaturtelefon-online.de liest Lisa Krusche aus ihrem im April 2021 bei S. Fischer erschienenen Roman \u201eUnsere anarchistischen Herzen\u201c. Die Aufnahme entstand im Rahmen der LeseLounge am 9.2.2022 im Literaturhaus Schleswig-Holstein. (Der Audio-Beitrag wurde auf Wunsch des Verlages nach drei Monaten Laufzeit gel\u00f6scht.) Zwei junge Frauen, Charles und Gwen: [&hellip;]<\/p>\n","protected":false},"author":6,"featured_media":0,"parent":4265,"menu_order":2,"comment_status":"closed","ping_status":"closed","template":"","meta":{"footnotes":""},"class_list":["post-4274","page","type-page","status-publish","hentry"],"_links":{"self":[{"href":"http:\/\/www.literaturtelefon-online.de\/index.php?rest_route=\/wp\/v2\/pages\/4274","targetHints":{"allow":["GET"]}}],"collection":[{"href":"http:\/\/www.literaturtelefon-online.de\/index.php?rest_route=\/wp\/v2\/pages"}],"about":[{"href":"http:\/\/www.literaturtelefon-online.de\/index.php?rest_route=\/wp\/v2\/types\/page"}],"author":[{"embeddable":true,"href":"http:\/\/www.literaturtelefon-online.de\/index.php?rest_route=\/wp\/v2\/users\/6"}],"replies":[{"embeddable":true,"href":"http:\/\/www.literaturtelefon-online.de\/index.php?rest_route=%2Fwp%2Fv2%2Fcomments&post=4274"}],"version-history":[{"count":5,"href":"http:\/\/www.literaturtelefon-online.de\/index.php?rest_route=\/wp\/v2\/pages\/4274\/revisions"}],"predecessor-version":[{"id":4428,"href":"http:\/\/www.literaturtelefon-online.de\/index.php?rest_route=\/wp\/v2\/pages\/4274\/revisions\/4428"}],"up":[{"embeddable":true,"href":"http:\/\/www.literaturtelefon-online.de\/index.php?rest_route=\/wp\/v2\/pages\/4265"}],"wp:attachment":[{"href":"http:\/\/www.literaturtelefon-online.de\/index.php?rest_route=%2Fwp%2Fv2%2Fmedia&parent=4274"}],"curies":[{"name":"wp","href":"https:\/\/api.w.org\/{rel}","templated":true}]}}